{"id":4191,"date":"2025-06-17T12:04:12","date_gmt":"2025-06-17T18:04:12","guid":{"rendered":"https:\/\/thealphacenter.org\/inicio\/divulgacion-de-las-practicas-de-privacidad-de-alpha-center\/"},"modified":"2025-06-17T12:04:12","modified_gmt":"2025-06-17T18:04:12","slug":"divulgacion-de-las-practicas-de-privacidad-de-alpha-center","status":"publish","type":"page","link":"https:\/\/thealphacenter.org\/es\/inicio\/divulgacion-de-las-practicas-de-privacidad-de-alpha-center\/","title":{"rendered":"Divulgaci\u00f3n de las pr\u00e1cticas de privacidad de Alpha Center"},"content":{"rendered":"<p class=\"p1\"><i>Nos preocupamos por la privacidad del paciente y nos comprometemos a proteger tu informaci\u00f3n m\u00e9dica. Esta Pol\u00edtica de Privacidad del Paciente (publicada aqu\u00ed y en el vest\u00edbulo de la cl\u00ednica) describe c\u00f3mo puede utilizarse y divulgarse tu informaci\u00f3n m\u00e9dica y c\u00f3mo puedes acceder a ella. Por favor, rev\u00edsala detenidamente.  <\/i><\/p>\n<h2 class=\"p3\">TUS DERECHOS<\/h2>\n<ul>\n<li class=\"p4\">Tienes derecho a una copia de tu historial m\u00e9dico. La ley de Colorado establece que debemos facilitar una copia en un plazo de 10 d\u00edas a partir de la solicitud en el caso de antiguos pacientes y en un plazo de 30 d\u00edas en el caso de pacientes actuales. <\/li>\n<li class=\"p4\">Si no est\u00e1s de acuerdo con la informaci\u00f3n sanitaria de tu expediente, puedes presentar una declaraci\u00f3n de desacuerdo haci\u00e9ndonos saber lo que consideras incorrecto o incompleto. Te responderemos por escrito en un plazo de 45 d\u00edas a partir de tu solicitud. Tenemos derecho a decir \u201cno\u201d a los cambios que sugieras, pero te explicaremos en nuestra respuesta por qu\u00e9 se deneg\u00f3 tu solicitud.  <\/li>\n<li class=\"p4\">Puedes designar el m\u00e9todo de comunicaci\u00f3n que prefieras (tel\u00e9fono, texto, correo electr\u00f3nico, etc.) y haremos todo lo posible por atender tu petici\u00f3n.<\/li>\n<li class=\"p4\">Puedes solicitar una copia de esta pol\u00edtica en cualquier momento o consultarla en www.thealphacenter.org\/privacy.<\/li>\n<li class=\"p4\">Si crees que hemos incumplido esta pol\u00edtica y hemos puesto en peligro la informaci\u00f3n sanitaria que te identifica, puedes presentar una queja ante el Fiscal General de Colorado. No tomaremos represalias contra ti por hacerlo. <\/li>\n<\/ul>\n<h2 class=\"p3\">TUS OPCIONES<\/h2>\n<ul>\n<li class=\"p4\">Puedes compartir con nosotros tus preferencias sobre qui\u00e9n y qu\u00e9 se comparte con tu familia, amigos \u00edntimos u otras personas implicadas en tu cuidado. Sin consentimiento expl\u00edcito, no se compartir\u00e1 informaci\u00f3n con ellos a menos que est\u00e9s inconsciente o exista una amenaza grave o inminente para tu salud o seguridad. Se tomar\u00e1n todas las medidas razonables para salvaguardar tus datos sensibles.  <\/li>\n<li class=\"p4\">No compartiremos tu informaci\u00f3n con terceros sin tu permiso por escrito.<\/li>\n<li class=\"p4\">Podemos ponernos en contacto contigo para recaudar fondos, pero puedes solicitar que te eliminemos de futuras actividades de recaudaci\u00f3n de fondos.<\/li>\n<\/ul>\n<h2 class=\"p3\">NUESTROS USOS Y DIVULGACIONES<\/h2>\n<ul>\n<li class=\"p4\">Con tu consentimiento por escrito, podemos compartir tus datos sanitarios con otros profesionales que te est\u00e9n tratando.<\/li>\n<li class=\"p4\">Podemos utilizar y compartir tus datos sanitarios para gestionar nuestra consulta, mejorar tu asistencia y ponernos en contacto contigo cuando sea necesario. Tambi\u00e9n compartiremos informaci\u00f3n sobre ti si as\u00ed lo exigen las leyes estatales o federales aplicables, como las relativas a la indemnizaci\u00f3n de los trabajadores, la aplicaci\u00f3n de la ley y otras solicitudes gubernamentales. <\/li>\n<li class=\"p4\">Podemos compartir informaci\u00f3n sanitaria sobre ti en respuesta a una orden judicial o administrativa o a una citaci\u00f3n judicial dentro de los l\u00edmites de la legislaci\u00f3n de Colorado.<\/li>\n<li class=\"p4\">Para usos distintos de \u00e9stos, normalmente obtendremos tu autorizaci\u00f3n por escrito.<\/li>\n<li class=\"p4\">Si eres paciente de Banner, los resultados de tus pruebas pueden aparecer en tu portal del paciente a medida que los laboratorios de Banner procesan nuestras pruebas.<\/li>\n<\/ul>\n<h2 class=\"p3\">NUESTRAS RESPONSABILIDADES<\/h2>\n<ul>\n<li class=\"p4\">Cumplimos todas las leyes estatales y federales aplicables para mantener la privacidad y seguridad de tu informaci\u00f3n sanitaria.<\/li>\n<li class=\"p4\">Seguiremos todas las leyes estatales y federales aplicables si se produce una infracci\u00f3n que pueda haber comprometido la privacidad y seguridad de tu informaci\u00f3n sanitaria.<\/li>\n<li class=\"p4\">No utilizaremos ni compartiremos tu informaci\u00f3n de forma distinta a la descrita aqu\u00ed, a menos que nos digas por escrito que podemos hacerlo. Si nos dices que podemos, puedes cambiar de opini\u00f3n en cualquier momento escribi\u00e9ndonos para rescindir tu permiso. <\/li>\n<\/ul>\n<h2 class=\"p3\">CAMBIOS EN LOS T\u00c9RMINOS DE ESTA POL\u00cdTICA DE PRIVACIDAD DEL PACIENTE<\/h2>\n<p class=\"p8\"><em>Podemos cambiar los t\u00e9rminos de esta pol\u00edtica, que se aplicar\u00e1 a toda la informaci\u00f3n que tengamos sobre ti. La nueva pol\u00edtica estar\u00e1 disponible previa solicitud en nuestra oficina y en esta p\u00e1gina. <\/em><\/p>\n<h2 class=\"p1\">Informaci\u00f3n de contacto del responsable de privacidad:<\/h2>\n<p class=\"p1\"><i>Tom Konstanty, Director de Operaciones, tomk thealphacenter.org<\/i><\/p>\n<p class=\"p1\"><i>Fecha de entrada en vigor de la notificaci\u00f3n: 1 de junio de 2025<\/i><\/p>\n<p>Para saber m\u00e1s sobre tus opciones de privacidad al utilizar  <a href=\"https:\/\/thealphacenter.org\/es\/\" data-wpel-link=\"internal\">Centro Alpha<\/a>haz clic en  <a href=\"https:\/\/thealphacenter.org\/es\/politica-de-privacidad\/\" data-wpel-link=\"internal\">aqu\u00ed<\/a>.<\/p>\n","protected":false},"excerpt":{"rendered":"<p>Nos preocupamos por la privacidad del paciente y nos comprometemos a proteger tu informaci\u00f3n m\u00e9dica. Esta Pol\u00edtica de Privacidad del Paciente (publicada aqu\u00ed y en el vest\u00edbulo de la cl\u00ednica) describe c\u00f3mo puede utilizarse y divulgarse tu informaci\u00f3n m\u00e9dica y c\u00f3mo puedes acceder a ella. Por favor, rev\u00edsala detenidamente. TUS DERECHOS Tienes derecho a una<\/p>\n","protected":false},"author":3,"featured_media":0,"parent":2889,"menu_order":0,"comment_status":"closed","ping_status":"closed","template":"","meta":{"_acf_changed":false,"footnotes":""},"class_list":["post-4191","page","type-page","status-publish","hentry"],"acf":[],"yoast_head":"<!-- This site is optimized with the Yoast SEO Premium plugin v27.0 (Yoast SEO v27.3) - https:\/\/yoast.com\/product\/yoast-seo-premium-wordpress\/ -->\n<title>Divulgaci\u00f3n de las pr\u00e1cticas de privacidad de Alpha Center - Alpha Center<\/title>\n<meta name=\"description\" content=\"La Pol\u00edtica de Privacidad del Paciente describe c\u00f3mo puede utilizarse y divulgarse tu informaci\u00f3n m\u00e9dica y c\u00f3mo puedes acceder a ella.\" \/>\n<meta name=\"robots\" content=\"index, follow, max-snippet:-1, max-image-preview:large, max-video-preview:-1\" \/>\n<link rel=\"canonical\" href=\"https:\/\/thealphacenter.org\/es\/inicio\/divulgacion-de-las-practicas-de-privacidad-de-alpha-center\/\" \/>\n<meta property=\"og:locale\" content=\"es_ES\" \/>\n<meta property=\"og:type\" content=\"article\" \/>\n<meta property=\"og:title\" content=\"Divulgaci\u00f3n de las pr\u00e1cticas de privacidad de Alpha Center\" \/>\n<meta property=\"og:description\" content=\"La Pol\u00edtica de Privacidad del Paciente describe c\u00f3mo puede utilizarse y divulgarse tu informaci\u00f3n m\u00e9dica y c\u00f3mo puedes acceder a ella.\" \/>\n<meta property=\"og:url\" content=\"https:\/\/thealphacenter.org\/es\/inicio\/divulgacion-de-las-practicas-de-privacidad-de-alpha-center\/\" \/>\n<meta property=\"og:site_name\" content=\"Alpha Center\" \/>\n<meta property=\"article:publisher\" content=\"https:\/\/www.facebook.com\/thealphacenter\" \/>\n<meta name=\"twitter:card\" content=\"summary_large_image\" \/>\n<meta name=\"twitter:label1\" content=\"Est. reading time\" \/>\n\t<meta name=\"twitter:data1\" content=\"3 minutes\" \/>\n<!-- \/ Yoast SEO Premium plugin. -->","yoast_head_json":{"title":"Divulgaci\u00f3n de las pr\u00e1cticas de privacidad de Alpha Center - Alpha Center","description":"La Pol\u00edtica de Privacidad del Paciente describe c\u00f3mo puede utilizarse y divulgarse tu informaci\u00f3n m\u00e9dica y c\u00f3mo puedes acceder a ella.","robots":{"index":"index","follow":"follow","max-snippet":"max-snippet:-1","max-image-preview":"max-image-preview:large","max-video-preview":"max-video-preview:-1"},"canonical":"https:\/\/thealphacenter.org\/es\/inicio\/divulgacion-de-las-practicas-de-privacidad-de-alpha-center\/","og_locale":"es_ES","og_type":"article","og_title":"Divulgaci\u00f3n de las pr\u00e1cticas de privacidad de Alpha Center","og_description":"La Pol\u00edtica de Privacidad del Paciente describe c\u00f3mo puede utilizarse y divulgarse tu informaci\u00f3n m\u00e9dica y c\u00f3mo puedes acceder a ella.","og_url":"https:\/\/thealphacenter.org\/es\/inicio\/divulgacion-de-las-practicas-de-privacidad-de-alpha-center\/","og_site_name":"Alpha Center","article_publisher":"https:\/\/www.facebook.com\/thealphacenter","twitter_card":"summary_large_image","twitter_misc":{"Est. reading time":"3 minutes"},"schema":{"@context":"https:\/\/schema.org","@graph":[{"@type":"WebPage","@id":"https:\/\/thealphacenter.org\/es\/inicio\/divulgacion-de-las-practicas-de-privacidad-de-alpha-center\/","url":"https:\/\/thealphacenter.org\/es\/inicio\/divulgacion-de-las-practicas-de-privacidad-de-alpha-center\/","name":"Divulgaci\u00f3n de las pr\u00e1cticas de privacidad de Alpha Center - Alpha Center","isPartOf":{"@id":"https:\/\/thealphacenter.org\/es\/#website"},"datePublished":"2025-06-17T18:04:12+00:00","description":"La Pol\u00edtica de Privacidad del Paciente describe c\u00f3mo puede utilizarse y divulgarse tu informaci\u00f3n m\u00e9dica y c\u00f3mo puedes acceder a ella.","breadcrumb":{"@id":"https:\/\/thealphacenter.org\/es\/inicio\/divulgacion-de-las-practicas-de-privacidad-de-alpha-center\/#breadcrumb"},"inLanguage":"es-ES","potentialAction":[{"@type":"ReadAction","target":["https:\/\/thealphacenter.org\/es\/inicio\/divulgacion-de-las-practicas-de-privacidad-de-alpha-center\/"]}]},{"@type":"BreadcrumbList","@id":"https:\/\/thealphacenter.org\/es\/inicio\/divulgacion-de-las-practicas-de-privacidad-de-alpha-center\/#breadcrumb","itemListElement":[{"@type":"ListItem","position":1,"name":"Home","item":"https:\/\/thealphacenter.org\/es\/"},{"@type":"ListItem","position":2,"name":"Inicio","item":"https:\/\/thealphacenter.org\/es\/"},{"@type":"ListItem","position":3,"name":"Divulgaci\u00f3n de las pr\u00e1cticas de privacidad de Alpha Center"}]},{"@type":"WebSite","@id":"https:\/\/thealphacenter.org\/es\/#website","url":"https:\/\/thealphacenter.org\/es\/","name":"Alpha Center","description":"","publisher":{"@id":"https:\/\/thealphacenter.org\/es\/#organization"},"potentialAction":[{"@type":"SearchAction","target":{"@type":"EntryPoint","urlTemplate":"https:\/\/thealphacenter.org\/es\/?s={search_term_string}"},"query-input":{"@type":"PropertyValueSpecification","valueRequired":true,"valueName":"search_term_string"}}],"inLanguage":"es-ES"},{"@type":"Organization","@id":"https:\/\/thealphacenter.org\/es\/#organization","name":"Alpha Center","url":"https:\/\/thealphacenter.org\/es\/","logo":{"@type":"ImageObject","inLanguage":"es-ES","@id":"https:\/\/thealphacenter.org\/es\/#\/schema\/logo\/image\/","url":"https:\/\/thealphacenter.org\/wp-content\/uploads\/2025\/03\/horizontal-logo-2022.png","contentUrl":"https:\/\/thealphacenter.org\/wp-content\/uploads\/2025\/03\/horizontal-logo-2022.png","width":700,"height":150,"caption":"Alpha Center"},"image":{"@id":"https:\/\/thealphacenter.org\/es\/#\/schema\/logo\/image\/"},"sameAs":["https:\/\/www.facebook.com\/thealphacenter","https:\/\/www.instagram.com\/thealphacentercolorado"]}]}},"_links":{"self":[{"href":"https:\/\/thealphacenter.org\/es\/wp-json\/wp\/v2\/pages\/4191","targetHints":{"allow":["GET"]}}],"collection":[{"href":"https:\/\/thealphacenter.org\/es\/wp-json\/wp\/v2\/pages"}],"about":[{"href":"https:\/\/thealphacenter.org\/es\/wp-json\/wp\/v2\/types\/page"}],"author":[{"embeddable":true,"href":"https:\/\/thealphacenter.org\/es\/wp-json\/wp\/v2\/users\/3"}],"replies":[{"embeddable":true,"href":"https:\/\/thealphacenter.org\/es\/wp-json\/wp\/v2\/comments?post=4191"}],"version-history":[{"count":0,"href":"https:\/\/thealphacenter.org\/es\/wp-json\/wp\/v2\/pages\/4191\/revisions"}],"up":[{"embeddable":true,"href":"https:\/\/thealphacenter.org\/es\/wp-json\/wp\/v2\/pages\/2889"}],"wp:attachment":[{"href":"https:\/\/thealphacenter.org\/es\/wp-json\/wp\/v2\/media?parent=4191"}],"curies":[{"name":"wp","href":"https:\/\/api.w.org\/{rel}","templated":true}]}}