{"id":4119,"date":"2025-04-14T14:25:13","date_gmt":"2025-04-14T20:25:13","guid":{"rendered":"https:\/\/thealphacenter.org\/gracias-2\/"},"modified":"2025-04-14T14:27:52","modified_gmt":"2025-04-14T20:27:52","slug":"gracias-2","status":"publish","type":"page","link":"https:\/\/thealphacenter.org\/es\/gracias-2\/","title":{"rendered":"Gracias"},"content":{"rendered":"<div id=\"sp-page\" class=\"spBgcover sp-content-4\" style=\"background-color: rgb(255, 255, 255); background-image: url('https:\/\/assets.seedprod.com\/BG-1.png'); font-family: Jost, sans-serif; font-weight: 400;\">\n<section id=\"sp-rxdfzuon4ymf\" data-mobile-visibility=\"#sp-rxdfzuon4ymf|false\" data-tablet-visibility=\"#sp-rxdfzuon4ymf|false\" data-desktop-visibility=\"#sp-rxdfzuon4ymf|false\" data-mobile-css=\"\" data-tablet-css=\"\" class=\"sp-el-section spBgcover\" style=\"width: 100%; max-width: 100%; padding: 10px; background-color: rgb(143, 207, 190);\" draggable=\"false\">\n<div id=\"sp-ff6xdedh1swc\" data-mobile-visibility=\"#sp-ff6xdedh1swc|false\" data-tablet-visibility=\"#sp-ff6xdedh1swc|false\" data-desktop-visibility=\"#sp-ff6xdedh1swc|false\" data-mobile-css=\"\" data-tablet-css=\"\" class=\"sp-el-row sp-w-full sp-m-auto sm:sp-flex sp-justify-between\" style=\"padding: 0px; width: auto; max-width: 1000px;\">\n<div id=\"sp-gfhahnmu338\" data-mobile-visibility=\"#sp-gfhahnmu338|false\" data-tablet-visibility=\"#sp-gfhahnmu338|false\" data-desktop-visibility=\"#sp-gfhahnmu338|false\" data-mobile-css=\"#sp-gfhahnmu338|position:undefined;top:undefinedpx;right:undefinedpx;bottom:undefinedpx;left:undefinedpx;z-index:undefined;overflow:undefined;\" data-tablet-css=\"#sp-gfhahnmu338|position:undefined;top:undefinedpx;right:undefinedpx;bottom:undefinedpx;left:undefinedpx;z-index:undefined;overflow:undefined;\" class=\"sp-el-col sp-w-full\" style=\"width: calc(100% + 0px);\">\n<style type=\"text\/css\">\n      #sp-gfhahnmu338 .sp-col-top .seedprod-shape-fill {fill: undefined;} #sp-gfhahnmu338 .sp-col-top svg {width: undefined%;height: undefinedpx;transform: translateX(-50%);} #sp-gfhahnmu338 .sp-col-bottom .seedprod-shape-fill {fill: undefined;} #sp-gfhahnmu338 .sp-col-bottom svg {width: undefined%;height: undefinedpx;transform: translateX(-50%);}\n    <\/style>\n<div class=\"sp-col-shape sp-col-top\" style=\"z-index: 0;\">\n<div><\/div>\n<\/div>\n<div class=\"sp-col-shape sp-col-bottom\" style=\"z-index: 0;\">\n<div><\/div>\n<\/div>\n<figure id=\"sp-o5yumey861bn\" data-mobile-css=\"#sp-o5yumey861bn|text-align:center;\" data-tablet-css=\"#sp-o5yumey861bn|text-align:center;\" class=\"sp-image-wrapper sp-el-block\" style=\"margin: 4px 0px 0px; text-align: center;\">\n<div><span><img fetchpriority=\"high\" decoding=\"async\" src=\"https:\/\/thealphacenter.org\/wp-content\/uploads\/2023\/12\/horizontal-logo-2022-1-2.png\" alt=\"horizontal-logo-2022-1\" width=\"595\" height=\"125\" data-dynamic-tag=\"\" data-image-src=\"wpmedia\" data-mobile-visibility=\".sp-image-block-o5yumey861bn|false\" data-tablet-visibility=\".sp-image-block-o5yumey861bn|false\" data-desktop-visibility=\".sp-image-block-o5yumey861bn|false\" srcset=\"  https:\/\/thealphacenter.org\/wp-content\/uploads\/2023\/12\/horizontal-logo-2022-1-2-150x125.png 150w, https:\/\/thealphacenter.org\/wp-content\/uploads\/2023\/12\/horizontal-logo-2022-1-2-300x63.png 300w, https:\/\/thealphacenter.org\/wp-content\/uploads\/2023\/12\/horizontal-logo-2022-1-2.png 595w\" class=\"sp-image-block-o5yumey861bn custom-preview-class\" style=\"width: 300px;\"><\/span><\/div>\n<div id=\"sp-image-dynamic-tags-js-o5yumey861bn\"><script>jQuery(function() { image_dynamic_tags('o5yumey861bn' );});<\/script><\/div>\n<\/figure>\n<div id=\"sp-uuu32w1sannt\" data-mobile-css=\"#sp-uuu32w1sannt .nav-menu .menu-item |text-align:center;width:100%\" data-tablet-css=\"#sp-uuu32w1sannt .nav-menu .menu-item |text-align:center\" data-mobile-visibility=\".sp-nav-menu-block-uuu32w1sannt|false\" data-tablet-visibility=\".sp-nav-menu-block-uuu32w1sannt|false\" data-desktop-visibility=\".sp-nav-menu-block-uuu32w1sannt|false\" class=\"sp-nav sp-flex sp-el-block sp-justify-center sp-nav-menu-block-uuu32w1sannt\" style=\"margin: 12px 0px 0px; font-family: Quicksand; color: rgb(255, 255, 255);\">\n<style type=\"text\/css\" data-mobile-css=\"\" data-tablet-css=\"#sp-uuu32w1sannt|justify-content:center\"><\/style>\n<style type=\"text\/css\" data-mobile-css=\"#sp-uuu32w1sannt ul li a |text-align:center\" data-tablet-css=\"#sp-uuu32w1sannt ul li a |text-align:center\"><\/style>\n<style type=\"text\/css\" data-mobile-css=\"\"><\/style>\n<style type=\"text\/css\">\n    #sp-uuu32w1sannt .seedprod-menu-horizontal .nav-menu .menu-item ,#sp-uuu32w1sannt .seedprod-menu-horizontal .nav-menu .seedprod-menu-heading , #sp-uuu32w1sannt .seedprod-menu-separator {padding:0px 13px}<\/p>\n<p>    #sp-uuu32w1sannt .nav-menu ul.sub-menu {box-shadow:0 25px 50px -12px rgba(0, 0, 0, 0.25)}<\/p>\n<p>    #sp-uuu32w1sannt ul li a {font-family:Quicksand}<\/p>\n<p>    #sp-uuu32w1sannt .seedprod-menu-horizontal .nav-menu .separator.menu-item { padding:0px; }<\/p>\n<p>    #sp-uuu32w1sannt .custom-restricted-width .menu-item{padding:13px 0px}<\/p>\n<p>    #sp-uuu32w1sannt .seedprod-menu-list li a {color:#FFFFFF;text-align:center}\n    #sp-uuu32w1sannt .seedprod-menu-list li{color:#FFFFFF;text-align:center}<\/p>\n<p>    #sp-uuu32w1sannt .seedprod-menu-list li a:hover {color:#0B379B !important;text-align:center}<\/p>\n<p>    #sp-uuu32w1sannt .sub-menu {border-radius:6px;padding:4px 4px 4px 4px }<\/p>\n<p>    #sp-uuu32w1sannt .sub-menu a {color:#FFFFFF}<\/p>\n<p>    #sp-uuu32w1sannt ul.seedprod-menu-list ul.sub-menu li a:hover{color:#0B379B}<\/p>\n<p>    #sp-uuu32w1sannt .bar{background-color:#FFFFFF;}\n  <\/style>\n<div class=\"sp-nested-nav-wrapper h sp-nav-classmain-menu\">\n<div class=\"seedprod-menu seedprod-menu-builder seedprod-menu-horizontal sp-mobile-menu-false\">\n<div class=\"\">\n<nav class=\"nav-bar\">\n<div class=\"hamburger\"><span class=\"bar\"><\/span><span class=\"bar\"><\/span><span class=\"bar\"><\/span><\/div>\n<div class=\"nav-menu\">\n<div>\n              [seedprodnestedmenuwidget menu=&#8221;main-menu&#8221; menudivider=&#8221;&#8221; layout=&#8221;h&#8221;]\n            <\/div>\n<div><script> jQuery(document).ready(function(){   initDropdowns(); }); <\/script><\/div>\n<\/div>\n<\/nav>\n<\/div>\n<\/div>\n<\/div>\n<\/div>\n<\/div>\n<\/div>\n<\/section>\n<section id=\"sp-ot7taw\" data-mobile-visibility=\"#sp-ot7taw|false\" data-tablet-visibility=\"#sp-ot7taw|false\" data-desktop-visibility=\"#sp-ot7taw|false\" data-mobile-css=\"\" data-tablet-css=\"\" class=\"sp-el-section \" style=\"background-image: linear-gradient(0deg, rgb(143, 207, 190) -7%, rgb(255, 255, 255) 100%); width: 100%; max-width: 100%; padding: 10px;\">\n<div id=\"sp-ngl21n\" data-mobile-visibility=\"#sp-ngl21n|false\" data-tablet-visibility=\"#sp-ngl21n|false\" data-desktop-visibility=\"#sp-ngl21n|false\" data-mobile-css=\"\" data-tablet-css=\"\" class=\"sp-el-row sp-w-full sp-m-auto sm:sp-flex sp-justify-between\" style=\"padding: 40px; background-color: rgb(255, 255, 255); width: auto; max-width: 570px;\">\n<div id=\"sp-nf6bhf\" data-mobile-visibility=\"#sp-nf6bhf|false\" data-tablet-visibility=\"#sp-nf6bhf|false\" data-desktop-visibility=\"#sp-nf6bhf|false\" data-mobile-css=\"\" data-tablet-css=\"\" class=\"sp-el-col sp-w-full\" style=\"width: calc(100% + 0px);\">\n<div id=\"sp-v5mu9f\" data-mobile-visibility=\".sp-custom-html-block-v5mu9f|true\" data-tablet-visibility=\".sp-custom-html-block-v5mu9f|true\" data-desktop-visibility=\".sp-custom-html-block-v5mu9f|true\" data-mobile-css=\"\" data-tablet-css=\"\" class=\"sp-code-wrapper sp-el-block sp-custom-html-block-v5mu9f color\" style=\"margin: 0px;\">\n<div class=\"sp-html\">feathr(<br \/>\n &#8216;convertir&#8217;,<br \/>\n &#8217;67f58256005f508259dcb2d6&#8242;,<br \/>\n {importe: 1\/\/<br \/>\n category: &#8216;cita solicitada&#8217;\/\/<br \/>\n}<br \/>\n);<\/div>\n<\/div>\n<figure id=\"sp-ytpybe\" data-mobile-css=\"#sp-ytpybe|text-align:center;\" data-tablet-css=\"#sp-ytpybe|text-align:center;\" class=\"sp-image-wrapper sp-el-block\" style=\"margin: 0px; text-align: center;\">\n<div><span><img decoding=\"async\" src=\"https:\/\/thealphacenter.org\/wp-content\/uploads\/2024\/10\/pexels-timmossholder-3063478-scaled.jpg\" alt=\"\" width=\"2560\" height=\"1707\" data-dynamic-tag=\"\" data-image-src=\"wpmedia\" data-mobile-visibility=\".sp-image-block-ytpybe|false\" data-tablet-visibility=\".sp-image-block-ytpybe|false\" data-desktop-visibility=\".sp-image-block-ytpybe|false\" srcset=\"  https:\/\/thealphacenter.org\/wp-content\/uploads\/2024\/10\/pexels-timmossholder-3063478-150x150.jpg 150w, https:\/\/thealphacenter.org\/wp-content\/uploads\/2024\/10\/pexels-timmossholder-3063478-300x200.jpg 300w, https:\/\/thealphacenter.org\/wp-content\/uploads\/2024\/10\/pexels-timmossholder-3063478-1024x683.jpg 1024w, https:\/\/thealphacenter.org\/wp-content\/uploads\/2024\/10\/pexels-timmossholder-3063478-scaled.jpg 2560w\" class=\"sp-image-block-ytpybe custom-preview-class\" style=\"width: 2560px;\"><\/span><\/div>\n<div id=\"sp-image-dynamic-tags-js-ytpybe\"><script>jQuery(function() { image_dynamic_tags('ytpybe' );});<\/script><\/div>\n<\/figure>\n<p><span href=\"\" target=\"\" rel=\"\" class=\"sp-header-block-link\" style=\"text-decoration: none;\"><\/p>\n<h1 id=\"sp-ske8ak\" data-mobile-css=\".sp-headline-block-ske8ak, #sp-ske8ak, #ske8ak|text-align:center;\" data-tablet-css=\".sp-headline-block-ske8ak, #sp-ske8ak, #ske8ak|text-align:center;\" data-mobile-visibility=\".sp-headline-block-ske8ak|false\" data-tablet-visibility=\".sp-headline-block-ske8ak|false\" data-desktop-visibility=\".sp-headline-block-ske8ak|false\" class=\"sp-css-target sp-el-block sp-headline-block-ske8ak sp-type-header\" style=\"font-family: Quicksand; text-align: center; margin: 0px;\">Gracias.<\/h1>\n<p><\/span><\/p>\n<div id=\"sp-r4790q\" data-mobile-css=\".sp-text-wrapper-r4790q, #sp-r4790q, #r4790q|text-align:left;\" data-tablet-css=\".sp-text-wrapper-r4790q, #sp-r4790q, #r4790q|text-align:left;\" data-mobile-visibility=\".sp-text-wrapper-r4790q|false\" data-tablet-visibility=\".sp-text-wrapper-r4790q|false\" data-desktop-visibility=\".sp-text-wrapper-r4790q|false\" class=\"sp-css-target sp-text-wrapper sp-el-block sp-text-wrapper-r4790q\" style=\"font-family: 'Open Sans'; margin: 0px; text-align: center;\">\n<p>Alguien de nuestro equipo de programaci\u00f3n se pondr\u00e1 en contacto contigo en el plazo de un d\u00eda laborable.<\/p>\n<\/div>\n<\/div>\n<\/div>\n<\/section>\n<\/div>\n","protected":false},"excerpt":{"rendered":"<p>[seedprodnestedmenuwidget menu=&#8221;main-menu&#8221; menudivider=&#8221;&#8221; layout=&#8221;h&#8221;] feathr( &#8216;convertir&#8217;, &#8217;67f58256005f508259dcb2d6&#8242;, {importe: 1\/\/ category: &#8216;cita solicitada&#8217;\/\/ } ); Gracias. Alguien de nuestro equipo de programaci\u00f3n se pondr\u00e1 en contacto contigo en el plazo de un d\u00eda laborable.<\/p>\n","protected":false},"author":3,"featured_media":0,"parent":0,"menu_order":0,"comment_status":"closed","ping_status":"closed","template":"","meta":{"_acf_changed":false,"footnotes":""},"class_list":["post-4119","page","type-page","status-publish","hentry"],"acf":[],"yoast_head":"<!-- This site is optimized with the Yoast SEO Premium plugin v27.0 (Yoast SEO v27.5) - https:\/\/yoast.com\/product\/yoast-seo-premium-wordpress\/ -->\n<title>Gracias - Alpha Center<\/title>\n<meta name=\"robots\" content=\"index, follow, max-snippet:-1, max-image-preview:large, max-video-preview:-1\" \/>\n<link rel=\"canonical\" href=\"https:\/\/thealphacenter.org\/es\/gracias-2\/\" \/>\n<meta property=\"og:locale\" content=\"es_ES\" \/>\n<meta property=\"og:type\" content=\"article\" \/>\n<meta property=\"og:title\" content=\"Gracias\" \/>\n<meta property=\"og:description\" content=\"[seedprodnestedmenuwidget menu=&#8221;main-menu&#8221; menudivider=&#8221;&#8221; layout=&#8221;h&#8221;] feathr( &#8216;convertir&#8217;, &#8217;67f58256005f508259dcb2d6&#8242;, {importe: 1\/\/ category: &#8216;cita solicitada&#8217;\/\/ } ); Gracias. Alguien de nuestro equipo de programaci\u00f3n se pondr\u00e1 en contacto contigo en el plazo de un d\u00eda laborable.\" \/>\n<meta property=\"og:url\" content=\"https:\/\/thealphacenter.org\/es\/gracias-2\/\" \/>\n<meta property=\"og:site_name\" content=\"Alpha Center\" \/>\n<meta property=\"article:publisher\" content=\"https:\/\/www.facebook.com\/thealphacenter\" \/>\n<meta property=\"article:modified_time\" content=\"2025-04-14T20:27:52+00:00\" \/>\n<meta property=\"og:image\" content=\"https:\/\/thealphacenter.org\/wp-content\/uploads\/2023\/12\/horizontal-logo-2022-1-2.png\" \/>\n<meta name=\"twitter:card\" content=\"summary_large_image\" \/>\n<!-- \/ Yoast SEO Premium plugin. -->","yoast_head_json":{"title":"Gracias - Alpha Center","robots":{"index":"index","follow":"follow","max-snippet":"max-snippet:-1","max-image-preview":"max-image-preview:large","max-video-preview":"max-video-preview:-1"},"canonical":"https:\/\/thealphacenter.org\/es\/gracias-2\/","og_locale":"es_ES","og_type":"article","og_title":"Gracias","og_description":"[seedprodnestedmenuwidget menu=&#8221;main-menu&#8221; menudivider=&#8221;&#8221; layout=&#8221;h&#8221;] feathr( &#8216;convertir&#8217;, &#8217;67f58256005f508259dcb2d6&#8242;, {importe: 1\/\/ category: &#8216;cita solicitada&#8217;\/\/ } ); Gracias. Alguien de nuestro equipo de programaci\u00f3n se pondr\u00e1 en contacto contigo en el plazo de un d\u00eda laborable.","og_url":"https:\/\/thealphacenter.org\/es\/gracias-2\/","og_site_name":"Alpha Center","article_publisher":"https:\/\/www.facebook.com\/thealphacenter","article_modified_time":"2025-04-14T20:27:52+00:00","og_image":[{"url":"https:\/\/thealphacenter.org\/wp-content\/uploads\/2023\/12\/horizontal-logo-2022-1-2.png","type":"","width":"","height":""}],"twitter_card":"summary_large_image","schema":{"@context":"https:\/\/schema.org","@graph":[{"@type":"WebPage","@id":"https:\/\/thealphacenter.org\/es\/gracias-2\/","url":"https:\/\/thealphacenter.org\/es\/gracias-2\/","name":"Gracias - Alpha Center","isPartOf":{"@id":"https:\/\/thealphacenter.org\/es\/#website"},"primaryImageOfPage":{"@id":"https:\/\/thealphacenter.org\/es\/gracias-2\/#primaryimage"},"image":{"@id":"https:\/\/thealphacenter.org\/es\/gracias-2\/#primaryimage"},"thumbnailUrl":"https:\/\/thealphacenter.org\/wp-content\/uploads\/2023\/12\/horizontal-logo-2022-1-2.png","datePublished":"2025-04-14T20:25:13+00:00","dateModified":"2025-04-14T20:27:52+00:00","breadcrumb":{"@id":"https:\/\/thealphacenter.org\/es\/gracias-2\/#breadcrumb"},"inLanguage":"es-ES","potentialAction":[{"@type":"ReadAction","target":["https:\/\/thealphacenter.org\/es\/gracias-2\/"]}]},{"@type":"ImageObject","inLanguage":"es-ES","@id":"https:\/\/thealphacenter.org\/es\/gracias-2\/#primaryimage","url":"https:\/\/thealphacenter.org\/wp-content\/uploads\/2023\/12\/horizontal-logo-2022-1-2.png","contentUrl":"https:\/\/thealphacenter.org\/wp-content\/uploads\/2023\/12\/horizontal-logo-2022-1-2.png"},{"@type":"BreadcrumbList","@id":"https:\/\/thealphacenter.org\/es\/gracias-2\/#breadcrumb","itemListElement":[{"@type":"ListItem","position":1,"name":"Home","item":"https:\/\/thealphacenter.org\/es\/"},{"@type":"ListItem","position":2,"name":"Gracias"}]},{"@type":"WebSite","@id":"https:\/\/thealphacenter.org\/es\/#website","url":"https:\/\/thealphacenter.org\/es\/","name":"Alpha Center","description":"","publisher":{"@id":"https:\/\/thealphacenter.org\/es\/#organization"},"potentialAction":[{"@type":"SearchAction","target":{"@type":"EntryPoint","urlTemplate":"https:\/\/thealphacenter.org\/es\/?s={search_term_string}"},"query-input":{"@type":"PropertyValueSpecification","valueRequired":true,"valueName":"search_term_string"}}],"inLanguage":"es-ES"},{"@type":"Organization","@id":"https:\/\/thealphacenter.org\/es\/#organization","name":"Alpha Center","url":"https:\/\/thealphacenter.org\/es\/","logo":{"@type":"ImageObject","inLanguage":"es-ES","@id":"https:\/\/thealphacenter.org\/es\/#\/schema\/logo\/image\/","url":"https:\/\/thealphacenter.org\/wp-content\/uploads\/2025\/03\/horizontal-logo-2022.png","contentUrl":"https:\/\/thealphacenter.org\/wp-content\/uploads\/2025\/03\/horizontal-logo-2022.png","width":700,"height":150,"caption":"Alpha Center"},"image":{"@id":"https:\/\/thealphacenter.org\/es\/#\/schema\/logo\/image\/"},"sameAs":["https:\/\/www.facebook.com\/thealphacenter","https:\/\/www.instagram.com\/thealphacentercolorado"]}]}},"_links":{"self":[{"href":"https:\/\/thealphacenter.org\/es\/wp-json\/wp\/v2\/pages\/4119","targetHints":{"allow":["GET"]}}],"collection":[{"href":"https:\/\/thealphacenter.org\/es\/wp-json\/wp\/v2\/pages"}],"about":[{"href":"https:\/\/thealphacenter.org\/es\/wp-json\/wp\/v2\/types\/page"}],"author":[{"embeddable":true,"href":"https:\/\/thealphacenter.org\/es\/wp-json\/wp\/v2\/users\/3"}],"replies":[{"embeddable":true,"href":"https:\/\/thealphacenter.org\/es\/wp-json\/wp\/v2\/comments?post=4119"}],"version-history":[{"count":1,"href":"https:\/\/thealphacenter.org\/es\/wp-json\/wp\/v2\/pages\/4119\/revisions"}],"predecessor-version":[{"id":4121,"href":"https:\/\/thealphacenter.org\/es\/wp-json\/wp\/v2\/pages\/4119\/revisions\/4121"}],"wp:attachment":[{"href":"https:\/\/thealphacenter.org\/es\/wp-json\/wp\/v2\/media?parent=4119"}],"curies":[{"name":"wp","href":"https:\/\/api.w.org\/{rel}","templated":true}]}}