{"id":3374,"date":"2021-06-28T21:52:51","date_gmt":"2021-06-29T03:52:51","guid":{"rendered":"https:\/\/thealphacenter.org\/cuestionario-sobre-los-sintomas-del-embarazo\/puntuacion-0-7\/"},"modified":"2024-05-29T08:19:06","modified_gmt":"2024-05-29T14:19:06","slug":"puntuacion-0-7","status":"publish","type":"page","link":"https:\/\/thealphacenter.org\/es\/cuestionario-sobre-los-sintomas-del-embarazo\/puntuacion-0-7\/","title":{"rendered":"Puntuaci\u00f3n 0-7"},"content":{"rendered":"<h4>Tu puntuaci\u00f3n est\u00e1 entre 0-7:<\/h4>\n<p>No es probable que te quedes embarazada, pero si has mantenido relaciones sexuales sin protecci\u00f3n siempre existe un riesgo. Si has tenido una prueba de embarazo negativa pero est\u00e1s experimentando s\u00edntomas, puede que sea demasiado pronto para una prueba positiva. Si hace una semana que no te viene la regla o ya has tenido un test positivo, ll\u00e1manos para concertar una cita de detecci\u00f3n de embarazo o preaborto.<\/p>\n","protected":false},"excerpt":{"rendered":"<p>Tu puntuaci\u00f3n est\u00e1 entre 0-7: No es probable que te quedes embarazada, pero si has mantenido relaciones sexuales sin protecci\u00f3n siempre existe un riesgo. Si has tenido una prueba de embarazo negativa pero est\u00e1s experimentando s\u00edntomas, puede que sea demasiado pronto para una prueba positiva. Si hace una semana que no te viene la regla<\/p>\n","protected":false},"author":2,"featured_media":0,"parent":2894,"menu_order":0,"comment_status":"closed","ping_status":"closed","template":"","meta":{"_acf_changed":false,"footnotes":""},"class_list":["post-3374","page","type-page","status-publish","hentry"],"acf":[],"yoast_head":"<!-- This site is optimized with the Yoast SEO Premium plugin v27.0 (Yoast SEO v27.3) - https:\/\/yoast.com\/product\/yoast-seo-premium-wordpress\/ -->\n<title>Puntuaci\u00f3n 0-7 - Alpha Center<\/title>\n<meta name=\"robots\" content=\"index, follow, max-snippet:-1, max-image-preview:large, max-video-preview:-1\" \/>\n<link rel=\"canonical\" href=\"https:\/\/thealphacenter.org\/es\/cuestionario-sobre-los-sintomas-del-embarazo\/puntuacion-0-7\/\" \/>\n<meta property=\"og:locale\" content=\"es_ES\" \/>\n<meta property=\"og:type\" content=\"article\" \/>\n<meta property=\"og:title\" content=\"Puntuaci\u00f3n 0-7\" \/>\n<meta property=\"og:description\" content=\"Tu puntuaci\u00f3n est\u00e1 entre 0-7: No es probable que te quedes embarazada, pero si has mantenido relaciones sexuales sin protecci\u00f3n siempre existe un riesgo. Si has tenido una prueba de embarazo negativa pero est\u00e1s experimentando s\u00edntomas, puede que sea demasiado pronto para una prueba positiva. Si hace una semana que no te viene la regla\" \/>\n<meta property=\"og:url\" content=\"https:\/\/thealphacenter.org\/es\/cuestionario-sobre-los-sintomas-del-embarazo\/puntuacion-0-7\/\" \/>\n<meta property=\"og:site_name\" content=\"Alpha Center\" \/>\n<meta property=\"article:publisher\" content=\"https:\/\/www.facebook.com\/thealphacenter\" \/>\n<meta property=\"article:modified_time\" content=\"2024-05-29T14:19:06+00:00\" \/>\n<meta name=\"twitter:card\" content=\"summary_large_image\" \/>\n<!-- \/ Yoast SEO Premium plugin. -->","yoast_head_json":{"title":"Puntuaci\u00f3n 0-7 - Alpha Center","robots":{"index":"index","follow":"follow","max-snippet":"max-snippet:-1","max-image-preview":"max-image-preview:large","max-video-preview":"max-video-preview:-1"},"canonical":"https:\/\/thealphacenter.org\/es\/cuestionario-sobre-los-sintomas-del-embarazo\/puntuacion-0-7\/","og_locale":"es_ES","og_type":"article","og_title":"Puntuaci\u00f3n 0-7","og_description":"Tu puntuaci\u00f3n est\u00e1 entre 0-7: No es probable que te quedes embarazada, pero si has mantenido relaciones sexuales sin protecci\u00f3n siempre existe un riesgo. Si has tenido una prueba de embarazo negativa pero est\u00e1s experimentando s\u00edntomas, puede que sea demasiado pronto para una prueba positiva. Si hace una semana que no te viene la regla","og_url":"https:\/\/thealphacenter.org\/es\/cuestionario-sobre-los-sintomas-del-embarazo\/puntuacion-0-7\/","og_site_name":"Alpha Center","article_publisher":"https:\/\/www.facebook.com\/thealphacenter","article_modified_time":"2024-05-29T14:19:06+00:00","twitter_card":"summary_large_image","schema":{"@context":"https:\/\/schema.org","@graph":[{"@type":"WebPage","@id":"https:\/\/thealphacenter.org\/es\/cuestionario-sobre-los-sintomas-del-embarazo\/puntuacion-0-7\/","url":"https:\/\/thealphacenter.org\/es\/cuestionario-sobre-los-sintomas-del-embarazo\/puntuacion-0-7\/","name":"Puntuaci\u00f3n 0-7 - Alpha Center","isPartOf":{"@id":"https:\/\/thealphacenter.org\/es\/#website"},"datePublished":"2021-06-29T03:52:51+00:00","dateModified":"2024-05-29T14:19:06+00:00","breadcrumb":{"@id":"https:\/\/thealphacenter.org\/es\/cuestionario-sobre-los-sintomas-del-embarazo\/puntuacion-0-7\/#breadcrumb"},"inLanguage":"es-ES","potentialAction":[{"@type":"ReadAction","target":["https:\/\/thealphacenter.org\/es\/cuestionario-sobre-los-sintomas-del-embarazo\/puntuacion-0-7\/"]}]},{"@type":"BreadcrumbList","@id":"https:\/\/thealphacenter.org\/es\/cuestionario-sobre-los-sintomas-del-embarazo\/puntuacion-0-7\/#breadcrumb","itemListElement":[{"@type":"ListItem","position":1,"name":"Home","item":"https:\/\/thealphacenter.org\/es\/"},{"@type":"ListItem","position":2,"name":"cuestionario sobre los s\u00edntomas del embarazo","item":"https:\/\/thealphacenter.org\/es\/cuestionario-sobre-los-sintomas-del-embarazo\/"},{"@type":"ListItem","position":3,"name":"Puntuaci\u00f3n 0-7"}]},{"@type":"WebSite","@id":"https:\/\/thealphacenter.org\/es\/#website","url":"https:\/\/thealphacenter.org\/es\/","name":"Alpha Center","description":"","publisher":{"@id":"https:\/\/thealphacenter.org\/es\/#organization"},"potentialAction":[{"@type":"SearchAction","target":{"@type":"EntryPoint","urlTemplate":"https:\/\/thealphacenter.org\/es\/?s={search_term_string}"},"query-input":{"@type":"PropertyValueSpecification","valueRequired":true,"valueName":"search_term_string"}}],"inLanguage":"es-ES"},{"@type":"Organization","@id":"https:\/\/thealphacenter.org\/es\/#organization","name":"Alpha Center","url":"https:\/\/thealphacenter.org\/es\/","logo":{"@type":"ImageObject","inLanguage":"es-ES","@id":"https:\/\/thealphacenter.org\/es\/#\/schema\/logo\/image\/","url":"https:\/\/thealphacenter.org\/wp-content\/uploads\/2025\/03\/horizontal-logo-2022.png","contentUrl":"https:\/\/thealphacenter.org\/wp-content\/uploads\/2025\/03\/horizontal-logo-2022.png","width":700,"height":150,"caption":"Alpha Center"},"image":{"@id":"https:\/\/thealphacenter.org\/es\/#\/schema\/logo\/image\/"},"sameAs":["https:\/\/www.facebook.com\/thealphacenter","https:\/\/www.instagram.com\/thealphacentercolorado"]}]}},"_links":{"self":[{"href":"https:\/\/thealphacenter.org\/es\/wp-json\/wp\/v2\/pages\/3374","targetHints":{"allow":["GET"]}}],"collection":[{"href":"https:\/\/thealphacenter.org\/es\/wp-json\/wp\/v2\/pages"}],"about":[{"href":"https:\/\/thealphacenter.org\/es\/wp-json\/wp\/v2\/types\/page"}],"author":[{"embeddable":true,"href":"https:\/\/thealphacenter.org\/es\/wp-json\/wp\/v2\/users\/2"}],"replies":[{"embeddable":true,"href":"https:\/\/thealphacenter.org\/es\/wp-json\/wp\/v2\/comments?post=3374"}],"version-history":[{"count":1,"href":"https:\/\/thealphacenter.org\/es\/wp-json\/wp\/v2\/pages\/3374\/revisions"}],"predecessor-version":[{"id":3375,"href":"https:\/\/thealphacenter.org\/es\/wp-json\/wp\/v2\/pages\/3374\/revisions\/3375"}],"up":[{"embeddable":true,"href":"https:\/\/thealphacenter.org\/es\/wp-json\/wp\/v2\/pages\/2894"}],"wp:attachment":[{"href":"https:\/\/thealphacenter.org\/es\/wp-json\/wp\/v2\/media?parent=3374"}],"curies":[{"name":"wp","href":"https:\/\/api.w.org\/{rel}","templated":true}]}}