{"id":3372,"date":"2021-06-28T21:54:39","date_gmt":"2021-06-29T03:54:39","guid":{"rendered":"https:\/\/thealphacenter.org\/cuestionario-sobre-los-sintomas-del-embarazo\/una-puntuacion-de-11\/"},"modified":"2025-01-07T16:57:44","modified_gmt":"2025-01-07T23:57:44","slug":"una-puntuacion-de-11","status":"publish","type":"page","link":"https:\/\/thealphacenter.org\/es\/cuestionario-sobre-los-sintomas-del-embarazo\/una-puntuacion-de-11\/","title":{"rendered":"Una puntuaci\u00f3n de 11+"},"content":{"rendered":"\t\t<div data-elementor-type=\"wp-page\" data-elementor-id=\"3372\" class=\"elementor elementor-3372 elementor-2099\" data-elementor-post-type=\"page\">\n\t\t\t\t<div class=\"elementor-element elementor-element-6df421aa e-flex e-con-boxed e-con e-parent\" data-id=\"6df421aa\" data-element_type=\"container\" data-e-type=\"container\">\n\t\t\t\t\t<div class=\"e-con-inner\">\n\t\t\t\t<div class=\"elementor-element elementor-element-686af913 elementor-widget elementor-widget-text-editor\" data-id=\"686af913\" data-element_type=\"widget\" data-e-type=\"widget\" data-widget_type=\"text-editor.default\">\n\t\t\t\t<div class=\"elementor-widget-container\">\n\t\t\t\t\t\t\t\t\t<h5>Con una puntuaci\u00f3n de 11+:<\/h5>\n<p>Es probable que est\u00e9s embarazada. Sin embargo, este cuestionario no es una herramienta de diagn\u00f3stico. Para saberlo con certeza, llama a Alpha Center al 970-239-2272 o rellena el formulario de la derecha para programar tu prueba de embarazo o tu cita de detecci\u00f3n preaborto.<\/p>\n<p>Durante el horario de nuestra l\u00ednea de programaci\u00f3n, puedes chatear en l\u00ednea con uno de nuestros programadores haciendo clic en el bot\u00f3n de la parte inferior derecha de la p\u00e1gina.<\/p>\n\t\t\t\t\t\t\t\t<\/div>\n\t\t\t\t<\/div>\n\t\t\t\t\t<\/div>\n\t\t\t\t<\/div>\n\t\t<div class=\"elementor-element elementor-element-c3d331d e-flex e-con-boxed e-con e-parent\" data-id=\"c3d331d\" data-element_type=\"container\" data-e-type=\"container\">\n\t\t\t\t\t<div class=\"e-con-inner\">\n\t\t\t\t<div class=\"elementor-element elementor-element-1f1ad11 elementor-grid-3 elementor-grid-tablet-2 elementor-grid-mobile-1 elementor-posts--thumbnail-top elementor-widget elementor-widget-posts\" data-id=\"1f1ad11\" data-element_type=\"widget\" data-e-type=\"widget\" data-settings=\"{&quot;classic_columns&quot;:&quot;3&quot;,&quot;classic_columns_tablet&quot;:&quot;2&quot;,&quot;classic_columns_mobile&quot;:&quot;1&quot;,&quot;classic_row_gap&quot;:{&quot;unit&quot;:&quot;px&quot;,&quot;size&quot;:35,&quot;sizes&quot;:[]},&quot;classic_row_gap_tablet&quot;:{&quot;unit&quot;:&quot;px&quot;,&quot;size&quot;:&quot;&quot;,&quot;sizes&quot;:[]},&quot;classic_row_gap_mobile&quot;:{&quot;unit&quot;:&quot;px&quot;,&quot;size&quot;:&quot;&quot;,&quot;sizes&quot;:[]}}\" data-widget_type=\"posts.classic\">\n\t\t\t\t<div class=\"elementor-widget-container\">\n\t\t\t\t\t\t\t<div class=\"elementor-posts-container elementor-posts elementor-posts--skin-classic elementor-grid\" role=\"list\">\n\t\t\t\t<article class=\"elementor-post elementor-grid-item post-2929 post type-post status-publish format-standard has-post-thumbnail hentry category-embarazo category-pregnancy tag-aborto tag-aborto-en-casa tag-aborto-precoz tag-aborto-quimico tag-calculadora-de-vencimientos tag-centro-alfa tag-cribado-preaborto tag-embarazo-ectopico tag-fort-collins-es tag-free-pregnancy-testing tag-informacion-sobre-el-aborto tag-informacion-sobre-el-embarazo tag-prueba-de-embarazo-falsa-negativa tag-pruebas-de-embarazo-gratuitas tag-ru486-es\" role=\"listitem\">\n\t\t\t\t<a class=\"elementor-post__thumbnail__link\" href=\"https:\/\/thealphacenter.org\/es\/que-es-un-cribado-preaborto\/\" tabindex=\"-1\" data-wpel-link=\"internal\">\n\t\t\t<div class=\"elementor-post__thumbnail\"><img fetchpriority=\"high\" decoding=\"async\" width=\"240\" height=\"300\" src=\"https:\/\/thealphacenter.org\/wp-content\/uploads\/2025\/02\/Untitled-16-240x300.jpeg\" class=\"attachment-medium size-medium wp-image-3871\" alt=\"positive pregnancy test\" srcset=\"https:\/\/thealphacenter.org\/wp-content\/uploads\/2025\/02\/Untitled-16-240x300.jpeg 240w, https:\/\/thealphacenter.org\/wp-content\/uploads\/2025\/02\/Untitled-16-819x1024.jpeg 819w, https:\/\/thealphacenter.org\/wp-content\/uploads\/2025\/02\/Untitled-16-768x960.jpeg 768w, https:\/\/thealphacenter.org\/wp-content\/uploads\/2025\/02\/Untitled-16-96x120.jpeg 96w, https:\/\/thealphacenter.org\/wp-content\/uploads\/2025\/02\/Untitled-16.jpeg 1080w\" sizes=\"(max-width: 240px) 100vw, 240px\" \/><\/div>\n\t\t<\/a>\n\t\t\t\t<div class=\"elementor-post__text\">\n\t\t\t\t<h3 class=\"elementor-post__title\">\n\t\t\t<a href=\"https:\/\/thealphacenter.org\/es\/que-es-un-cribado-preaborto\/\" data-wpel-link=\"internal\">\n\t\t\t\t\u00bfQu\u00e9 es un cribado preaborto?\t\t\t<\/a>\n\t\t<\/h3>\n\t\t\t\t<div class=\"elementor-post__meta-data\">\n\t\t\t\t\t<span class=\"elementor-post-date\">\n\t\t\tNovember 27, 2023\t\t<\/span>\n\t\t\t\t<span class=\"elementor-post-avatar\">\n\t\t\tNo Comments\t\t<\/span>\n\t\t\t\t<\/div>\n\t\t\t\t<div class=\"elementor-post__excerpt\">\n\t\t\t<p>\u00bfQu\u00e9 es un cribado preaborto? Si se encuentra inesperadamente embarazada, es posible que su mente (comprensiblemente) est\u00e9 dando vueltas. Si est\u00e1s considerando el aborto como<\/p>\n\t\t<\/div>\n\t\t\n\t\t<a class=\"elementor-post__read-more\" href=\"https:\/\/thealphacenter.org\/es\/que-es-un-cribado-preaborto\/\" aria-label=\"Read more about \u00bfQu\u00e9 es un cribado preaborto?\" tabindex=\"-1\" data-wpel-link=\"internal\">\n\t\t\tSigue leyendo \"\t\t<\/a>\n\n\t\t\t\t<\/div>\n\t\t\t\t<\/article>\n\t\t\t\t<\/div>\n\t\t\n\t\t\t\t\t\t<\/div>\n\t\t\t\t<\/div>\n\t\t\t\t\t<\/div>\n\t\t\t\t<\/div>\n\t\t\t\t<\/div>\n\t\t","protected":false},"excerpt":{"rendered":"<p>Con una puntuaci\u00f3n de 11+: Es probable que est\u00e9s embarazada. Sin embargo, este cuestionario no es una herramienta de diagn\u00f3stico. Para saberlo con certeza, llama a Alpha Center al 970-239-2272 o rellena el formulario de la derecha para programar tu prueba de embarazo o tu cita de detecci\u00f3n preaborto. Durante el horario de nuestra l\u00ednea<\/p>\n","protected":false},"author":2,"featured_media":0,"parent":2894,"menu_order":0,"comment_status":"closed","ping_status":"closed","template":"","meta":{"_acf_changed":false,"footnotes":""},"class_list":["post-3372","page","type-page","status-publish","hentry"],"acf":[],"yoast_head":"<!-- This site is optimized with the Yoast SEO Premium plugin v27.0 (Yoast SEO v27.3) - https:\/\/yoast.com\/product\/yoast-seo-premium-wordpress\/ -->\n<title>Una puntuaci\u00f3n de 11+ - Alpha Center<\/title>\n<meta name=\"robots\" content=\"index, follow, max-snippet:-1, max-image-preview:large, max-video-preview:-1\" \/>\n<link rel=\"canonical\" href=\"https:\/\/thealphacenter.org\/es\/cuestionario-sobre-los-sintomas-del-embarazo\/una-puntuacion-de-11\/\" \/>\n<meta property=\"og:locale\" content=\"es_ES\" \/>\n<meta property=\"og:type\" content=\"article\" \/>\n<meta property=\"og:title\" content=\"Una puntuaci\u00f3n de 11+\" \/>\n<meta property=\"og:description\" content=\"Con una puntuaci\u00f3n de 11+: Es probable que est\u00e9s embarazada. Sin embargo, este cuestionario no es una herramienta de diagn\u00f3stico. Para saberlo con certeza, llama a Alpha Center al 970-239-2272 o rellena el formulario de la derecha para programar tu prueba de embarazo o tu cita de detecci\u00f3n preaborto. Durante el horario de nuestra l\u00ednea\" \/>\n<meta property=\"og:url\" content=\"https:\/\/thealphacenter.org\/es\/cuestionario-sobre-los-sintomas-del-embarazo\/una-puntuacion-de-11\/\" \/>\n<meta property=\"og:site_name\" content=\"Alpha Center\" \/>\n<meta property=\"article:publisher\" content=\"https:\/\/www.facebook.com\/thealphacenter\" \/>\n<meta property=\"article:modified_time\" content=\"2025-01-07T23:57:44+00:00\" \/>\n<meta name=\"twitter:card\" content=\"summary_large_image\" \/>\n<!-- \/ Yoast SEO Premium plugin. -->","yoast_head_json":{"title":"Una puntuaci\u00f3n de 11+ - Alpha Center","robots":{"index":"index","follow":"follow","max-snippet":"max-snippet:-1","max-image-preview":"max-image-preview:large","max-video-preview":"max-video-preview:-1"},"canonical":"https:\/\/thealphacenter.org\/es\/cuestionario-sobre-los-sintomas-del-embarazo\/una-puntuacion-de-11\/","og_locale":"es_ES","og_type":"article","og_title":"Una puntuaci\u00f3n de 11+","og_description":"Con una puntuaci\u00f3n de 11+: Es probable que est\u00e9s embarazada. Sin embargo, este cuestionario no es una herramienta de diagn\u00f3stico. Para saberlo con certeza, llama a Alpha Center al 970-239-2272 o rellena el formulario de la derecha para programar tu prueba de embarazo o tu cita de detecci\u00f3n preaborto. Durante el horario de nuestra l\u00ednea","og_url":"https:\/\/thealphacenter.org\/es\/cuestionario-sobre-los-sintomas-del-embarazo\/una-puntuacion-de-11\/","og_site_name":"Alpha Center","article_publisher":"https:\/\/www.facebook.com\/thealphacenter","article_modified_time":"2025-01-07T23:57:44+00:00","twitter_card":"summary_large_image","schema":{"@context":"https:\/\/schema.org","@graph":[{"@type":"WebPage","@id":"https:\/\/thealphacenter.org\/es\/cuestionario-sobre-los-sintomas-del-embarazo\/una-puntuacion-de-11\/","url":"https:\/\/thealphacenter.org\/es\/cuestionario-sobre-los-sintomas-del-embarazo\/una-puntuacion-de-11\/","name":"Una puntuaci\u00f3n de 11+ - Alpha Center","isPartOf":{"@id":"https:\/\/thealphacenter.org\/es\/#website"},"datePublished":"2021-06-29T03:54:39+00:00","dateModified":"2025-01-07T23:57:44+00:00","breadcrumb":{"@id":"https:\/\/thealphacenter.org\/es\/cuestionario-sobre-los-sintomas-del-embarazo\/una-puntuacion-de-11\/#breadcrumb"},"inLanguage":"es-ES","potentialAction":[{"@type":"ReadAction","target":["https:\/\/thealphacenter.org\/es\/cuestionario-sobre-los-sintomas-del-embarazo\/una-puntuacion-de-11\/"]}]},{"@type":"BreadcrumbList","@id":"https:\/\/thealphacenter.org\/es\/cuestionario-sobre-los-sintomas-del-embarazo\/una-puntuacion-de-11\/#breadcrumb","itemListElement":[{"@type":"ListItem","position":1,"name":"Home","item":"https:\/\/thealphacenter.org\/es\/"},{"@type":"ListItem","position":2,"name":"cuestionario sobre los s\u00edntomas del embarazo","item":"https:\/\/thealphacenter.org\/es\/cuestionario-sobre-los-sintomas-del-embarazo\/"},{"@type":"ListItem","position":3,"name":"Una puntuaci\u00f3n de 11+"}]},{"@type":"WebSite","@id":"https:\/\/thealphacenter.org\/es\/#website","url":"https:\/\/thealphacenter.org\/es\/","name":"Alpha Center","description":"","publisher":{"@id":"https:\/\/thealphacenter.org\/es\/#organization"},"potentialAction":[{"@type":"SearchAction","target":{"@type":"EntryPoint","urlTemplate":"https:\/\/thealphacenter.org\/es\/?s={search_term_string}"},"query-input":{"@type":"PropertyValueSpecification","valueRequired":true,"valueName":"search_term_string"}}],"inLanguage":"es-ES"},{"@type":"Organization","@id":"https:\/\/thealphacenter.org\/es\/#organization","name":"Alpha Center","url":"https:\/\/thealphacenter.org\/es\/","logo":{"@type":"ImageObject","inLanguage":"es-ES","@id":"https:\/\/thealphacenter.org\/es\/#\/schema\/logo\/image\/","url":"https:\/\/thealphacenter.org\/wp-content\/uploads\/2025\/03\/horizontal-logo-2022.png","contentUrl":"https:\/\/thealphacenter.org\/wp-content\/uploads\/2025\/03\/horizontal-logo-2022.png","width":700,"height":150,"caption":"Alpha Center"},"image":{"@id":"https:\/\/thealphacenter.org\/es\/#\/schema\/logo\/image\/"},"sameAs":["https:\/\/www.facebook.com\/thealphacenter","https:\/\/www.instagram.com\/thealphacentercolorado"]}]}},"_links":{"self":[{"href":"https:\/\/thealphacenter.org\/es\/wp-json\/wp\/v2\/pages\/3372","targetHints":{"allow":["GET"]}}],"collection":[{"href":"https:\/\/thealphacenter.org\/es\/wp-json\/wp\/v2\/pages"}],"about":[{"href":"https:\/\/thealphacenter.org\/es\/wp-json\/wp\/v2\/types\/page"}],"author":[{"embeddable":true,"href":"https:\/\/thealphacenter.org\/es\/wp-json\/wp\/v2\/users\/2"}],"replies":[{"embeddable":true,"href":"https:\/\/thealphacenter.org\/es\/wp-json\/wp\/v2\/comments?post=3372"}],"version-history":[{"count":2,"href":"https:\/\/thealphacenter.org\/es\/wp-json\/wp\/v2\/pages\/3372\/revisions"}],"predecessor-version":[{"id":3810,"href":"https:\/\/thealphacenter.org\/es\/wp-json\/wp\/v2\/pages\/3372\/revisions\/3810"}],"up":[{"embeddable":true,"href":"https:\/\/thealphacenter.org\/es\/wp-json\/wp\/v2\/pages\/2894"}],"wp:attachment":[{"href":"https:\/\/thealphacenter.org\/es\/wp-json\/wp\/v2\/media?parent=3372"}],"curies":[{"name":"wp","href":"https:\/\/api.w.org\/{rel}","templated":true}]}}