{"id":2908,"date":"2023-11-22T06:09:15","date_gmt":"2023-11-22T13:09:15","guid":{"rendered":"https:\/\/thealphacenter.org\/servicios-para-embarazadas\/ecografia\/"},"modified":"2026-05-01T04:42:21","modified_gmt":"2026-05-01T10:42:21","slug":"ecografia","status":"publish","type":"page","link":"https:\/\/thealphacenter.org\/es\/servicios-para-embarazadas\/ecografia\/","title":{"rendered":"Ecograf\u00eda en Fort Collins | Alpha Center"},"content":{"rendered":"<h2>\u00bfPor qu\u00e9 necesito una ecograf\u00eda?<\/h2>\n<p>Si tu <a href=\"https:\/\/thealphacenter.org\/pregnancy-services\/pregnancy-testing\/\" rel=\"noopener external noreferrer\" data-wpel-link=\"external\">prueba de embarazo<\/a> en Alpha Center es positiva, una enfermera te evaluar\u00e1 para determinar si eres apta para una ecograf\u00eda.<\/p>\n<p>Una prueba de embarazo positiva s\u00f3lo revela la posibilidad de embarazo. Al sopesar tus opciones ante un embarazo no planificado, una ecograf\u00eda puede ayudarte a responder a tres preguntas importantes sobre el embarazo antes de que tomes una decisi\u00f3n sobre el resultado del mismo. Ofrecemos ecograf\u00edas abdominales y transvaginales para determinar lo siguiente:<\/p>\n<h3>1. \u00bfEst\u00e1 creciendo el embarazo o he abortado?<\/h3>\n<p>Los expertos calculan que <a href=\"https:\/\/www.ncbi.nlm.nih.gov\/books\/NBK532992\/?report=reader\" target=\"_blank\" rel=\"noopener external noreferrer\" data-wpel-link=\"external\">el 26%<\/a> de los embarazos acaban en aborto espont\u00e1neo. Dependiendo de cu\u00e1ndo te hiciste la prueba de embarazo, es posible obtener un resultado positivo aunque ya hayas abortado. Tu cuerpo tarda un tiempo en volver a sus niveles hormonales previos al embarazo.<\/p>\n<p>La ecograf\u00eda puede detectar si hay latido o no, y si el embarazo est\u00e1 creciendo como se esperaba. Si tu prueba de embarazo es positiva, pero no se detecta ning\u00fan latido, es probable que hayas abortado o que sea demasiado pronto en el embarazo para detectar un latido (antes de las seis semanas). <\/p>\n<h3>2. \u00bfCu\u00e1nto tiempo llevo embarazada?<\/h3>\n<p>Tus opciones, sobre todo si te planteas <a href=\"https:\/\/thealphacenter.org\/es\/opciones\/aborto\/\" data-wpel-link=\"internal\">abortar<\/a>, pueden cambiar seg\u00fan lo avanzado que est\u00e9 tu embarazo. La ecograf\u00eda te da una fecha m\u00e1s precisa que un calendario o un rastreador de periodos, especialmente si no est\u00e1s segura de cu\u00e1ndo fue tu \u00faltimo periodo.<\/p>\n<h3>3. \u00bfPor qu\u00e9 es importante el lugar del embarazo?<\/h3>\n<p>Aunque es poco frecuente (ocurre en <a href=\"https:\/\/my.clevelandclinic.org\/health\/diseases\/9687-ectopic-pregnancy\" data-wpel-link=\"external\" rel=\"external noopener noreferrer\">aproximadamente el 2% de las ocasiones<\/a>), un embarazo puede crecer en alg\u00fan lugar distinto del \u00fatero, como en las trompas de Falopio. Si el embarazo se implanta en alg\u00fan lugar fuera del \u00fatero, se denomina embarazo <a href=\"https:\/\/www.mayoclinic.org\/diseases-conditions\/ectopic-pregnancy\/symptoms-causes\/syc-20372088\" target=\"_blank\" rel=\"noopener external noreferrer\" data-wpel-link=\"external\">ect\u00f3pico<\/a>.<\/p>\n<p>Como no hay espacio suficiente para que el embarazo crezca, un embarazo ect\u00f3pico se vuelve extremadamente peligroso, incluso potencialmente mortal, y necesitar\u00e1s m\u00e1s atenci\u00f3n m\u00e9dica. El <a href=\"https:\/\/thealphacenter.org\/pregnancy-services\/pre-abortion-screening\/\" data-wpel-link=\"external\" rel=\"external noopener noreferrer\">aborto<\/a> no trata un embarazo ect\u00f3pico, ni el tratamiento de un <a href=\"https:\/\/thealphacenter.org\/es\/embarazo-ectopico-lo-que-debes-saber\/\" data-wpel-link=\"internal\">embarazo ect\u00f3pico<\/a> se considera un aborto. Si nuestra enfermera sospecha la posibilidad de un embarazo ect\u00f3pico o no ve lo que esperar\u00eda ver en funci\u00f3n de la edad gestacional, te derivar\u00e1 para que busques m\u00e1s atenci\u00f3n m\u00e9dica. <\/p>\n<h4>Los s\u00edntomas de un embarazo ect\u00f3pico incluyen:<\/h4>\n<ul>\n<li>Dolor abdominal o p\u00e9lvico intenso acompa\u00f1ado de hemorragia vaginal<\/li>\n<li>Mareo extremo o desmayo<\/li>\n<li>Dolor de hombro<\/li>\n<\/ul>\n<h2>\u00bfQu\u00e9 ocurre despu\u00e9s de una ecograf\u00eda?<\/h2>\n<p>Si la ecograf\u00eda revela que tu embarazo est\u00e1 creciendo en el lugar correcto, tiene un latido detectable e indica lo avanzado que est\u00e1s, es hora de revisar <a href=\"https:\/\/thealphacenter.org\/es\/opciones\/\" rel=\"noopener\" data-wpel-link=\"internal\">tus opciones<\/a>.<\/p>\n<p>Estamos aqu\u00ed para ayudarte a obtener las respuestas que necesitas para tomar una decisi\u00f3n capacitada ante un embarazo no planificado. Solicita una cita gratuita para obtener la informaci\u00f3n que necesitas para tomar la mejor decisi\u00f3n para ti.  Los resultados de sus pruebas y nuestras conversaciones son estrictamente confidenciales, incluso si es menor de edad. No es necesario tener seguro.<\/p>\n<p>Concierte hoy mismo una <a href=\"https:\/\/thealphacenter.org\/es\/pongase-en-contacto-con-nosotros\/\" rel=\"noopener\" data-wpel-link=\"internal\">cita<\/a> con una de nuestras enfermeras tituladas.<\/p>\n<p><em>La ecograf\u00eda se utiliza para confirmar la presencia de un embarazo intrauterino viable. No utilizamos la ecograf\u00eda para determinar el sexo o diagnosticar anomal\u00edas. Se aplican los criterios de elegibilidad.<\/em><\/p>\n\n<p><\/p>\n","protected":false},"excerpt":{"rendered":"<p>Puede que pienses que una menstruaci\u00f3n tard\u00eda y una prueba de embarazo positiva es todo lo que necesitas para demostrar un embarazo, pero hay m\u00e1s. Por ejemplo, \u00bfc\u00f3mo saber si el embarazo est\u00e1 creciendo o si ha abortado? La ecograf\u00eda responde a tres preguntas vitales. Con una prueba de embarazo positiva de Alpha Center y una posible ecograf\u00eda, obtendr\u00e1s las respuestas que necesitas.<\/p>\n","protected":false},"author":2,"featured_media":0,"parent":2896,"menu_order":3,"comment_status":"closed","ping_status":"closed","template":"","meta":{"_acf_changed":false,"footnotes":""},"class_list":["post-2908","page","type-page","status-publish","hentry"],"acf":[],"yoast_head":"<!-- This site is optimized with the Yoast SEO Premium plugin v27.0 (Yoast SEO v27.5) - https:\/\/yoast.com\/product\/yoast-seo-premium-wordpress\/ -->\n<title>Ecograf\u00eda en Fort Collins | Alpha Center - Alpha Center<\/title>\n<meta name=\"description\" content=\"Alpha Center ofrece ecograf\u00edas gratuitas para ayudarte a conocer la informaci\u00f3n que necesitas saber a la hora de tomar una decisi\u00f3n sobre el embarazo.\" \/>\n<meta name=\"robots\" content=\"index, follow, max-snippet:-1, max-image-preview:large, max-video-preview:-1\" \/>\n<link rel=\"canonical\" href=\"https:\/\/thealphacenter.org\/es\/servicios-para-embarazadas\/ecografia\/\" \/>\n<meta property=\"og:locale\" content=\"es_ES\" \/>\n<meta property=\"og:type\" content=\"article\" \/>\n<meta property=\"og:title\" content=\"Ecograf\u00eda en Fort Collins | Alpha Center\" \/>\n<meta property=\"og:description\" content=\"Alpha Center ofrece ecograf\u00edas gratuitas para ayudarte a conocer la informaci\u00f3n que necesitas saber a la hora de tomar una decisi\u00f3n sobre el embarazo.\" \/>\n<meta property=\"og:url\" content=\"https:\/\/thealphacenter.org\/es\/servicios-para-embarazadas\/ecografia\/\" \/>\n<meta property=\"og:site_name\" content=\"Alpha Center\" \/>\n<meta property=\"article:publisher\" content=\"https:\/\/www.facebook.com\/thealphacenter\" \/>\n<meta property=\"article:modified_time\" content=\"2026-05-01T10:42:21+00:00\" \/>\n<meta name=\"twitter:card\" content=\"summary_large_image\" \/>\n<meta name=\"twitter:label1\" content=\"Est. reading time\" \/>\n\t<meta name=\"twitter:data1\" content=\"3 minutes\" \/>\n<!-- \/ Yoast SEO Premium plugin. -->","yoast_head_json":{"title":"Ecograf\u00eda en Fort Collins | Alpha Center - Alpha Center","description":"Alpha Center ofrece ecograf\u00edas gratuitas para ayudarte a conocer la informaci\u00f3n que necesitas saber a la hora de tomar una decisi\u00f3n sobre el embarazo.","robots":{"index":"index","follow":"follow","max-snippet":"max-snippet:-1","max-image-preview":"max-image-preview:large","max-video-preview":"max-video-preview:-1"},"canonical":"https:\/\/thealphacenter.org\/es\/servicios-para-embarazadas\/ecografia\/","og_locale":"es_ES","og_type":"article","og_title":"Ecograf\u00eda en Fort Collins | Alpha Center","og_description":"Alpha Center ofrece ecograf\u00edas gratuitas para ayudarte a conocer la informaci\u00f3n que necesitas saber a la hora de tomar una decisi\u00f3n sobre el embarazo.","og_url":"https:\/\/thealphacenter.org\/es\/servicios-para-embarazadas\/ecografia\/","og_site_name":"Alpha Center","article_publisher":"https:\/\/www.facebook.com\/thealphacenter","article_modified_time":"2026-05-01T10:42:21+00:00","twitter_card":"summary_large_image","twitter_misc":{"Est. reading time":"3 minutes"},"schema":{"@context":"https:\/\/schema.org","@graph":[{"@type":"WebPage","@id":"https:\/\/thealphacenter.org\/es\/servicios-para-embarazadas\/ecografia\/","url":"https:\/\/thealphacenter.org\/es\/servicios-para-embarazadas\/ecografia\/","name":"Ecograf\u00eda en Fort Collins | Alpha Center - Alpha Center","isPartOf":{"@id":"https:\/\/thealphacenter.org\/es\/#website"},"datePublished":"2023-11-22T13:09:15+00:00","dateModified":"2026-05-01T10:42:21+00:00","description":"Alpha Center ofrece ecograf\u00edas gratuitas para ayudarte a conocer la informaci\u00f3n que necesitas saber a la hora de tomar una decisi\u00f3n sobre el embarazo.","breadcrumb":{"@id":"https:\/\/thealphacenter.org\/es\/servicios-para-embarazadas\/ecografia\/#breadcrumb"},"inLanguage":"es-ES","potentialAction":[{"@type":"ReadAction","target":["https:\/\/thealphacenter.org\/es\/servicios-para-embarazadas\/ecografia\/"]}]},{"@type":"BreadcrumbList","@id":"https:\/\/thealphacenter.org\/es\/servicios-para-embarazadas\/ecografia\/#breadcrumb","itemListElement":[{"@type":"ListItem","position":1,"name":"Home","item":"https:\/\/thealphacenter.org\/es\/inicio\/"},{"@type":"ListItem","position":2,"name":"Informaci\u00f3n gratuita sobre el embarazo en Fort Collins","item":"https:\/\/thealphacenter.org\/es\/servicios-para-embarazadas\/"},{"@type":"ListItem","position":3,"name":"Ecograf\u00eda en Fort Collins | Alpha Center"}]},{"@type":"WebSite","@id":"https:\/\/thealphacenter.org\/es\/#website","url":"https:\/\/thealphacenter.org\/es\/","name":"Alpha Center","description":"","publisher":{"@id":"https:\/\/thealphacenter.org\/es\/#organization"},"potentialAction":[{"@type":"SearchAction","target":{"@type":"EntryPoint","urlTemplate":"https:\/\/thealphacenter.org\/es\/?s={search_term_string}"},"query-input":{"@type":"PropertyValueSpecification","valueRequired":true,"valueName":"search_term_string"}}],"inLanguage":"es-ES"},{"@type":"Organization","@id":"https:\/\/thealphacenter.org\/es\/#organization","name":"Alpha Center","url":"https:\/\/thealphacenter.org\/es\/","logo":{"@type":"ImageObject","inLanguage":"es-ES","@id":"https:\/\/thealphacenter.org\/es\/#\/schema\/logo\/image\/","url":"https:\/\/thealphacenter.org\/wp-content\/uploads\/2025\/03\/horizontal-logo-2022.png","contentUrl":"https:\/\/thealphacenter.org\/wp-content\/uploads\/2025\/03\/horizontal-logo-2022.png","width":700,"height":150,"caption":"Alpha Center"},"image":{"@id":"https:\/\/thealphacenter.org\/es\/#\/schema\/logo\/image\/"},"sameAs":["https:\/\/www.facebook.com\/thealphacenter","https:\/\/www.instagram.com\/thealphacentercolorado"]}]}},"_links":{"self":[{"href":"https:\/\/thealphacenter.org\/es\/wp-json\/wp\/v2\/pages\/2908","targetHints":{"allow":["GET"]}}],"collection":[{"href":"https:\/\/thealphacenter.org\/es\/wp-json\/wp\/v2\/pages"}],"about":[{"href":"https:\/\/thealphacenter.org\/es\/wp-json\/wp\/v2\/types\/page"}],"author":[{"embeddable":true,"href":"https:\/\/thealphacenter.org\/es\/wp-json\/wp\/v2\/users\/2"}],"replies":[{"embeddable":true,"href":"https:\/\/thealphacenter.org\/es\/wp-json\/wp\/v2\/comments?post=2908"}],"version-history":[{"count":5,"href":"https:\/\/thealphacenter.org\/es\/wp-json\/wp\/v2\/pages\/2908\/revisions"}],"predecessor-version":[{"id":5086,"href":"https:\/\/thealphacenter.org\/es\/wp-json\/wp\/v2\/pages\/2908\/revisions\/5086"}],"up":[{"embeddable":true,"href":"https:\/\/thealphacenter.org\/es\/wp-json\/wp\/v2\/pages\/2896"}],"wp:attachment":[{"href":"https:\/\/thealphacenter.org\/es\/wp-json\/wp\/v2\/media?parent=2908"}],"curies":[{"name":"wp","href":"https:\/\/api.w.org\/{rel}","templated":true}]}}