{"id":2903,"date":"2023-11-22T06:08:28","date_gmt":"2023-11-22T13:08:28","guid":{"rendered":"https:\/\/thealphacenter.org\/servicios-para-embarazadas\/deteccion-preaborto\/"},"modified":"2025-10-23T02:27:46","modified_gmt":"2025-10-23T08:27:46","slug":"deteccion-preaborto","status":"publish","type":"page","link":"https:\/\/thealphacenter.org\/es\/servicios-para-embarazadas\/deteccion-preaborto\/","title":{"rendered":"Detecci\u00f3n preaborto"},"content":{"rendered":"\t\t<div data-elementor-type=\"wp-page\" data-elementor-id=\"2903\" class=\"elementor elementor-2903 elementor-351\" data-elementor-post-type=\"page\">\n\t\t\t\t<div class=\"elementor-element elementor-element-49e01080 e-flex e-con-boxed e-con e-parent\" data-id=\"49e01080\" data-element_type=\"container\" data-e-type=\"container\">\n\t\t\t\t\t<div class=\"e-con-inner\">\n\t\t\t\t<div class=\"elementor-element elementor-element-a3f5bc8 elementor-widget elementor-widget-text-editor\" data-id=\"a3f5bc8\" data-element_type=\"widget\" data-e-type=\"widget\" data-widget_type=\"text-editor.default\">\n\t\t\t\t<div class=\"elementor-widget-container\">\n\t\t\t\t\t\t\t\t\t<h2>Do You Need a Free Pre-Abortion Screening?<\/h2><p>If you are considering an <a href=\"https:\/\/thealphacenter.org\/options\/abortion\/\" rel=\"noopener external noreferrer\" data-wpel-link=\"external\">abortion<\/a> for your unexpected pregnancy, you should protect your health first. Abortion is a serious medical decision that comes with specific side effects and potential risks.<\/p><p>Be prepared with the necessary information beforehand. We can help with our free pre-abortion screening. Schedule your <a href=\"https:\/\/thealphacenter.org\/request-an-appointment\/\" rel=\"noopener external noreferrer\" data-wpel-link=\"external\">appointment<\/a> today.<\/p><h2>What is a Pre-Abortion Screening?<\/h2><p>There are a few essential questions to answer before you schedule an abortion.<\/p><p>Are you confident that you&#8217;re pregnant? <a href=\"https:\/\/www.ncbi.nlm.nih.gov\/books\/NBK532992\/?report=reader\" target=\"_blank\" rel=\"noopener external noreferrer\" data-wpel-link=\"external\">Experts<\/a> have determined that as many as 26% of pregnancies end in a miscarriage. It is also possible to get a <a href=\"https:\/\/www.ncbi.nlm.nih.gov\/books\/NBK532992\/?report=reader\" target=\"_blank\" rel=\"noopener external noreferrer\" data-wpel-link=\"external\">false positive<\/a> result on a pregnancy test.<\/p><p>If you are pregnant, the number of weeks you have been pregnant determines the type of abortion procedure you qualify for. Do you know exactly how far along you are in your pregnancy? In addition, is the pregnancy viable? Nearly <a href=\"https:\/\/pubmed.ncbi.nlm.nih.gov\/30422585\/\" data-wpel-link=\"external\" rel=\"external noopener noreferrer\">1 in 4 pregnancies<\/a> end in miscarriage, so it&#8217;s possible you may not need an abortion.<\/p><p>Finally, have you <a href=\"https:\/\/thealphacenter.org\/std-testing\/\" data-wpel-link=\"external\" rel=\"external noopener noreferrer\">tested for STIs<\/a>? No one wants to think about having an STI, but if you&#8217;re considering an abortion, be aware having an untreated STI at the time of an abortion can cause serious health issues.<\/p><p>A pre-abortion screening aims to answer the above questions so that no matter what you choose, you are equipped with the information you need to make an informed decision.<\/p><h3>Determining the Gestational Age<\/h3><p>The gestational age refers to how far along you are in your pregnancy. The <a href=\"https:\/\/www.fda.gov\/drugs\/postmarket-drug-safety-information-patients-and-providers\/information-about-mifepristone-medical-termination-pregnancy-through-ten-weeks-gestation\" target=\"_blank\" rel=\"noopener external noreferrer\" data-wpel-link=\"external\">FDA<\/a> has approved the use of the abortion pill method through 10 weeks only (70 days from the first day of your last menstrual period). <a href=\"https:\/\/www.mayoclinic.org\/tests-procedures\/medical-abortion\/about\/pac-20394687\" target=\"_blank\" rel=\"noopener external noreferrer\" data-wpel-link=\"external\">Others<\/a> suggest not using this method past nine weeks (56 days).<\/p><p>Why is there a limit to the time you can use the abortion pill? The drugs become less effective the farther along you are. You run the risk of an incomplete abortion, which can lead to a severe infection if left untreated.<\/p><p><a href=\"https:\/\/thealphacenter.org\/pregnancy-services\/ultrasounds\/\" data-wpel-link=\"external\" rel=\"external noopener noreferrer\">Ultrasound<\/a> is the best way to determine how far along you are in your pregnancy. Following a positive <a href=\"https:\/\/thealphacenter.org\/pregnancy-services\/pregnancy-testing\/\" data-wpel-link=\"external\" rel=\"external noopener noreferrer\">pregnancy test<\/a> at Alpha Center, your nurse will determine if you qualify for a gestational dating ultrasound.<\/p><h3>Finding Out if You Have a Viable Pregnancy<\/h3><p>A viable pregnancy means that the pregnancy is growing and you have not had a miscarriage. Be aware that even if you have miscarried, it is possible to get a positive pregnancy test result days or even weeks afterward.<\/p><p>Taking more than one <a href=\"https:\/\/health.clevelandclinic.org\/false-positive-pregnancy-test\" target=\"_blank\" rel=\"noopener external noreferrer\" data-wpel-link=\"external\">pregnancy test<\/a> is important. An ultrasound can also determine if your pregnancy is viable with a detectable heartbeat or if you have miscarried.<\/p><p>Another possibility that could present a serious health risk is an <a href=\"https:\/\/www.mayoclinic.org\/diseases-conditions\/ectopic-pregnancy\/symptoms-causes\/syc-20372088\" target=\"_blank\" rel=\"noopener external noreferrer\" data-wpel-link=\"external\">ectopic pregnancy<\/a>. This type of pregnancy forms somewhere other than the uterus, most commonly in the fallopian tubes. As it grows, it can cause a life-threatening situation.<\/p><p>Abortion (either medical or surgical) does not treat an ectopic pregnancy. Ultrasound determines the location of your pregnancy and can confirm that you do not have an ectopic pregnancy.<\/p><h3>It is Possible to Have an STD and Not Know It<\/h3><p>Without symptoms, most people put off testing for an STI. But The CDC states STIs are on the rise and up to 70% of STIs are asymptomatic, which means you can have one without knowing it. An <a href=\"https:\/\/thealphacenter.org\/std-testing\/\" rel=\"noopener external noreferrer\" data-wpel-link=\"external\">untreated STI<\/a> puts you at risk for pelvic inflammatory disease (PID), HIV, or chronic pelvic pain.<\/p><h2>Schedule Your Pre-Abortion Screening<\/h2><p>Contact Alpha Center to set up an <a href=\"https:\/\/thealphacenter.org\/request-an-appointment\/\" rel=\"noopener external noreferrer\" data-wpel-link=\"external\">appointment<\/a> for your free pre-abortion screening. During your appointment, you will receive a situational assessment, pregnancy test, ultrasound if your test is positive, and, if applicable, STD testing.<\/p><p>If you are interested in a <strong>telehealth<\/strong> option for your pre-abortion screening, our nurses are ready to meet with you to go over a medical assessment and information. Same-day appointments for telehealth are usually available. The pregnancy testing and ultrasound portions of the screening would then be performed in an abbreviated in-person visit. Ask about our telehealth pre-abortion screening when you call our scheduling line at 970.239.2292.<\/p><p><strong>We do not perform or refer for abortion, and because of this, Alpha Center has no financial interest in your decision. We want to ensure that you have the information you need to make the best decision for you.<\/strong><\/p>\t\t\t\t\t\t\t\t<\/div>\n\t\t\t\t<\/div>\n\t\t\t\t\t<\/div>\n\t\t\t\t<\/div>\n\t\t\t\t<\/div>\n\t\t","protected":false},"excerpt":{"rendered":"<p>No tenemos ning\u00fan inter\u00e9s econ\u00f3mico en su decisi\u00f3n sobre el embarazo, pero nos preocupamos por su salud. Por eso ofrecemos un examen preaborto gratuito a quienes se plantean abortar en caso de embarazo inesperado. Necesita respuestas a algunas preguntas muy importantes antes de dar el siguiente paso. M\u00e1s informaci\u00f3n.<\/p>\n","protected":false},"author":2,"featured_media":2863,"parent":2896,"menu_order":1,"comment_status":"closed","ping_status":"closed","template":"","meta":{"_acf_changed":false,"footnotes":""},"class_list":["post-2903","page","type-page","status-publish","has-post-thumbnail","hentry"],"acf":[],"yoast_head":"<!-- This site is optimized with the Yoast SEO Premium plugin v27.0 (Yoast SEO v27.3) - https:\/\/yoast.com\/product\/yoast-seo-premium-wordpress\/ -->\n<title>Detecci\u00f3n preaborto - Alpha Center<\/title>\n<meta name=\"description\" content=\"Hay algunas cosas importantes que debes saber antes de abortar, y el Centro Alfa est\u00e1 aqu\u00ed para ayudarte sin coste alguno para ti.\" \/>\n<meta name=\"robots\" content=\"index, follow, max-snippet:-1, max-image-preview:large, max-video-preview:-1\" \/>\n<link rel=\"canonical\" href=\"https:\/\/thealphacenter.org\/es\/servicios-para-embarazadas\/deteccion-preaborto\/\" \/>\n<meta property=\"og:locale\" content=\"es_ES\" \/>\n<meta property=\"og:type\" content=\"article\" \/>\n<meta property=\"og:title\" content=\"Detecci\u00f3n preaborto\" \/>\n<meta property=\"og:description\" content=\"Hay algunas cosas importantes que debes saber antes de abortar, y el Centro Alfa est\u00e1 aqu\u00ed para ayudarte sin coste alguno para ti.\" \/>\n<meta property=\"og:url\" content=\"https:\/\/thealphacenter.org\/es\/servicios-para-embarazadas\/deteccion-preaborto\/\" \/>\n<meta property=\"og:site_name\" content=\"Alpha Center\" \/>\n<meta property=\"article:publisher\" content=\"https:\/\/www.facebook.com\/thealphacenter\" \/>\n<meta property=\"article:modified_time\" content=\"2025-10-23T08:27:46+00:00\" \/>\n<meta property=\"og:image\" content=\"https:\/\/thealphacenter.org\/wp-content\/uploads\/2020\/04\/shutterstock_28456950ff5-1.jpg\" \/>\n\t<meta property=\"og:image:width\" content=\"1920\" \/>\n\t<meta property=\"og:image:height\" content=\"780\" \/>\n\t<meta property=\"og:image:type\" content=\"image\/jpeg\" \/>\n<meta name=\"twitter:card\" content=\"summary_large_image\" \/>\n<meta name=\"twitter:label1\" content=\"Est. reading time\" \/>\n\t<meta name=\"twitter:data1\" content=\"4 minutes\" \/>\n<!-- \/ Yoast SEO Premium plugin. -->","yoast_head_json":{"title":"Detecci\u00f3n preaborto - Alpha Center","description":"Hay algunas cosas importantes que debes saber antes de abortar, y el Centro Alfa est\u00e1 aqu\u00ed para ayudarte sin coste alguno para ti.","robots":{"index":"index","follow":"follow","max-snippet":"max-snippet:-1","max-image-preview":"max-image-preview:large","max-video-preview":"max-video-preview:-1"},"canonical":"https:\/\/thealphacenter.org\/es\/servicios-para-embarazadas\/deteccion-preaborto\/","og_locale":"es_ES","og_type":"article","og_title":"Detecci\u00f3n preaborto","og_description":"Hay algunas cosas importantes que debes saber antes de abortar, y el Centro Alfa est\u00e1 aqu\u00ed para ayudarte sin coste alguno para ti.","og_url":"https:\/\/thealphacenter.org\/es\/servicios-para-embarazadas\/deteccion-preaborto\/","og_site_name":"Alpha Center","article_publisher":"https:\/\/www.facebook.com\/thealphacenter","article_modified_time":"2025-10-23T08:27:46+00:00","og_image":[{"width":1920,"height":780,"url":"https:\/\/thealphacenter.org\/wp-content\/uploads\/2020\/04\/shutterstock_28456950ff5-1.jpg","type":"image\/jpeg"}],"twitter_card":"summary_large_image","twitter_misc":{"Est. reading time":"4 minutes"},"schema":{"@context":"https:\/\/schema.org","@graph":[{"@type":"WebPage","@id":"https:\/\/thealphacenter.org\/es\/servicios-para-embarazadas\/deteccion-preaborto\/","url":"https:\/\/thealphacenter.org\/es\/servicios-para-embarazadas\/deteccion-preaborto\/","name":"Detecci\u00f3n preaborto - Alpha Center","isPartOf":{"@id":"https:\/\/thealphacenter.org\/es\/#website"},"primaryImageOfPage":{"@id":"https:\/\/thealphacenter.org\/es\/servicios-para-embarazadas\/deteccion-preaborto\/#primaryimage"},"image":{"@id":"https:\/\/thealphacenter.org\/es\/servicios-para-embarazadas\/deteccion-preaborto\/#primaryimage"},"thumbnailUrl":"https:\/\/thealphacenter.org\/wp-content\/uploads\/2020\/04\/shutterstock_28456950ff5-1.jpg","datePublished":"2023-11-22T13:08:28+00:00","dateModified":"2025-10-23T08:27:46+00:00","description":"Hay algunas cosas importantes que debes saber antes de abortar, y el Centro Alfa est\u00e1 aqu\u00ed para ayudarte sin coste alguno para ti.","breadcrumb":{"@id":"https:\/\/thealphacenter.org\/es\/servicios-para-embarazadas\/deteccion-preaborto\/#breadcrumb"},"inLanguage":"es-ES","potentialAction":[{"@type":"ReadAction","target":["https:\/\/thealphacenter.org\/es\/servicios-para-embarazadas\/deteccion-preaborto\/"]}]},{"@type":"ImageObject","inLanguage":"es-ES","@id":"https:\/\/thealphacenter.org\/es\/servicios-para-embarazadas\/deteccion-preaborto\/#primaryimage","url":"https:\/\/thealphacenter.org\/wp-content\/uploads\/2020\/04\/shutterstock_28456950ff5-1.jpg","contentUrl":"https:\/\/thealphacenter.org\/wp-content\/uploads\/2020\/04\/shutterstock_28456950ff5-1.jpg","width":1920,"height":780},{"@type":"BreadcrumbList","@id":"https:\/\/thealphacenter.org\/es\/servicios-para-embarazadas\/deteccion-preaborto\/#breadcrumb","itemListElement":[{"@type":"ListItem","position":1,"name":"Home","item":"https:\/\/thealphacenter.org\/es\/"},{"@type":"ListItem","position":2,"name":"Servicios para embarazadas","item":"https:\/\/thealphacenter.org\/es\/servicios-para-embarazadas\/"},{"@type":"ListItem","position":3,"name":"Detecci\u00f3n preaborto"}]},{"@type":"WebSite","@id":"https:\/\/thealphacenter.org\/es\/#website","url":"https:\/\/thealphacenter.org\/es\/","name":"Alpha Center","description":"","publisher":{"@id":"https:\/\/thealphacenter.org\/es\/#organization"},"potentialAction":[{"@type":"SearchAction","target":{"@type":"EntryPoint","urlTemplate":"https:\/\/thealphacenter.org\/es\/?s={search_term_string}"},"query-input":{"@type":"PropertyValueSpecification","valueRequired":true,"valueName":"search_term_string"}}],"inLanguage":"es-ES"},{"@type":"Organization","@id":"https:\/\/thealphacenter.org\/es\/#organization","name":"Alpha Center","url":"https:\/\/thealphacenter.org\/es\/","logo":{"@type":"ImageObject","inLanguage":"es-ES","@id":"https:\/\/thealphacenter.org\/es\/#\/schema\/logo\/image\/","url":"https:\/\/thealphacenter.org\/wp-content\/uploads\/2025\/03\/horizontal-logo-2022.png","contentUrl":"https:\/\/thealphacenter.org\/wp-content\/uploads\/2025\/03\/horizontal-logo-2022.png","width":700,"height":150,"caption":"Alpha Center"},"image":{"@id":"https:\/\/thealphacenter.org\/es\/#\/schema\/logo\/image\/"},"sameAs":["https:\/\/www.facebook.com\/thealphacenter","https:\/\/www.instagram.com\/thealphacentercolorado"]}]}},"_links":{"self":[{"href":"https:\/\/thealphacenter.org\/es\/wp-json\/wp\/v2\/pages\/2903","targetHints":{"allow":["GET"]}}],"collection":[{"href":"https:\/\/thealphacenter.org\/es\/wp-json\/wp\/v2\/pages"}],"about":[{"href":"https:\/\/thealphacenter.org\/es\/wp-json\/wp\/v2\/types\/page"}],"author":[{"embeddable":true,"href":"https:\/\/thealphacenter.org\/es\/wp-json\/wp\/v2\/users\/2"}],"replies":[{"embeddable":true,"href":"https:\/\/thealphacenter.org\/es\/wp-json\/wp\/v2\/comments?post=2903"}],"version-history":[{"count":4,"href":"https:\/\/thealphacenter.org\/es\/wp-json\/wp\/v2\/pages\/2903\/revisions"}],"predecessor-version":[{"id":4507,"href":"https:\/\/thealphacenter.org\/es\/wp-json\/wp\/v2\/pages\/2903\/revisions\/4507"}],"up":[{"embeddable":true,"href":"https:\/\/thealphacenter.org\/es\/wp-json\/wp\/v2\/pages\/2896"}],"wp:featuredmedia":[{"embeddable":true,"href":"https:\/\/thealphacenter.org\/es\/wp-json\/wp\/v2\/media\/2863"}],"wp:attachment":[{"href":"https:\/\/thealphacenter.org\/es\/wp-json\/wp\/v2\/media?parent=2903"}],"curies":[{"name":"wp","href":"https:\/\/api.w.org\/{rel}","templated":true}]}}