{"id":2901,"date":"2023-11-22T06:02:21","date_gmt":"2023-11-22T13:02:21","guid":{"rendered":"https:\/\/thealphacenter.org\/pruebas-de-ets\/"},"modified":"2026-05-01T04:41:20","modified_gmt":"2026-05-01T10:41:20","slug":"pruebas-de-ets","status":"publish","type":"page","link":"https:\/\/thealphacenter.org\/es\/pruebas-de-ets\/","title":{"rendered":"Pruebas y tratamiento gratuitos de ITS en Fort Collins, CO | Alpha Center"},"content":{"rendered":"<h2>\u00bfQu\u00e9 es una ITS?<\/h2>\n<p>Una <a href=\"https:\/\/www.cdc.gov\/sti\/about\/index.html\" data-wpel-link=\"external\" rel=\"external noopener noreferrer\">infecci\u00f3n de transmisi\u00f3n sexual<\/a> (tambi\u00e9n conocida como ETS) es un virus, infecci\u00f3n, par\u00e1sito u hongo que las personas pueden contraer por contacto sexual. Si eres sexualmente activo, corres el riesgo de contraer y transmitir una ITS. <\/p>\n<p>Puedes contraer una ITS a trav\u00e9s del sexo vaginal, anal u oral. Las siguientes personas son m\u00e1s susceptibles de contraer ITS: <\/p>\n<ul>\n<li>J\u00f3venes de 15 a 24 a\u00f1os<\/li>\n<li>Mujeres embarazadas<\/li>\n<li>Algunos grupos minoritarios<\/li>\n<\/ul>\n<p>En 2021 se notificaron m\u00e1s de 2,5 millones de casos de <a href=\"https:\/\/thealphacenter.org\/es\/clamidia-sintomas-tratamiento-y-recursos-en-fort-collins-colorado\/\" data-wpel-link=\"internal\">clamidia<\/a>, gonorrea y s\u00edfilis en todo el pa\u00eds.<\/p>\n<p>En <a href=\"https:\/\/cdphe.colorado.gov\/sti-hiv\" data-wpel-link=\"external\" rel=\"external noopener noreferrer\">Colorado<\/a> (seg\u00fan los \u00faltimos informes disponibles), hubo 410 nuevos diagn\u00f3sticos de VIH en 2021 y 38.533 nuevas infecciones de ITS diagnosticadas en 2022.<\/p>\n<p><img fetchpriority=\"high\" decoding=\"async\" src=\"https:\/\/thealphacenter.org\/wp-content\/uploads\/2024\/10\/pexels-timmossholder-3063478-1024x683.jpg\" alt=\"los estudiantes se someten a pruebas sti gratuitas en fort collins en el centro alpha\" width=\"1024\" height=\"683\"><\/p>\n<p>\u00bfPor qu\u00e9 necesito una prueba de ITS si no tengo s\u00edntomas?<\/p>\n<p>Nadie quiere pensar en tener una ITS. Al fin y al cabo, eso s\u00f3lo le pasa a otras personas, y es vergonzoso hablar de tu vida sexual. Sin embargo, si eres sexualmente activa, debes someterte regularmente a pruebas de detecci\u00f3n de ITS.<\/p>\n<p>Hasta el 75% de las <a href=\"https:\/\/www.cdc.gov\/sti\/testing\/index.html\" data-wpel-link=\"external\" rel=\"external noopener noreferrer\"><abbr title=\"infecciones de transmisi\u00f3n sexual\">ITS<\/abbr><\/a> no presentan signos ni s\u00edntomas (son asintom\u00e1ticas) y, de hecho, el s\u00edntoma n\u00ba 1 de las ITS es la ausencia total de s\u00edntomas. Como puede no haber s\u00edntomas, la gente pospone hacerse las pruebas.<\/p>\n<p>Si no se tratan, <a href=\"https:\/\/www.cdc.gov\/sti\/php\/communication-resources\/the-state-of-stis.html?CDC_AAref_Val=https:\/\/www.cdc.gov\/std\/statistics\/infographic.htm\" target=\"_blank\" rel=\"noopener external noreferrer\" data-wpel-link=\"external\">las ITS<\/a> pueden causar lo siguiente:<\/p>\n<ul>\n<li>Mayor riesgo de contagiar o contraer el VIH<\/li>\n<li>Dolor p\u00e9lvico\/abdominal de larga duraci\u00f3n<\/li>\n<li>Incapacidad para quedarse embarazada o complicaciones en el embarazo<\/li>\n<li>Enfermedad inflamatoria p\u00e9lvica<\/li>\n<\/ul>\n<p><a href=\"https:\/\/cdphe.colorado.gov\/sti-hiv-vh\/syphilis\/pregnancy\" data-wpel-link=\"external\" rel=\"external noopener noreferrer\">De 2018 a 2023, los casos de s\u00edfilis cong\u00e9nita aumentaron m\u00e1s de siete veces (de 7 casos a 50 casos).<\/a>  Por ello, si est\u00e1s embarazada, en tu primera visita prenatal debe realizarse un panel completo de pruebas de ITS.<\/p>\n<h2>\u00bfQu\u00e9 pruebas realiza Alpha Center?<\/h2>\n<p>Las ITS son muy frecuentes. La buena noticia es que tambi\u00e9n se pueden prevenir, y la mayor\u00eda son curables. Damos a nuestros pacientes la mejor atenci\u00f3n posible. Nuestras enfermeras realizan pruebas de detecci\u00f3n de las siguientes ITS:<\/p>\n<ul>\n<li>VIH<\/li>\n<li><a href=\"https:\/\/thealphacenter.org\/es\/clamidia-sintomas-tratamiento-y-recursos-en-fort-collins-colorado\/\" data-wpel-link=\"internal\">Clamidia<\/a><\/li>\n<li>Gonorrea<\/li>\n<li>S\u00edfilis<\/li>\n<\/ul>\n<h2>\u00bfA qui\u00e9n proporciona Alpha Center pruebas de ITS?<\/h2>\n<p>Tanto hombres como mujeres pueden pedir cita en <a href=\"https:\/\/thealphacenter.org\/es\/pongase-en-contacto-con-nosotros\/\" data-wpel-link=\"internal\">Alpha Center<\/a> para someterse a pruebas de ITS. Ofrecemos pruebas rutinarias de ITS y tratamiento sin coste alguno para ti hasta dos veces al a\u00f1o. Tambi\u00e9n ofrecemos pruebas para las parejas de quienes han tenido un resultado positivo, y pruebas para la reinfecci\u00f3n.  <\/p>\n<p>Como ofrecemos nuestros servicios sin coste alguno, no se factura a su seguro y las pruebas son totalmente confidenciales. Tenga en cuenta lo siguiente:<\/p>\n<ul>\n<li>Necesitamos su documento de identidad para crear su historial y verificar su identidad. Esta informaci\u00f3n no se comparte fuera de nuestra oficina.<\/li>\n<li>Si forma parte del Banner Health System, sus resultados pueden aparecer en su expediente de paciente.<\/li>\n<\/ul>\n<h2>\u00bfQu\u00e9 trata Alpha Center?<\/h2>\n<p>Actualmente, Alpha Center trata gratuitamente la clamidia. Si obtienes un resultado positivo en gonorrea, VIH o s\u00edfilis, te proporcionaremos la documentaci\u00f3n necesaria y te remitiremos a otros servicios para que te eval\u00faen y traten otras ITS.<\/p>\n<h2>\u00bfQu\u00e9 debo esperar de mi cita?<\/h2>\n<p>Su cita durar\u00e1 aproximadamente 45 minutos para que podamos realizarle una exploraci\u00f3n adecuada y se reunir\u00e1 con una de nuestras enfermeras tituladas. Es necesario que conciertes una cita para las pruebas de ITS. Llame al 970-239-2272 para concertar una cita.<\/p>\n<h3>Fuentes:<\/h3>\n<p><a href=\"https:\/\/www.cdc.gov\/sti\/testing\/index.html\" data-wpel-link=\"external\" rel=\"external noopener noreferrer\">Centros para el Control y la Prevenci\u00f3n de Enfermedades<\/a><\/p>\n<p><a href=\"https:\/\/cdphe.colorado.gov\/sti-hiv\" data-wpel-link=\"external\" rel=\"external noopener noreferrer\">Departamento de Salud y Medio Ambiente de Colorado<\/a><\/p>\n<p><img decoding=\"async\" src=\"https:\/\/thealphacenter.org\/wp-content\/uploads\/2024\/01\/New-STD-Testing-in-Fort-Collins-Badge-1-300x238.png\" sizes=\"(max-width: 300px) 100vw, 300px\" srcset=\"https:\/\/thealphacenter.org\/wp-content\/uploads\/2024\/01\/New-STD-Testing-in-Fort-Collins-Badge-1-300x238.png 300w, https:\/\/thealphacenter.org\/wp-content\/uploads\/2024\/01\/New-STD-Testing-in-Fort-Collins-Badge-1-1024x812.png 1024w, https:\/\/thealphacenter.org\/wp-content\/uploads\/2024\/01\/New-STD-Testing-in-Fort-Collins-Badge-1-768x609.png 768w, https:\/\/thealphacenter.org\/wp-content\/uploads\/2024\/01\/New-STD-Testing-in-Fort-Collins-Badge-1-1536x1219.png 1536w, https:\/\/thealphacenter.org\/wp-content\/uploads\/2024\/01\/New-STD-Testing-in-Fort-Collins-Badge-1-120x95.png 120w, https:\/\/thealphacenter.org\/wp-content\/uploads\/2024\/01\/New-STD-Testing-in-Fort-Collins-Badge-1.png 1815w\" alt=\"Alpha Center galardonada como mejor organizaci\u00f3n comunitaria de pruebas de ETS\" width=\"300\" height=\"238\"><\/p>\n","protected":false},"excerpt":{"rendered":"<p>Alpha Center ofrece pruebas rutinarias de ITS gratuitas hasta dos veces al a\u00f1o. Pide cita hoy llamando al 970.239.2272. <\/p>\n","protected":false},"author":2,"featured_media":3574,"parent":0,"menu_order":0,"comment_status":"closed","ping_status":"closed","template":"","meta":{"_acf_changed":false,"footnotes":""},"class_list":["post-2901","page","type-page","status-publish","has-post-thumbnail","hentry"],"acf":[],"yoast_head":"<!-- This site is optimized with the Yoast SEO Premium plugin v27.0 (Yoast SEO v27.6) - https:\/\/yoast.com\/product\/yoast-seo-premium-wordpress\/ -->\n<title>Pruebas y tratamiento gratuitos de ITS en Fort Collins, CO | Alpha Center - Alpha Center<\/title>\n<meta name=\"description\" content=\"Las ITS son frecuentes, y Alpha Center est\u00e1 aqu\u00ed para ayudarte ofreci\u00e9ndote pruebas rutinarias de ITS y tratamiento gratuito de la clamidia. \ud83d\udc69\u200d\u2695\ufe0f\" \/>\n<meta name=\"robots\" content=\"index, follow, max-snippet:-1, max-image-preview:large, max-video-preview:-1\" \/>\n<link rel=\"canonical\" href=\"https:\/\/thealphacenter.org\/es\/pruebas-de-ets\/\" \/>\n<meta property=\"og:locale\" content=\"es_ES\" \/>\n<meta property=\"og:type\" content=\"article\" \/>\n<meta property=\"og:title\" content=\"Pruebas y tratamiento gratuitos de ITS en Fort Collins, CO | Alpha Center\" \/>\n<meta property=\"og:description\" content=\"Las ITS son frecuentes, y Alpha Center est\u00e1 aqu\u00ed para ayudarte ofreci\u00e9ndote pruebas rutinarias de ITS y tratamiento gratuito de la clamidia. \ud83d\udc69\u200d\u2695\ufe0f\" \/>\n<meta property=\"og:url\" content=\"https:\/\/thealphacenter.org\/es\/pruebas-de-ets\/\" \/>\n<meta property=\"og:site_name\" content=\"Alpha Center\" \/>\n<meta property=\"article:publisher\" content=\"https:\/\/www.facebook.com\/thealphacenter\" \/>\n<meta property=\"article:modified_time\" content=\"2026-05-01T10:41:20+00:00\" \/>\n<meta property=\"og:image\" content=\"https:\/\/thealphacenter.org\/wp-content\/uploads\/2024\/10\/pexels-timmossholder-3063478-scaled.jpg\" \/>\n\t<meta property=\"og:image:width\" content=\"2560\" \/>\n\t<meta property=\"og:image:height\" content=\"1707\" \/>\n\t<meta property=\"og:image:type\" content=\"image\/jpeg\" \/>\n<meta name=\"twitter:card\" content=\"summary_large_image\" \/>\n<meta name=\"twitter:label1\" content=\"Est. reading time\" \/>\n\t<meta name=\"twitter:data1\" content=\"3 minutes\" \/>\n<!-- \/ Yoast SEO Premium plugin. -->","yoast_head_json":{"title":"Pruebas y tratamiento gratuitos de ITS en Fort Collins, CO | Alpha Center - Alpha Center","description":"Las ITS son frecuentes, y Alpha Center est\u00e1 aqu\u00ed para ayudarte ofreci\u00e9ndote pruebas rutinarias de ITS y tratamiento gratuito de la clamidia. \ud83d\udc69\u200d\u2695\ufe0f","robots":{"index":"index","follow":"follow","max-snippet":"max-snippet:-1","max-image-preview":"max-image-preview:large","max-video-preview":"max-video-preview:-1"},"canonical":"https:\/\/thealphacenter.org\/es\/pruebas-de-ets\/","og_locale":"es_ES","og_type":"article","og_title":"Pruebas y tratamiento gratuitos de ITS en Fort Collins, CO | Alpha Center","og_description":"Las ITS son frecuentes, y Alpha Center est\u00e1 aqu\u00ed para ayudarte ofreci\u00e9ndote pruebas rutinarias de ITS y tratamiento gratuito de la clamidia. \ud83d\udc69\u200d\u2695\ufe0f","og_url":"https:\/\/thealphacenter.org\/es\/pruebas-de-ets\/","og_site_name":"Alpha Center","article_publisher":"https:\/\/www.facebook.com\/thealphacenter","article_modified_time":"2026-05-01T10:41:20+00:00","og_image":[{"width":2560,"height":1707,"url":"https:\/\/thealphacenter.org\/wp-content\/uploads\/2024\/10\/pexels-timmossholder-3063478-scaled.jpg","type":"image\/jpeg"}],"twitter_card":"summary_large_image","twitter_misc":{"Est. reading time":"3 minutes"},"schema":{"@context":"https:\/\/schema.org","@graph":[{"@type":"WebPage","@id":"https:\/\/thealphacenter.org\/es\/pruebas-de-ets\/","url":"https:\/\/thealphacenter.org\/es\/pruebas-de-ets\/","name":"Pruebas y tratamiento gratuitos de ITS en Fort Collins, CO | Alpha Center - Alpha Center","isPartOf":{"@id":"https:\/\/thealphacenter.org\/es\/#website"},"primaryImageOfPage":{"@id":"https:\/\/thealphacenter.org\/es\/pruebas-de-ets\/#primaryimage"},"image":{"@id":"https:\/\/thealphacenter.org\/es\/pruebas-de-ets\/#primaryimage"},"thumbnailUrl":"https:\/\/thealphacenter.org\/wp-content\/uploads\/2024\/10\/pexels-timmossholder-3063478-scaled.jpg","datePublished":"2023-11-22T13:02:21+00:00","dateModified":"2026-05-01T10:41:20+00:00","description":"Las ITS son frecuentes, y Alpha Center est\u00e1 aqu\u00ed para ayudarte ofreci\u00e9ndote pruebas rutinarias de ITS y tratamiento gratuito de la clamidia. \ud83d\udc69\u200d\u2695\ufe0f","breadcrumb":{"@id":"https:\/\/thealphacenter.org\/es\/pruebas-de-ets\/#breadcrumb"},"inLanguage":"es-ES","potentialAction":[{"@type":"ReadAction","target":["https:\/\/thealphacenter.org\/es\/pruebas-de-ets\/"]}]},{"@type":"ImageObject","inLanguage":"es-ES","@id":"https:\/\/thealphacenter.org\/es\/pruebas-de-ets\/#primaryimage","url":"https:\/\/thealphacenter.org\/wp-content\/uploads\/2024\/10\/pexels-timmossholder-3063478-scaled.jpg","contentUrl":"https:\/\/thealphacenter.org\/wp-content\/uploads\/2024\/10\/pexels-timmossholder-3063478-scaled.jpg","width":2560,"height":1707},{"@type":"BreadcrumbList","@id":"https:\/\/thealphacenter.org\/es\/pruebas-de-ets\/#breadcrumb","itemListElement":[{"@type":"ListItem","position":1,"name":"Home","item":"https:\/\/thealphacenter.org\/es\/inicio\/"},{"@type":"ListItem","position":2,"name":"Pruebas y tratamiento gratuitos de ITS en Fort Collins, CO | Alpha Center"}]},{"@type":"WebSite","@id":"https:\/\/thealphacenter.org\/es\/#website","url":"https:\/\/thealphacenter.org\/es\/","name":"Alpha Center","description":"","publisher":{"@id":"https:\/\/thealphacenter.org\/es\/#organization"},"potentialAction":[{"@type":"SearchAction","target":{"@type":"EntryPoint","urlTemplate":"https:\/\/thealphacenter.org\/es\/?s={search_term_string}"},"query-input":{"@type":"PropertyValueSpecification","valueRequired":true,"valueName":"search_term_string"}}],"inLanguage":"es-ES"},{"@type":"Organization","@id":"https:\/\/thealphacenter.org\/es\/#organization","name":"Alpha Center","url":"https:\/\/thealphacenter.org\/es\/","logo":{"@type":"ImageObject","inLanguage":"es-ES","@id":"https:\/\/thealphacenter.org\/es\/#\/schema\/logo\/image\/","url":"https:\/\/thealphacenter.org\/wp-content\/uploads\/2025\/03\/horizontal-logo-2022.png","contentUrl":"https:\/\/thealphacenter.org\/wp-content\/uploads\/2025\/03\/horizontal-logo-2022.png","width":700,"height":150,"caption":"Alpha Center"},"image":{"@id":"https:\/\/thealphacenter.org\/es\/#\/schema\/logo\/image\/"},"sameAs":["https:\/\/www.facebook.com\/thealphacenter","https:\/\/www.instagram.com\/thealphacentercolorado"]}]}},"_links":{"self":[{"href":"https:\/\/thealphacenter.org\/es\/wp-json\/wp\/v2\/pages\/2901","targetHints":{"allow":["GET"]}}],"collection":[{"href":"https:\/\/thealphacenter.org\/es\/wp-json\/wp\/v2\/pages"}],"about":[{"href":"https:\/\/thealphacenter.org\/es\/wp-json\/wp\/v2\/types\/page"}],"author":[{"embeddable":true,"href":"https:\/\/thealphacenter.org\/es\/wp-json\/wp\/v2\/users\/2"}],"replies":[{"embeddable":true,"href":"https:\/\/thealphacenter.org\/es\/wp-json\/wp\/v2\/comments?post=2901"}],"version-history":[{"count":27,"href":"https:\/\/thealphacenter.org\/es\/wp-json\/wp\/v2\/pages\/2901\/revisions"}],"predecessor-version":[{"id":5047,"href":"https:\/\/thealphacenter.org\/es\/wp-json\/wp\/v2\/pages\/2901\/revisions\/5047"}],"wp:featuredmedia":[{"embeddable":true,"href":"https:\/\/thealphacenter.org\/es\/wp-json\/wp\/v2\/media\/3574"}],"wp:attachment":[{"href":"https:\/\/thealphacenter.org\/es\/wp-json\/wp\/v2\/media?parent=2901"}],"curies":[{"name":"wp","href":"https:\/\/api.w.org\/{rel}","templated":true}]}}