{"id":2900,"date":"2023-11-22T06:08:45","date_gmt":"2023-11-22T13:08:45","guid":{"rendered":"https:\/\/thealphacenter.org\/servicios-para-embarazadas\/pruebas-de-embarazo\/"},"modified":"2026-02-24T15:21:01","modified_gmt":"2026-02-24T22:21:01","slug":"pruebas-de-embarazo","status":"publish","type":"page","link":"https:\/\/thealphacenter.org\/es\/servicios-para-embarazadas\/pruebas-de-embarazo\/","title":{"rendered":"Pruebas de embarazo"},"content":{"rendered":"\t\t<div data-elementor-type=\"wp-page\" data-elementor-id=\"2900\" class=\"elementor elementor-2900 elementor-352\" data-elementor-post-type=\"page\">\n\t\t\t\t<div class=\"elementor-element elementor-element-5d31c9e7 e-flex e-con-boxed e-con e-parent\" data-id=\"5d31c9e7\" data-element_type=\"container\" data-e-type=\"container\">\n\t\t\t\t\t<div class=\"e-con-inner\">\n\t\t\t\t<div class=\"elementor-element elementor-element-367d43e7 elementor-widget elementor-widget-text-editor\" data-id=\"367d43e7\" data-element_type=\"widget\" data-e-type=\"widget\" data-widget_type=\"text-editor.default\">\n\t\t\t\t<div class=\"elementor-widget-container\">\n\t\t\t\t\t\t\t\t\t<h2>\u00bfC\u00f3mo s\u00e9 que mi prueba de embarazo era exacta?<\/h2><p>Una prueba de embarazo indica la posibilidad de embarazo. Aunque no es habitual, es posible obtener un resultado falso en una prueba de embarazo, lo que significa que los resultados son err\u00f3neos.<\/p><p>\u00bfC\u00f3mo puedes estar seguro de <a href=\"https:\/\/thealphacenter.org\/es\/como-se-si-el-resultado-de-mi-prueba-de-embarazo-es-exacto\/\" data-wpel-link=\"internal\">que tu resultado es exacto<\/a>? Debes hacerte <a href=\"https:\/\/www.ncbi.nlm.nih.gov\/books\/NBK556135\/#:~:text=While%20both%20testing%20types%20are%20highly%20sensitive%20and%20specific%2C%20the%20result%20from%20a%20single%20test%20should%20not%20be%20used%20as%20definitive%20evidence%C2%A0of%20pregnancy%20or%20lack%20thereof.\" target=\"_blank\" rel=\"noopener external noreferrer\" data-wpel-link=\"external\">m\u00e1s de una<\/a> prueba de embarazo a lo largo de varios d\u00edas, pero no tienes por qu\u00e9 seguir pag\u00e1ndolas. Ofrecemos pruebas de embarazo <em>gratuitas y confidenciales<\/em> con calidad de laboratorio.<\/p><p>Si su prueba de Alpha Center es positiva, una enfermera la evaluar\u00e1 para determinar si re\u00fane los requisitos para una <a href=\"https:\/\/thealphacenter.org\/es\/servicios-para-embarazadas\/ecografia\/\" data-wpel-link=\"internal\">ecograf\u00eda<\/a>. Una ecograf\u00eda demuestra si la prueba de embarazo es exacta o no.<\/p><h2>\u00bfCu\u00e1ndo debe hacerse una prueba de embarazo?<\/h2><p>Los siguientes suelen ser los <a href=\"https:\/\/www.mayoclinic.org\/healthy-lifestyle\/getting-pregnant\/in-depth\/symptoms-of-pregnancy\/art-20043853\" target=\"_blank\" rel=\"noopener external noreferrer\" data-wpel-link=\"external\">primeros s\u00edntomas<\/a> de un embarazo precoz:<\/p><ul><li>Falta de menstruaci\u00f3n<\/li><li>Senos sensibles e hinchados<\/li><li>N\u00e1useas, con o sin v\u00f3mitos<\/li><li>Aumento de la micci\u00f3n<\/li><li>Fatiga<\/li><\/ul><p>Algunas mujeres experimentan todos los s\u00edntomas mencionados inmediatamente, mientras que otras no experimentan nada durante semanas o meses. Responda a nuestro <a href=\"https:\/\/thealphacenter.org\/es\/cuestionario-sobre-los-sintomas-del-embarazo\/\" target=\"_blank\" rel=\"noopener\" data-wpel-link=\"internal\">cuestionario sobre los s\u00edntomas del embarazo<\/a> para comprender mejor las probabilidades que tiene de estar embarazada.<\/p><p>Los expertos recomiendan esperar hasta despu\u00e9s de la falta antes de realizar la prueba. Si haces la prueba demasiado pronto, puede ser demasiado pronto para que la hormona del embarazo (hCG) se acumule en tu sangre y orina, lo que podr\u00eda dar lugar a un falso negativo. Aseg\u00farate <a href=\"https:\/\/thealphacenter.org\/es\/cuando-debo-hacerme-una-prueba-de-embarazo\/\" data-wpel-link=\"internal\">de esperar 4 semanas<\/a> desde tu FUR (\u00faltima menstruaci\u00f3n) antes de hacerte la prueba para que sea lo m\u00e1s precisa posible.<\/p><h2>\u00bfC\u00f3mo puede ser err\u00f3neo el resultado de la prueba de embarazo?<\/h2><p>Es esencial seguir atentamente las instrucciones, comprobar la fecha de caducidad y realizar la prueba en el momento adecuado del d\u00eda.<\/p><p>Si realiza la prueba a \u00faltima hora del d\u00eda, puede obtener un resultado negativo porque su orina est\u00e1 diluida. O podr\u00eda obtener un resultado positivo a pesar de haber tenido un embarazo <a href=\"https:\/\/www.mayoclinic.org\/diseases-conditions\/ectopic-pregnancy\/symptoms-causes\/syc-20372088\" target=\"_blank\" rel=\"noopener external noreferrer\" data-wpel-link=\"external\">ect\u00f3pico<\/a> o un aborto espont\u00e1neo.<\/p><h2>\u00bfCu\u00e1l es su primer paso?<\/h2><p><a href=\"https:\/\/thealphacenter.org\/es\/pongase-en-contacto-con-nosotros\/\" data-wpel-link=\"internal\">Pide cita<\/a> online o ll\u00e1manos al 970-239-2272 para concertar una cita.<\/p><p>Tambi\u00e9n puede realizar nuestro <a style=\"background-color: #ffffff;\" href=\"https:\/\/thealphacenter.org\/es\/cuestionario-sobre-los-sintomas-del-embarazo\/\" target=\"_blank\" rel=\"noopener\" data-wpel-link=\"internal\">Cuestionario de s\u00edntomas de embarazo<\/a>, que puede darle una mejor idea de las probabilidades que tiene de estar embarazada. <em>(No se trata de una herramienta de diagn\u00f3stico).<\/em><\/p><p>Prestamos nuestros servicios sin coste alguno porque nos preocupamos por su salud y seguridad desde el principio. P\u00f3ngase en contacto con nosotros hoy mismo para solicitar una prueba de embarazo gratuita.<\/p>\t\t\t\t\t\t\t\t<\/div>\n\t\t\t\t<\/div>\n\t\t\t\t\t<\/div>\n\t\t\t\t<\/div>\n\t\t\t\t<\/div>\n\t\t","protected":false},"excerpt":{"rendered":"<p>Es fundamental realizar la prueba de embarazo en el momento adecuado y de la forma correcta. Aseg\u00farese de obtener resultados precisos acudiendo a Alpha Center para someterse a pruebas de embarazo gratuitas y confidenciales. Nuestras pruebas son de calidad de laboratorio y administradas por una de nuestras enfermeras. Podemos ayudarle a obtener las respuestas que necesita.  <\/p>\n","protected":false},"author":2,"featured_media":2869,"parent":2896,"menu_order":2,"comment_status":"closed","ping_status":"closed","template":"","meta":{"_acf_changed":false,"footnotes":""},"class_list":["post-2900","page","type-page","status-publish","has-post-thumbnail","hentry"],"acf":[],"yoast_head":"<!-- This site is optimized with the Yoast SEO Premium plugin v27.0 (Yoast SEO v27.3) - https:\/\/yoast.com\/product\/yoast-seo-premium-wordpress\/ -->\n<title>Pruebas de embarazo - Alpha Center<\/title>\n<meta name=\"description\" content=\"Hazte una prueba de embarazo gratuita en el Centro Alfa de Fort Collins y obt\u00e9n m\u00e1s informaci\u00f3n sobre tus opciones, tu estado de gestaci\u00f3n y mucho m\u00e1s.\" \/>\n<meta name=\"robots\" content=\"index, follow, max-snippet:-1, max-image-preview:large, max-video-preview:-1\" \/>\n<link rel=\"canonical\" href=\"https:\/\/thealphacenter.org\/es\/servicios-para-embarazadas\/pruebas-de-embarazo\/\" \/>\n<meta property=\"og:locale\" content=\"es_ES\" \/>\n<meta property=\"og:type\" content=\"article\" \/>\n<meta property=\"og:title\" content=\"Pruebas de embarazo\" \/>\n<meta property=\"og:description\" content=\"Hazte una prueba de embarazo gratuita en el Centro Alfa de Fort Collins y obt\u00e9n m\u00e1s informaci\u00f3n sobre tus opciones, tu estado de gestaci\u00f3n y mucho m\u00e1s.\" \/>\n<meta property=\"og:url\" content=\"https:\/\/thealphacenter.org\/es\/servicios-para-embarazadas\/pruebas-de-embarazo\/\" \/>\n<meta property=\"og:site_name\" content=\"Alpha Center\" \/>\n<meta property=\"article:publisher\" content=\"https:\/\/www.facebook.com\/thealphacenter\" \/>\n<meta property=\"article:modified_time\" content=\"2026-02-24T22:21:01+00:00\" \/>\n<meta property=\"og:image\" content=\"https:\/\/thealphacenter.org\/wp-content\/uploads\/2024\/01\/shutterstock_2354305989.jpg\" \/>\n\t<meta property=\"og:image:width\" content=\"1920\" \/>\n\t<meta property=\"og:image:height\" content=\"652\" \/>\n\t<meta property=\"og:image:type\" content=\"image\/jpeg\" \/>\n<meta name=\"twitter:card\" content=\"summary_large_image\" \/>\n<meta name=\"twitter:label1\" content=\"Est. reading time\" \/>\n\t<meta name=\"twitter:data1\" content=\"2 minutes\" \/>\n<!-- \/ Yoast SEO Premium plugin. -->","yoast_head_json":{"title":"Pruebas de embarazo - Alpha Center","description":"Hazte una prueba de embarazo gratuita en el Centro Alfa de Fort Collins y obt\u00e9n m\u00e1s informaci\u00f3n sobre tus opciones, tu estado de gestaci\u00f3n y mucho m\u00e1s.","robots":{"index":"index","follow":"follow","max-snippet":"max-snippet:-1","max-image-preview":"max-image-preview:large","max-video-preview":"max-video-preview:-1"},"canonical":"https:\/\/thealphacenter.org\/es\/servicios-para-embarazadas\/pruebas-de-embarazo\/","og_locale":"es_ES","og_type":"article","og_title":"Pruebas de embarazo","og_description":"Hazte una prueba de embarazo gratuita en el Centro Alfa de Fort Collins y obt\u00e9n m\u00e1s informaci\u00f3n sobre tus opciones, tu estado de gestaci\u00f3n y mucho m\u00e1s.","og_url":"https:\/\/thealphacenter.org\/es\/servicios-para-embarazadas\/pruebas-de-embarazo\/","og_site_name":"Alpha Center","article_publisher":"https:\/\/www.facebook.com\/thealphacenter","article_modified_time":"2026-02-24T22:21:01+00:00","og_image":[{"width":1920,"height":652,"url":"https:\/\/thealphacenter.org\/wp-content\/uploads\/2024\/01\/shutterstock_2354305989.jpg","type":"image\/jpeg"}],"twitter_card":"summary_large_image","twitter_misc":{"Est. reading time":"2 minutes"},"schema":{"@context":"https:\/\/schema.org","@graph":[{"@type":"WebPage","@id":"https:\/\/thealphacenter.org\/es\/servicios-para-embarazadas\/pruebas-de-embarazo\/","url":"https:\/\/thealphacenter.org\/es\/servicios-para-embarazadas\/pruebas-de-embarazo\/","name":"Pruebas de embarazo - Alpha Center","isPartOf":{"@id":"https:\/\/thealphacenter.org\/es\/#website"},"primaryImageOfPage":{"@id":"https:\/\/thealphacenter.org\/es\/servicios-para-embarazadas\/pruebas-de-embarazo\/#primaryimage"},"image":{"@id":"https:\/\/thealphacenter.org\/es\/servicios-para-embarazadas\/pruebas-de-embarazo\/#primaryimage"},"thumbnailUrl":"https:\/\/thealphacenter.org\/wp-content\/uploads\/2024\/01\/shutterstock_2354305989.jpg","datePublished":"2023-11-22T13:08:45+00:00","dateModified":"2026-02-24T22:21:01+00:00","description":"Hazte una prueba de embarazo gratuita en el Centro Alfa de Fort Collins y obt\u00e9n m\u00e1s informaci\u00f3n sobre tus opciones, tu estado de gestaci\u00f3n y mucho m\u00e1s.","breadcrumb":{"@id":"https:\/\/thealphacenter.org\/es\/servicios-para-embarazadas\/pruebas-de-embarazo\/#breadcrumb"},"inLanguage":"es-ES","potentialAction":[{"@type":"ReadAction","target":["https:\/\/thealphacenter.org\/es\/servicios-para-embarazadas\/pruebas-de-embarazo\/"]}]},{"@type":"ImageObject","inLanguage":"es-ES","@id":"https:\/\/thealphacenter.org\/es\/servicios-para-embarazadas\/pruebas-de-embarazo\/#primaryimage","url":"https:\/\/thealphacenter.org\/wp-content\/uploads\/2024\/01\/shutterstock_2354305989.jpg","contentUrl":"https:\/\/thealphacenter.org\/wp-content\/uploads\/2024\/01\/shutterstock_2354305989.jpg","width":1920,"height":652},{"@type":"BreadcrumbList","@id":"https:\/\/thealphacenter.org\/es\/servicios-para-embarazadas\/pruebas-de-embarazo\/#breadcrumb","itemListElement":[{"@type":"ListItem","position":1,"name":"Home","item":"https:\/\/thealphacenter.org\/es\/"},{"@type":"ListItem","position":2,"name":"Servicios para embarazadas","item":"https:\/\/thealphacenter.org\/es\/servicios-para-embarazadas\/"},{"@type":"ListItem","position":3,"name":"Pruebas de embarazo"}]},{"@type":"WebSite","@id":"https:\/\/thealphacenter.org\/es\/#website","url":"https:\/\/thealphacenter.org\/es\/","name":"Alpha Center","description":"","publisher":{"@id":"https:\/\/thealphacenter.org\/es\/#organization"},"potentialAction":[{"@type":"SearchAction","target":{"@type":"EntryPoint","urlTemplate":"https:\/\/thealphacenter.org\/es\/?s={search_term_string}"},"query-input":{"@type":"PropertyValueSpecification","valueRequired":true,"valueName":"search_term_string"}}],"inLanguage":"es-ES"},{"@type":"Organization","@id":"https:\/\/thealphacenter.org\/es\/#organization","name":"Alpha Center","url":"https:\/\/thealphacenter.org\/es\/","logo":{"@type":"ImageObject","inLanguage":"es-ES","@id":"https:\/\/thealphacenter.org\/es\/#\/schema\/logo\/image\/","url":"https:\/\/thealphacenter.org\/wp-content\/uploads\/2025\/03\/horizontal-logo-2022.png","contentUrl":"https:\/\/thealphacenter.org\/wp-content\/uploads\/2025\/03\/horizontal-logo-2022.png","width":700,"height":150,"caption":"Alpha Center"},"image":{"@id":"https:\/\/thealphacenter.org\/es\/#\/schema\/logo\/image\/"},"sameAs":["https:\/\/www.facebook.com\/thealphacenter","https:\/\/www.instagram.com\/thealphacentercolorado"]}]}},"_links":{"self":[{"href":"https:\/\/thealphacenter.org\/es\/wp-json\/wp\/v2\/pages\/2900","targetHints":{"allow":["GET"]}}],"collection":[{"href":"https:\/\/thealphacenter.org\/es\/wp-json\/wp\/v2\/pages"}],"about":[{"href":"https:\/\/thealphacenter.org\/es\/wp-json\/wp\/v2\/types\/page"}],"author":[{"embeddable":true,"href":"https:\/\/thealphacenter.org\/es\/wp-json\/wp\/v2\/users\/2"}],"replies":[{"embeddable":true,"href":"https:\/\/thealphacenter.org\/es\/wp-json\/wp\/v2\/comments?post=2900"}],"version-history":[{"count":19,"href":"https:\/\/thealphacenter.org\/es\/wp-json\/wp\/v2\/pages\/2900\/revisions"}],"predecessor-version":[{"id":4843,"href":"https:\/\/thealphacenter.org\/es\/wp-json\/wp\/v2\/pages\/2900\/revisions\/4843"}],"up":[{"embeddable":true,"href":"https:\/\/thealphacenter.org\/es\/wp-json\/wp\/v2\/pages\/2896"}],"wp:featuredmedia":[{"embeddable":true,"href":"https:\/\/thealphacenter.org\/es\/wp-json\/wp\/v2\/media\/2869"}],"wp:attachment":[{"href":"https:\/\/thealphacenter.org\/es\/wp-json\/wp\/v2\/media?parent=2900"}],"curies":[{"name":"wp","href":"https:\/\/api.w.org\/{rel}","templated":true}]}}