{"id":2899,"date":"2023-11-17T05:03:20","date_gmt":"2023-11-17T12:03:20","guid":{"rendered":"https:\/\/thealphacenter.org\/politica-de-privacidad\/"},"modified":"2025-06-12T11:07:51","modified_gmt":"2025-06-12T17:07:51","slug":"politica-de-privacidad","status":"publish","type":"page","link":"https:\/\/thealphacenter.org\/es\/politica-de-privacidad\/","title":{"rendered":"POL\u00cdTICA DE PRIVACIDAD DE LA WEB DE ALPHA CENTER"},"content":{"rendered":"<p>Este aviso de privacidad proporciona informaci\u00f3n relativa a las pr\u00e1cticas de privacidad de <a href=\"https:\/\/www.thealphacentercollective.org\/\" target=\"_blank\" rel=\"external noopener noreferrer\" data-wpel-link=\"external\">www.thealphacenter.org<\/a> y se aplica \u00fanicamente a la informaci\u00f3n recogida por este sitio web.<\/p>\n<h2>Le notificamos lo siguiente:<\/h2>\n<ol>\n<li>Qu\u00e9 informaci\u00f3n personal identificable se recopila de usted a trav\u00e9s del sitio web, c\u00f3mo se utiliza y con qui\u00e9n puede compartirse.<\/li>\n<li>De qu\u00e9 opciones dispone en relaci\u00f3n con el uso de sus datos.<\/li>\n<li>Los procedimientos de seguridad establecidos para proteger el uso indebido de su informaci\u00f3n.<\/li>\n<li>C\u00f3mo puede corregir cualquier inexactitud en la informaci\u00f3n.<\/li>\n<li>C\u00f3mo se comunicar\u00e1n los cambios de pol\u00edtica.<\/li>\n<\/ol>\n<h2>Recogida, uso e intercambio de informaci\u00f3n:<\/h2>\n<p>Alpha Center es el \u00fanico propietario de la informaci\u00f3n recogida en este sitio. S\u00f3lo tenemos acceso a la informaci\u00f3n que usted nos facilita voluntariamente por correo electr\u00f3nico u otro medio de contacto directo. No vendemos ni alquilamos esta informaci\u00f3n a nadie.<\/p>\n<p>Utilizaremos sus datos para responderle en relaci\u00f3n con el motivo por el que se puso en contacto con nosotros. No compartiremos su informaci\u00f3n con terceros ajenos a nuestra organizaci\u00f3n, salvo cuando sea necesario para atender su solicitud.<\/p>\n<p><b>Como paciente<\/b>, no utilizaremos su informaci\u00f3n fuera de los permisos que nos haya dado durante el proceso de admisi\u00f3n.<\/p>\n<p><strong>Acceso y control de la informaci\u00f3n<\/strong><\/p>\n<p>Con la debida notificaci\u00f3n, usted puede optar por no ser contactado por nosotros en cualquier momento.<\/p>\n<p>Puede hacer lo siguiente en cualquier momento poni\u00e9ndose en contacto con nosotros a trav\u00e9s de la direcci\u00f3n de correo electr\u00f3nico o el n\u00famero de tel\u00e9fono que figuran en nuestro sitio web:<\/p>\n<ul>\n<li>Sepa qu\u00e9 datos tenemos sobre usted, si los hay.<\/li>\n<li>Modificar\/corregir los datos que tenemos sobre usted.<\/li>\n<li>Pedirnos que borremos los datos que tenemos sobre usted.<\/li>\n<li>Expresar cualquier preocupaci\u00f3n que tenga sobre el uso que hacemos de sus datos.<\/li>\n<\/ul>\n<h2>\u00bfC\u00f3mo elimino mi direcci\u00f3n de correo electr\u00f3nico o f\u00edsica de su lista de distribuci\u00f3n?<\/h2>\n<p>Si desea dejar de recibir comunicaciones de Alpha Center, puede hacerlo envi\u00e1ndonos un correo electr\u00f3nico a<a href=\"mailto:mail@thealphacenter.org\"> mail@thealphacenter.org<\/a>.<\/p>\n<h2>Seguridad<\/h2>\n<p>Tomamos precauciones constantes para proteger su informaci\u00f3n. Cuando env\u00eda informaci\u00f3n sensible a trav\u00e9s del sitio web, sus datos est\u00e1n protegidos mediante encriptaci\u00f3n tanto en l\u00ednea como fuera de l\u00ednea.<\/p>\n<p>Cuando recopilamos informaci\u00f3n sensible (como datos de tarjetas de cr\u00e9dito), esa informaci\u00f3n se codifica y se nos transmite de forma segura. Puede comprobarlo buscando un icono de candado cerrado en la parte inferior de su navegador o buscando &#8220;https&#8221; al principio de la direcci\u00f3n de la p\u00e1gina web.<\/p>\n<p>Aunque utilizamos el cifrado para proteger la informaci\u00f3n confidencial transmitida en l\u00ednea, tambi\u00e9n tratamos de proteger su informaci\u00f3n fuera de l\u00ednea. S\u00f3lo los empleados que necesitan la informaci\u00f3n para realizar un trabajo espec\u00edfico (por ejemplo, facturaci\u00f3n o atenci\u00f3n al cliente) tienen acceso a la informaci\u00f3n de identificaci\u00f3n personal. Los ordenadores\/servidores en los que almacenamos informaci\u00f3n personal identificable se mantienen en un entorno seguro.<\/p>\n<p>Aunque tomamos estas medidas para proteger la informaci\u00f3n sensible con m\u00e9todos seguros y encriptados, no podemos garantizar la protecci\u00f3n frente a todos los ciberdelitos u otras conductas delictivas. Por el contrario, tratamos de tomar las medidas m\u00e1s razonables para proteger su informaci\u00f3n confidencial aplicando al menos el mismo nivel de cuidado que querr\u00edamos para nuestra propia informaci\u00f3n protegida.<\/p>\n<h2>Enlaces<\/h2>\n<p>Este sitio web contiene enlaces a otros sitios. Tenga en cuenta que no somos responsables del contenido ni de las pr\u00e1cticas de privacidad de esos otros sitios. Animamos a nuestros usuarios a estar atentos cuando abandonen nuestro sitio y a leer las declaraciones de privacidad de cualquier otro sitio que recopile informaci\u00f3n personal identificable.<\/p>\n<h2>Cookies<\/h2>\n<p>En este sitio utilizamos &#8220;cookies&#8221;. Una cookie es un fragmento de datos que se almacena en el disco duro del visitante de un sitio para ayudarnos a mejorar su acceso a nuestro sitio e identificar a los visitantes recurrentes del mismo. Por ejemplo, cuando utilizamos una cookie para identificarle, no tendr\u00eda que introducir una contrase\u00f1a m\u00e1s de una vez, con lo que ahorrar\u00eda tiempo mientras est\u00e1 en nuestro sitio. Las cookies tambi\u00e9n nos permiten rastrear y orientar los intereses de nuestros usuarios para mejorar la experiencia en nuestro sitio. El uso de una cookie no est\u00e1 vinculado en modo alguno a ninguna informaci\u00f3n personal identificable en nuestro sitio.<\/p>\n<h2>Cambios en esta pol\u00edtica<\/h2>\n<p>Es posible que modifiquemos este aviso de privacidad de vez en cuando. Puede volver a consultar esta p\u00e1gina en cualquier momento para ver nuestra pol\u00edtica actual.<\/p>\n<p>Si tiene alguna pregunta o duda o cree que no estamos cumpliendo esta pol\u00edtica de privacidad, p\u00f3ngase en contacto con nosotros inmediatamente por tel\u00e9fono en el <a href=\"tel:1-970-221-5121\" target=\"_self\" rel=\"follow noopener noreferrer\" data-wpel-link=\"internal\">970-221-5121<\/a> o por correo electr\u00f3nico en <a href=\"mailto:mail@thealphacenter.org\">mail@thealphacenter.org.<\/a><\/p>\n<p><strong>\u00bfC\u00f3mo puedo ponerme en contacto con el Centro Alpha si tengo alguna pregunta?<\/strong><\/p>\n<p>Estaremos encantados de recibir y responder a cualquier pregunta que pueda tener en relaci\u00f3n con esta pol\u00edtica de privacidad. Env\u00ede sus preguntas a <a href=\"mailto:mail@thealphacenter.org\">mail@thealphacenter.org.<\/a><\/p>\n","protected":false},"excerpt":{"rendered":"<p>Este aviso de privacidad proporciona informaci\u00f3n relativa a las pr\u00e1cticas de privacidad de www.thealphacenter.org y se aplica \u00fanicamente a la informaci\u00f3n recogida por este sitio web. Le notificamos lo siguiente: Qu\u00e9 informaci\u00f3n personal identificable se recopila de usted a trav\u00e9s del sitio web, c\u00f3mo se utiliza y con qui\u00e9n puede compartirse. De qu\u00e9 opciones dispone<\/p>\n","protected":false},"author":2,"featured_media":0,"parent":0,"menu_order":0,"comment_status":"closed","ping_status":"closed","template":"","meta":{"_acf_changed":false,"footnotes":""},"class_list":["post-2899","page","type-page","status-publish","hentry"],"acf":[],"yoast_head":"<!-- This site is optimized with the Yoast SEO Premium plugin v27.0 (Yoast SEO v27.3) - https:\/\/yoast.com\/product\/yoast-seo-premium-wordpress\/ -->\n<title>POL\u00cdTICA DE PRIVACIDAD DE LA WEB DE ALPHA CENTER - Alpha Center<\/title>\n<meta name=\"robots\" content=\"index, follow, max-snippet:-1, max-image-preview:large, max-video-preview:-1\" \/>\n<link rel=\"canonical\" href=\"https:\/\/thealphacenter.org\/es\/politica-de-privacidad\/\" \/>\n<meta property=\"og:locale\" content=\"es_ES\" \/>\n<meta property=\"og:type\" content=\"article\" \/>\n<meta property=\"og:title\" content=\"POL\u00cdTICA DE PRIVACIDAD DE LA WEB DE ALPHA CENTER\" \/>\n<meta property=\"og:description\" content=\"Este aviso de privacidad proporciona informaci\u00f3n relativa a las pr\u00e1cticas de privacidad de www.thealphacenter.org y se aplica \u00fanicamente a la informaci\u00f3n recogida por este sitio web. Le notificamos lo siguiente: Qu\u00e9 informaci\u00f3n personal identificable se recopila de usted a trav\u00e9s del sitio web, c\u00f3mo se utiliza y con qui\u00e9n puede compartirse. De qu\u00e9 opciones dispone\" \/>\n<meta property=\"og:url\" content=\"https:\/\/thealphacenter.org\/es\/politica-de-privacidad\/\" \/>\n<meta property=\"og:site_name\" content=\"Alpha Center\" \/>\n<meta property=\"article:publisher\" content=\"https:\/\/www.facebook.com\/thealphacenter\" \/>\n<meta property=\"article:modified_time\" content=\"2025-06-12T17:07:51+00:00\" \/>\n<meta name=\"twitter:card\" content=\"summary_large_image\" \/>\n<meta name=\"twitter:label1\" content=\"Est. reading time\" \/>\n\t<meta name=\"twitter:data1\" content=\"4 minutes\" \/>\n<!-- \/ Yoast SEO Premium plugin. -->","yoast_head_json":{"title":"POL\u00cdTICA DE PRIVACIDAD DE LA WEB DE ALPHA CENTER - Alpha Center","robots":{"index":"index","follow":"follow","max-snippet":"max-snippet:-1","max-image-preview":"max-image-preview:large","max-video-preview":"max-video-preview:-1"},"canonical":"https:\/\/thealphacenter.org\/es\/politica-de-privacidad\/","og_locale":"es_ES","og_type":"article","og_title":"POL\u00cdTICA DE PRIVACIDAD DE LA WEB DE ALPHA CENTER","og_description":"Este aviso de privacidad proporciona informaci\u00f3n relativa a las pr\u00e1cticas de privacidad de www.thealphacenter.org y se aplica \u00fanicamente a la informaci\u00f3n recogida por este sitio web. Le notificamos lo siguiente: Qu\u00e9 informaci\u00f3n personal identificable se recopila de usted a trav\u00e9s del sitio web, c\u00f3mo se utiliza y con qui\u00e9n puede compartirse. De qu\u00e9 opciones dispone","og_url":"https:\/\/thealphacenter.org\/es\/politica-de-privacidad\/","og_site_name":"Alpha Center","article_publisher":"https:\/\/www.facebook.com\/thealphacenter","article_modified_time":"2025-06-12T17:07:51+00:00","twitter_card":"summary_large_image","twitter_misc":{"Est. reading time":"4 minutes"},"schema":{"@context":"https:\/\/schema.org","@graph":[{"@type":"WebPage","@id":"https:\/\/thealphacenter.org\/es\/politica-de-privacidad\/","url":"https:\/\/thealphacenter.org\/es\/politica-de-privacidad\/","name":"POL\u00cdTICA DE PRIVACIDAD DE LA WEB DE ALPHA CENTER - Alpha Center","isPartOf":{"@id":"https:\/\/thealphacenter.org\/es\/#website"},"datePublished":"2023-11-17T12:03:20+00:00","dateModified":"2025-06-12T17:07:51+00:00","breadcrumb":{"@id":"https:\/\/thealphacenter.org\/es\/politica-de-privacidad\/#breadcrumb"},"inLanguage":"es-ES","potentialAction":[{"@type":"ReadAction","target":["https:\/\/thealphacenter.org\/es\/politica-de-privacidad\/"]}]},{"@type":"BreadcrumbList","@id":"https:\/\/thealphacenter.org\/es\/politica-de-privacidad\/#breadcrumb","itemListElement":[{"@type":"ListItem","position":1,"name":"Home","item":"https:\/\/thealphacenter.org\/es\/"},{"@type":"ListItem","position":2,"name":"POL\u00cdTICA DE PRIVACIDAD DE LA WEB DE ALPHA CENTER"}]},{"@type":"WebSite","@id":"https:\/\/thealphacenter.org\/es\/#website","url":"https:\/\/thealphacenter.org\/es\/","name":"Alpha Center","description":"","publisher":{"@id":"https:\/\/thealphacenter.org\/es\/#organization"},"potentialAction":[{"@type":"SearchAction","target":{"@type":"EntryPoint","urlTemplate":"https:\/\/thealphacenter.org\/es\/?s={search_term_string}"},"query-input":{"@type":"PropertyValueSpecification","valueRequired":true,"valueName":"search_term_string"}}],"inLanguage":"es-ES"},{"@type":"Organization","@id":"https:\/\/thealphacenter.org\/es\/#organization","name":"Alpha Center","url":"https:\/\/thealphacenter.org\/es\/","logo":{"@type":"ImageObject","inLanguage":"es-ES","@id":"https:\/\/thealphacenter.org\/es\/#\/schema\/logo\/image\/","url":"https:\/\/thealphacenter.org\/wp-content\/uploads\/2025\/03\/horizontal-logo-2022.png","contentUrl":"https:\/\/thealphacenter.org\/wp-content\/uploads\/2025\/03\/horizontal-logo-2022.png","width":700,"height":150,"caption":"Alpha Center"},"image":{"@id":"https:\/\/thealphacenter.org\/es\/#\/schema\/logo\/image\/"},"sameAs":["https:\/\/www.facebook.com\/thealphacenter","https:\/\/www.instagram.com\/thealphacentercolorado"]}]}},"_links":{"self":[{"href":"https:\/\/thealphacenter.org\/es\/wp-json\/wp\/v2\/pages\/2899","targetHints":{"allow":["GET"]}}],"collection":[{"href":"https:\/\/thealphacenter.org\/es\/wp-json\/wp\/v2\/pages"}],"about":[{"href":"https:\/\/thealphacenter.org\/es\/wp-json\/wp\/v2\/types\/page"}],"author":[{"embeddable":true,"href":"https:\/\/thealphacenter.org\/es\/wp-json\/wp\/v2\/users\/2"}],"replies":[{"embeddable":true,"href":"https:\/\/thealphacenter.org\/es\/wp-json\/wp\/v2\/comments?post=2899"}],"version-history":[{"count":1,"href":"https:\/\/thealphacenter.org\/es\/wp-json\/wp\/v2\/pages\/2899\/revisions"}],"predecessor-version":[{"id":4188,"href":"https:\/\/thealphacenter.org\/es\/wp-json\/wp\/v2\/pages\/2899\/revisions\/4188"}],"wp:attachment":[{"href":"https:\/\/thealphacenter.org\/es\/wp-json\/wp\/v2\/media?parent=2899"}],"curies":[{"name":"wp","href":"https:\/\/api.w.org\/{rel}","templated":true}]}}