{"id":2897,"date":"2020-02-17T13:22:17","date_gmt":"2020-02-17T20:22:17","guid":{"rendered":"https:\/\/thealphacenter.org\/opciones\/adopcion\/"},"modified":"2025-10-23T02:33:30","modified_gmt":"2025-10-23T08:33:30","slug":"adopcion","status":"publish","type":"page","link":"https:\/\/thealphacenter.org\/es\/opciones\/adopcion\/","title":{"rendered":"Adopci\u00f3n"},"content":{"rendered":"<h2>\u00bfQu\u00e9 pasa con la elaboraci\u00f3n de un plan de adopci\u00f3n?<\/h2>\n<p>No hay opci\u00f3n m\u00e1s incomprendida que la adopci\u00f3n.  <span style=\"font-weight: 400;\">Hoy en d\u00eda, el proceso de adopci\u00f3n se centra m\u00e1s en las necesidades de la mujer embarazada o madre biol\u00f3gica. Los coordinadores entienden que una mujer necesita una revelaci\u00f3n completa y un asesoramiento exhaustivo para estar satisfecha con el proceso.  <\/span><\/p>\n<p>La paternidad a trav\u00e9s de la adopci\u00f3n es una de las decisiones m\u00e1s duras y amorosas que una mujer puede llegar a tomar. No descarte esta opci\u00f3n hasta que haya aprendido m\u00e1s sobre ella.<\/p>\n<h2>\u00bfQu\u00e9 es la adopci\u00f3n?<\/h2>\n<p>La adopci\u00f3n es la transferencia legal de los derechos y responsabilidades de criar a un ni\u00f1o de los padres biol\u00f3gicos a los padres adoptivos. No es coparentalidad. Es un plan permanente para usted, su hijo y la familia adoptiva.<\/p>\n<p>A menudo, la adopci\u00f3n no se considera una opci\u00f3n hasta m\u00e1s avanzado el embarazo, o incluso despu\u00e9s de que nazca el beb\u00e9. Las agencias de adopci\u00f3n pueden ayudarte a recorrer el proceso y ponerte en contacto con posibles familias. <\/p>\n<p><img fetchpriority=\"high\" decoding=\"async\" class=\" wp-image-3874 alignleft\" src=\"https:\/\/thealphacenter.org\/wp-content\/uploads\/2025\/02\/Untitled-1-1-300x169.jpeg\" alt=\"prueba de embarazo positiva y considerando la adopci\u00f3n en colorado.\" width=\"337\" height=\"190\" srcset=\"https:\/\/thealphacenter.org\/wp-content\/uploads\/2025\/02\/Untitled-1-1-300x169.jpeg 300w, https:\/\/thealphacenter.org\/wp-content\/uploads\/2025\/02\/Untitled-1-1-1024x576.jpeg 1024w, https:\/\/thealphacenter.org\/wp-content\/uploads\/2025\/02\/Untitled-1-1-768x432.jpeg 768w, https:\/\/thealphacenter.org\/wp-content\/uploads\/2025\/02\/Untitled-1-1-1536x864.jpeg 1536w, https:\/\/thealphacenter.org\/wp-content\/uploads\/2025\/02\/Untitled-1-1-120x68.jpeg 120w, https:\/\/thealphacenter.org\/wp-content\/uploads\/2025\/02\/Untitled-1-1.jpeg 1920w\" sizes=\"(max-width: 337px) 100vw, 337px\" \/><\/p>\n<h2>\u00bfPor qu\u00e9 elegir la adopci\u00f3n?<\/h2>\n<p>Hay muchas razones por las que las mujeres optan por la adopci\u00f3n. Tal vez no se sientan econ\u00f3micamente capaces de criar a un hijo, o no sea el momento adecuado para ser padres. Algunas mujeres optan por la adopci\u00f3n porque ya cuidan de otras personas y carecen de recursos para ocuparse de otro ni\u00f1o.<\/p>\n<p>Hablar con una agencia para hacer preguntas no significa que est\u00e9s obligada a seguir adelante con una adopci\u00f3n, y puede ayudarte a decidir si esta opci\u00f3n te conviene o no.<\/p>\n<h2>\u00bfSab\u00edas que t\u00fa tomas todas las decisiones?<\/h2>\n<p><span style=\"font-weight: 400;\">Como mujer embarazada o madre biol\u00f3gica, puede elaborar el plan de adopci\u00f3n que m\u00e1s le convenga.  <\/span><\/p>\n<h3>Usted elige a los posibles padres adoptivos<\/h3>\n<p><span style=\"font-weight: 400;\">Puede elegir a la pareja que criar\u00e1 a su hijo y, en consecuencia, dirigir su futuro. Muchas parejas esperan adoptar en todo el pa\u00eds, y <a href=\"https:\/\/www.americanadoptions.com\/\" data-wpel-link=\"external\" rel=\"external noopener noreferrer\">algunas fuentes<\/a> afirman que hasta 36 parejas esperan por cada beb\u00e9 dado en adopci\u00f3n.<\/span><\/p>\n<p><span style=\"font-weight: 400;\">\u00bfLe gustar\u00eda que su hijo creciera en una granja o viviera en la gran ciudad? \u00bfQuiere que sean los mayores o que tengan hermanos directos? Al elegir a su familia adoptiva, usted marca el rumbo de su vida.<\/span><\/p>\n<h3>Usted elige el plan de adopci\u00f3n<\/h3>\n<p><span style=\"font-weight: 400;\">Si quiere seguir en contacto con su hijo y su familia adoptiva, elija un plan abierto o semiabierto. En Colorado, usted y los padres pueden redactar un  <\/span><span style=\"font-weight: 400;\">acuerdo de contacto post-adopci\u00f3n<\/span><span style=\"font-weight: 400;\"> con un abogado, indicando c\u00f3mo y cu\u00e1ndo quieres el contacto.<\/span><\/p>\n<p>Seleccione un plan de adopci\u00f3n cerrado si desea permanecer en el anonimato.<\/p>\n<h3>Puede recibir ayudas relacionadas con el embarazo<\/h3>\n<p>Aunque no te cuesta nada dar a tu hijo en adopci\u00f3n, una mujer que trabaje con un coordinador o una agencia de confianza puede recibir ayudas relacionadas con el embarazo.<\/p>\n<p>Una agencia paga tus gastos m\u00e9dicos prenatales, el parto y el asesoramiento posterior al parto. Tambi\u00e9n puede recibir ayuda para alimentos, alquiler, ropa y transporte. Tambi\u00e9n est\u00e1n cubiertos todos sus gastos legales.<\/p>\n<h3>La adopci\u00f3n y la acogida son dos cosas diferentes<\/h3>\n<p>En el <strong>acogimiento familiar<\/strong>, el estado o los servicios sociales retiran temporalmente a un ni\u00f1o y lo colocan con tutores diferentes cuando la convivencia con sus padres o tutores se considera insegura o negligente. Los padres biol\u00f3gicos conservan sus derechos parentales, pero los tutores son elegidos por el Estado. El ni\u00f1o o ni\u00f1os permanecer\u00e1n con una familia de acogida hasta que se determine que sus padres pueden volver con ellos sin peligro o se renuncie a sus derechos parentales y el ni\u00f1o sea dado en adopci\u00f3n. <a href=\"https:\/\/co4kids.org\/\" data-wpel-link=\"external\" rel=\"external noopener noreferrer\">El objetivo del acogimiento familiar<\/a> es que la separaci\u00f3n sea temporal hasta que sus padres biol\u00f3gicos o tutores hayan aprendido las habilidades necesarias para proporcionar un entorno seguro a su(s) hijo(s).  <\/p>\n<p>En la <strong>adopci\u00f3n<\/strong>, los padres biol\u00f3gicos renuncian voluntariamente a sus derechos parentales y participan en el proceso de elecci\u00f3n de una familia adoptiva para su hijo. La colocaci\u00f3n es permanente y se conceden plenos derechos legales y de custodia a los padres adoptivos. <\/p>\n<h2>\u00bfQuiere saber m\u00e1s?<\/h2>\n<p>El centro Alpha Center puede ofrecerte referencias de coordinadores de adopci\u00f3n locales. No estamos directamente afiliados a ninguna agencia y, por tanto, no nos beneficiamos de su elecci\u00f3n. S\u00f3lo usted puede determinar el curso de acci\u00f3n adecuado para usted y su hijo.<\/p>\n<p>Solicita una <a href=\"https:\/\/thealphacenter.org\/es\/pongase-en-contacto-con-nosotros\/\" rel=\"noopener\" data-wpel-link=\"internal\">cita<\/a> en Alpha Center para hablar de la adopci\u00f3n y de tus otras opciones.<\/p>\n","protected":false},"excerpt":{"rendered":"<p>La adopci\u00f3n es incomprendida y a menudo menospreciada. Pero hacer un plan de adopci\u00f3n para su hijo tiene muchas ventajas. Por un lado, selecciona a la posible pareja adoptiva que los criar\u00e1. Usted forja el futuro de su hijo. Elige un plano abierto o semiabierto y podr\u00e1s seguir teniendo contacto.  <\/p>\n","protected":false},"author":1,"featured_media":0,"parent":2883,"menu_order":2,"comment_status":"closed","ping_status":"closed","template":"","meta":{"_acf_changed":false,"footnotes":""},"class_list":["post-2897","page","type-page","status-publish","hentry"],"acf":[],"yoast_head":"<!-- This site is optimized with the Yoast SEO Premium plugin v27.0 (Yoast SEO v27.3) - https:\/\/yoast.com\/product\/yoast-seo-premium-wordpress\/ -->\n<title>Adopci\u00f3n - Alpha Center<\/title>\n<meta name=\"description\" content=\"La adopci\u00f3n es la transferencia legal de los derechos y responsabilidades de criar a un ni\u00f1o de los padres biol\u00f3gicos a los padres adoptivos. M\u00e1s informaci\u00f3n &gt;\" \/>\n<meta name=\"robots\" content=\"index, follow, max-snippet:-1, max-image-preview:large, max-video-preview:-1\" \/>\n<link rel=\"canonical\" href=\"https:\/\/thealphacenter.org\/es\/opciones\/adopcion\/\" \/>\n<meta property=\"og:locale\" content=\"es_ES\" \/>\n<meta property=\"og:type\" content=\"article\" \/>\n<meta property=\"og:title\" content=\"Adopci\u00f3n\" \/>\n<meta property=\"og:description\" content=\"La adopci\u00f3n es la transferencia legal de los derechos y responsabilidades de criar a un ni\u00f1o de los padres biol\u00f3gicos a los padres adoptivos. M\u00e1s informaci\u00f3n &gt;\" \/>\n<meta property=\"og:url\" content=\"https:\/\/thealphacenter.org\/es\/opciones\/adopcion\/\" \/>\n<meta property=\"og:site_name\" content=\"Alpha Center\" \/>\n<meta property=\"article:publisher\" content=\"https:\/\/www.facebook.com\/thealphacenter\" \/>\n<meta property=\"article:modified_time\" content=\"2025-10-23T08:33:30+00:00\" \/>\n<meta property=\"og:image\" content=\"https:\/\/thealphacenter.org\/wp-content\/uploads\/2025\/02\/Untitled-1-1.jpeg\" \/>\n\t<meta property=\"og:image:width\" content=\"1920\" \/>\n\t<meta property=\"og:image:height\" content=\"1080\" \/>\n\t<meta property=\"og:image:type\" content=\"image\/jpeg\" \/>\n<meta name=\"twitter:card\" content=\"summary_large_image\" \/>\n<meta name=\"twitter:label1\" content=\"Est. reading time\" \/>\n\t<meta name=\"twitter:data1\" content=\"4 minutes\" \/>\n<!-- \/ Yoast SEO Premium plugin. -->","yoast_head_json":{"title":"Adopci\u00f3n - Alpha Center","description":"La adopci\u00f3n es la transferencia legal de los derechos y responsabilidades de criar a un ni\u00f1o de los padres biol\u00f3gicos a los padres adoptivos. M\u00e1s informaci\u00f3n >","robots":{"index":"index","follow":"follow","max-snippet":"max-snippet:-1","max-image-preview":"max-image-preview:large","max-video-preview":"max-video-preview:-1"},"canonical":"https:\/\/thealphacenter.org\/es\/opciones\/adopcion\/","og_locale":"es_ES","og_type":"article","og_title":"Adopci\u00f3n","og_description":"La adopci\u00f3n es la transferencia legal de los derechos y responsabilidades de criar a un ni\u00f1o de los padres biol\u00f3gicos a los padres adoptivos. M\u00e1s informaci\u00f3n >","og_url":"https:\/\/thealphacenter.org\/es\/opciones\/adopcion\/","og_site_name":"Alpha Center","article_publisher":"https:\/\/www.facebook.com\/thealphacenter","article_modified_time":"2025-10-23T08:33:30+00:00","og_image":[{"width":1920,"height":1080,"url":"https:\/\/thealphacenter.org\/wp-content\/uploads\/2025\/02\/Untitled-1-1.jpeg","type":"image\/jpeg"}],"twitter_card":"summary_large_image","twitter_misc":{"Est. reading time":"4 minutes"},"schema":{"@context":"https:\/\/schema.org","@graph":[{"@type":"WebPage","@id":"https:\/\/thealphacenter.org\/es\/opciones\/adopcion\/","url":"https:\/\/thealphacenter.org\/es\/opciones\/adopcion\/","name":"Adopci\u00f3n - Alpha Center","isPartOf":{"@id":"https:\/\/thealphacenter.org\/es\/#website"},"primaryImageOfPage":{"@id":"https:\/\/thealphacenter.org\/es\/opciones\/adopcion\/#primaryimage"},"image":{"@id":"https:\/\/thealphacenter.org\/es\/opciones\/adopcion\/#primaryimage"},"thumbnailUrl":"https:\/\/thealphacenter.org\/wp-content\/uploads\/2025\/02\/Untitled-1-1-300x169.jpeg","datePublished":"2020-02-17T20:22:17+00:00","dateModified":"2025-10-23T08:33:30+00:00","description":"La adopci\u00f3n es la transferencia legal de los derechos y responsabilidades de criar a un ni\u00f1o de los padres biol\u00f3gicos a los padres adoptivos. M\u00e1s informaci\u00f3n >","breadcrumb":{"@id":"https:\/\/thealphacenter.org\/es\/opciones\/adopcion\/#breadcrumb"},"inLanguage":"es-ES","potentialAction":[{"@type":"ReadAction","target":["https:\/\/thealphacenter.org\/es\/opciones\/adopcion\/"]}]},{"@type":"ImageObject","inLanguage":"es-ES","@id":"https:\/\/thealphacenter.org\/es\/opciones\/adopcion\/#primaryimage","url":"https:\/\/thealphacenter.org\/wp-content\/uploads\/2025\/02\/Untitled-1-1-300x169.jpeg","contentUrl":"https:\/\/thealphacenter.org\/wp-content\/uploads\/2025\/02\/Untitled-1-1-300x169.jpeg"},{"@type":"BreadcrumbList","@id":"https:\/\/thealphacenter.org\/es\/opciones\/adopcion\/#breadcrumb","itemListElement":[{"@type":"ListItem","position":1,"name":"Home","item":"https:\/\/thealphacenter.org\/es\/"},{"@type":"ListItem","position":2,"name":"Opciones","item":"https:\/\/thealphacenter.org\/es\/opciones\/"},{"@type":"ListItem","position":3,"name":"Adopci\u00f3n"}]},{"@type":"WebSite","@id":"https:\/\/thealphacenter.org\/es\/#website","url":"https:\/\/thealphacenter.org\/es\/","name":"Alpha Center","description":"","publisher":{"@id":"https:\/\/thealphacenter.org\/es\/#organization"},"potentialAction":[{"@type":"SearchAction","target":{"@type":"EntryPoint","urlTemplate":"https:\/\/thealphacenter.org\/es\/?s={search_term_string}"},"query-input":{"@type":"PropertyValueSpecification","valueRequired":true,"valueName":"search_term_string"}}],"inLanguage":"es-ES"},{"@type":"Organization","@id":"https:\/\/thealphacenter.org\/es\/#organization","name":"Alpha Center","url":"https:\/\/thealphacenter.org\/es\/","logo":{"@type":"ImageObject","inLanguage":"es-ES","@id":"https:\/\/thealphacenter.org\/es\/#\/schema\/logo\/image\/","url":"https:\/\/thealphacenter.org\/wp-content\/uploads\/2025\/03\/horizontal-logo-2022.png","contentUrl":"https:\/\/thealphacenter.org\/wp-content\/uploads\/2025\/03\/horizontal-logo-2022.png","width":700,"height":150,"caption":"Alpha Center"},"image":{"@id":"https:\/\/thealphacenter.org\/es\/#\/schema\/logo\/image\/"},"sameAs":["https:\/\/www.facebook.com\/thealphacenter","https:\/\/www.instagram.com\/thealphacentercolorado"]}]}},"_links":{"self":[{"href":"https:\/\/thealphacenter.org\/es\/wp-json\/wp\/v2\/pages\/2897","targetHints":{"allow":["GET"]}}],"collection":[{"href":"https:\/\/thealphacenter.org\/es\/wp-json\/wp\/v2\/pages"}],"about":[{"href":"https:\/\/thealphacenter.org\/es\/wp-json\/wp\/v2\/types\/page"}],"author":[{"embeddable":true,"href":"https:\/\/thealphacenter.org\/es\/wp-json\/wp\/v2\/users\/1"}],"replies":[{"embeddable":true,"href":"https:\/\/thealphacenter.org\/es\/wp-json\/wp\/v2\/comments?post=2897"}],"version-history":[{"count":5,"href":"https:\/\/thealphacenter.org\/es\/wp-json\/wp\/v2\/pages\/2897\/revisions"}],"predecessor-version":[{"id":4521,"href":"https:\/\/thealphacenter.org\/es\/wp-json\/wp\/v2\/pages\/2897\/revisions\/4521"}],"up":[{"embeddable":true,"href":"https:\/\/thealphacenter.org\/es\/wp-json\/wp\/v2\/pages\/2883"}],"wp:attachment":[{"href":"https:\/\/thealphacenter.org\/es\/wp-json\/wp\/v2\/media?parent=2897"}],"curies":[{"name":"wp","href":"https:\/\/api.w.org\/{rel}","templated":true}]}}