{"id":2896,"date":"2023-11-22T06:07:49","date_gmt":"2023-11-22T13:07:49","guid":{"rendered":"https:\/\/thealphacenter.org\/servicios-para-embarazadas\/"},"modified":"2024-10-22T16:36:36","modified_gmt":"2024-10-22T22:36:36","slug":"servicios-para-embarazadas","status":"publish","type":"page","link":"https:\/\/thealphacenter.org\/es\/servicios-para-embarazadas\/","title":{"rendered":"Servicios para embarazadas"},"content":{"rendered":"\t\t<div data-elementor-type=\"wp-page\" data-elementor-id=\"2896\" class=\"elementor elementor-2896 elementor-349\" data-elementor-post-type=\"page\">\n\t\t\t\t<div class=\"elementor-element elementor-element-5a0549a e-flex e-con-boxed e-con e-parent\" data-id=\"5a0549a\" data-element_type=\"container\" data-e-type=\"container\">\n\t\t\t\t\t<div class=\"e-con-inner\">\n\t\t\t\t<div class=\"elementor-element elementor-element-5f26663 elementor-widget elementor-widget-text-editor\" data-id=\"5f26663\" data-element_type=\"widget\" data-e-type=\"widget\" data-widget_type=\"text-editor.default\">\n\t\t\t\t<div class=\"elementor-widget-container\">\n\t\t\t\t\t\t\t\t\t<h2>Opciones de telesalud:<\/h2>\n<p>Si est\u00e1s interesada en una opci\u00f3n de <strong id=\"isPasted\">telesalud<\/strong> para tu exploraci\u00f3n previa al aborto, nuestras enfermeras est\u00e1n dispuestas a reunirse contigo para repasar una evaluaci\u00f3n m\u00e9dica e informaci\u00f3n. Normalmente se puede pedir cita el mismo d\u00eda para la telesalud. Las pruebas de embarazo y las ecograf\u00edas del cribado se realizar\u00edan en una visita presencial abreviada. Pregunta por nuestro cribado preaborto telesaludable cuando llames a nuestra l\u00ednea de programaci\u00f3n de citas al 970.239.2292.<\/p>\n\t\t\t\t\t\t\t\t<\/div>\n\t\t\t\t<\/div>\n\t\t\t\t\t<\/div>\n\t\t\t\t<\/div>\n\t\t\t\t<\/div>\n\t\t","protected":false},"excerpt":{"rendered":"<p>Opciones de telesalud: Si est\u00e1s interesada en una opci\u00f3n de telesalud para tu exploraci\u00f3n previa al aborto, nuestras enfermeras est\u00e1n dispuestas a reunirse contigo para repasar una evaluaci\u00f3n m\u00e9dica e informaci\u00f3n. Normalmente se puede pedir cita el mismo d\u00eda para la telesalud. Las pruebas de embarazo y las ecograf\u00edas del cribado se realizar\u00edan en una<\/p>\n","protected":false},"author":2,"featured_media":2867,"parent":0,"menu_order":0,"comment_status":"closed","ping_status":"closed","template":"views\/template-parent.blade.php","meta":{"_acf_changed":false,"footnotes":""},"class_list":["post-2896","page","type-page","status-publish","has-post-thumbnail","hentry"],"acf":[],"yoast_head":"<!-- This site is optimized with the Yoast SEO Premium plugin v27.0 (Yoast SEO v27.4) - https:\/\/yoast.com\/product\/yoast-seo-premium-wordpress\/ -->\n<title>Servicios para embarazadas - Alpha Center<\/title>\n<meta name=\"description\" content=\"Alpha Center ofrece pruebas de embarazo, pruebas previas al aborto y ecograf\u00edas limitadas como parte de nuestros servicios gratuitos para embarazadas. \u00a1Reserva hoy mismo!\" \/>\n<meta name=\"robots\" content=\"index, follow, max-snippet:-1, max-image-preview:large, max-video-preview:-1\" \/>\n<link rel=\"canonical\" href=\"https:\/\/thealphacenter.org\/es\/servicios-para-embarazadas\/\" \/>\n<meta property=\"og:locale\" content=\"es_ES\" \/>\n<meta property=\"og:type\" content=\"article\" \/>\n<meta property=\"og:title\" content=\"Servicios para embarazadas\" \/>\n<meta property=\"og:description\" content=\"Alpha Center ofrece pruebas de embarazo, pruebas previas al aborto y ecograf\u00edas limitadas como parte de nuestros servicios gratuitos para embarazadas. \u00a1Reserva hoy mismo!\" \/>\n<meta property=\"og:url\" content=\"https:\/\/thealphacenter.org\/es\/servicios-para-embarazadas\/\" \/>\n<meta property=\"og:site_name\" content=\"Alpha Center\" \/>\n<meta property=\"article:publisher\" content=\"https:\/\/www.facebook.com\/thealphacenter\" \/>\n<meta property=\"article:modified_time\" content=\"2024-10-22T22:36:36+00:00\" \/>\n<meta property=\"og:image\" content=\"https:\/\/thealphacenter.org\/wp-content\/uploads\/2024\/10\/pexels-ozanculha-28783459-200x300.jpg\" \/>\n<meta name=\"twitter:card\" content=\"summary_large_image\" \/>\n<!-- \/ Yoast SEO Premium plugin. -->","yoast_head_json":{"title":"Servicios para embarazadas - Alpha Center","description":"Alpha Center ofrece pruebas de embarazo, pruebas previas al aborto y ecograf\u00edas limitadas como parte de nuestros servicios gratuitos para embarazadas. \u00a1Reserva hoy mismo!","robots":{"index":"index","follow":"follow","max-snippet":"max-snippet:-1","max-image-preview":"max-image-preview:large","max-video-preview":"max-video-preview:-1"},"canonical":"https:\/\/thealphacenter.org\/es\/servicios-para-embarazadas\/","og_locale":"es_ES","og_type":"article","og_title":"Servicios para embarazadas","og_description":"Alpha Center ofrece pruebas de embarazo, pruebas previas al aborto y ecograf\u00edas limitadas como parte de nuestros servicios gratuitos para embarazadas. \u00a1Reserva hoy mismo!","og_url":"https:\/\/thealphacenter.org\/es\/servicios-para-embarazadas\/","og_site_name":"Alpha Center","article_publisher":"https:\/\/www.facebook.com\/thealphacenter","article_modified_time":"2024-10-22T22:36:36+00:00","og_image":[{"url":"https:\/\/thealphacenter.org\/wp-content\/uploads\/2024\/10\/pexels-ozanculha-28783459-200x300.jpg","type":"","width":"","height":""}],"twitter_card":"summary_large_image","schema":{"@context":"https:\/\/schema.org","@graph":[{"@type":"WebPage","@id":"https:\/\/thealphacenter.org\/es\/servicios-para-embarazadas\/","url":"https:\/\/thealphacenter.org\/es\/servicios-para-embarazadas\/","name":"Servicios para embarazadas - Alpha Center","isPartOf":{"@id":"https:\/\/thealphacenter.org\/es\/#website"},"primaryImageOfPage":{"@id":"https:\/\/thealphacenter.org\/es\/servicios-para-embarazadas\/#primaryimage"},"image":{"@id":"https:\/\/thealphacenter.org\/es\/servicios-para-embarazadas\/#primaryimage"},"thumbnailUrl":"https:\/\/thealphacenter.org\/wp-content\/uploads\/2024\/01\/shutterstock_2238215867.jpg","datePublished":"2023-11-22T13:07:49+00:00","dateModified":"2024-10-22T22:36:36+00:00","description":"Alpha Center ofrece pruebas de embarazo, pruebas previas al aborto y ecograf\u00edas limitadas como parte de nuestros servicios gratuitos para embarazadas. \u00a1Reserva hoy mismo!","breadcrumb":{"@id":"https:\/\/thealphacenter.org\/es\/servicios-para-embarazadas\/#breadcrumb"},"inLanguage":"es-ES","potentialAction":[{"@type":"ReadAction","target":["https:\/\/thealphacenter.org\/es\/servicios-para-embarazadas\/"]}]},{"@type":"ImageObject","inLanguage":"es-ES","@id":"https:\/\/thealphacenter.org\/es\/servicios-para-embarazadas\/#primaryimage","url":"https:\/\/thealphacenter.org\/wp-content\/uploads\/2024\/01\/shutterstock_2238215867.jpg","contentUrl":"https:\/\/thealphacenter.org\/wp-content\/uploads\/2024\/01\/shutterstock_2238215867.jpg","width":1920,"height":652},{"@type":"BreadcrumbList","@id":"https:\/\/thealphacenter.org\/es\/servicios-para-embarazadas\/#breadcrumb","itemListElement":[{"@type":"ListItem","position":1,"name":"Home","item":"https:\/\/thealphacenter.org\/es\/"},{"@type":"ListItem","position":2,"name":"Servicios para embarazadas"}]},{"@type":"WebSite","@id":"https:\/\/thealphacenter.org\/es\/#website","url":"https:\/\/thealphacenter.org\/es\/","name":"Alpha Center","description":"","publisher":{"@id":"https:\/\/thealphacenter.org\/es\/#organization"},"potentialAction":[{"@type":"SearchAction","target":{"@type":"EntryPoint","urlTemplate":"https:\/\/thealphacenter.org\/es\/?s={search_term_string}"},"query-input":{"@type":"PropertyValueSpecification","valueRequired":true,"valueName":"search_term_string"}}],"inLanguage":"es-ES"},{"@type":"Organization","@id":"https:\/\/thealphacenter.org\/es\/#organization","name":"Alpha Center","url":"https:\/\/thealphacenter.org\/es\/","logo":{"@type":"ImageObject","inLanguage":"es-ES","@id":"https:\/\/thealphacenter.org\/es\/#\/schema\/logo\/image\/","url":"https:\/\/thealphacenter.org\/wp-content\/uploads\/2025\/03\/horizontal-logo-2022.png","contentUrl":"https:\/\/thealphacenter.org\/wp-content\/uploads\/2025\/03\/horizontal-logo-2022.png","width":700,"height":150,"caption":"Alpha Center"},"image":{"@id":"https:\/\/thealphacenter.org\/es\/#\/schema\/logo\/image\/"},"sameAs":["https:\/\/www.facebook.com\/thealphacenter","https:\/\/www.instagram.com\/thealphacentercolorado"]}]}},"_links":{"self":[{"href":"https:\/\/thealphacenter.org\/es\/wp-json\/wp\/v2\/pages\/2896","targetHints":{"allow":["GET"]}}],"collection":[{"href":"https:\/\/thealphacenter.org\/es\/wp-json\/wp\/v2\/pages"}],"about":[{"href":"https:\/\/thealphacenter.org\/es\/wp-json\/wp\/v2\/types\/page"}],"author":[{"embeddable":true,"href":"https:\/\/thealphacenter.org\/es\/wp-json\/wp\/v2\/users\/2"}],"replies":[{"embeddable":true,"href":"https:\/\/thealphacenter.org\/es\/wp-json\/wp\/v2\/comments?post=2896"}],"version-history":[{"count":6,"href":"https:\/\/thealphacenter.org\/es\/wp-json\/wp\/v2\/pages\/2896\/revisions"}],"predecessor-version":[{"id":3634,"href":"https:\/\/thealphacenter.org\/es\/wp-json\/wp\/v2\/pages\/2896\/revisions\/3634"}],"wp:featuredmedia":[{"embeddable":true,"href":"https:\/\/thealphacenter.org\/es\/wp-json\/wp\/v2\/media\/2867"}],"wp:attachment":[{"href":"https:\/\/thealphacenter.org\/es\/wp-json\/wp\/v2\/media?parent=2896"}],"curies":[{"name":"wp","href":"https:\/\/api.w.org\/{rel}","templated":true}]}}