{"id":2894,"date":"2023-12-07T05:20:24","date_gmt":"2023-12-07T12:20:24","guid":{"rendered":"https:\/\/thealphacenter.org\/cuestionario-sobre-los-sintomas-del-embarazo\/"},"modified":"2025-01-07T16:54:06","modified_gmt":"2025-01-07T23:54:06","slug":"cuestionario-sobre-los-sintomas-del-embarazo","status":"publish","type":"page","link":"https:\/\/thealphacenter.org\/es\/cuestionario-sobre-los-sintomas-del-embarazo\/","title":{"rendered":"cuestionario sobre los s\u00edntomas del embarazo"},"content":{"rendered":"\t\t<div data-elementor-type=\"wp-page\" data-elementor-id=\"2894\" class=\"elementor elementor-2894 elementor-365\" data-elementor-post-type=\"page\">\n\t\t\t\t<div class=\"elementor-element elementor-element-2e963692 e-flex e-con-boxed e-con e-parent\" data-id=\"2e963692\" data-element_type=\"container\" data-e-type=\"container\">\n\t\t\t\t\t<div class=\"e-con-inner\">\n\t\t\t\t<div class=\"elementor-element elementor-element-23ea1bef elementor-widget elementor-widget-text-editor\" data-id=\"23ea1bef\" data-element_type=\"widget\" data-e-type=\"widget\" data-widget_type=\"text-editor.default\">\n\t\t\t\t<div class=\"elementor-widget-container\">\n\t\t\t\t\t\t\t\t\t<div data-paperform-id=\"alphacenter\"><\/div>\n<script>(function() {var script = document.createElement('script'); script.src = \"https:\/\/paperform.co\/__embed.min.js\"; document.body.appendChild(script); })()<\/script>\t\t\t\t\t\t\t\t<\/div>\n\t\t\t\t<\/div>\n\t\t\t\t<div class=\"elementor-element elementor-element-e6b8cda elementor-widget elementor-widget-heading\" data-id=\"e6b8cda\" data-element_type=\"widget\" data-e-type=\"widget\" data-widget_type=\"heading.default\">\n\t\t\t\t<div class=\"elementor-widget-container\">\n\t\t\t\t\t<h2 class=\"elementor-heading-title elementor-size-default\">Preguntas frecuentes sobre el embarazo:<\/h2>\t\t\t\t<\/div>\n\t\t\t\t<\/div>\n\t\t\t\t\t<\/div>\n\t\t\t\t<\/div>\n\t\t<div class=\"elementor-element elementor-element-9b10ee8 e-flex e-con-boxed e-con e-parent\" data-id=\"9b10ee8\" data-element_type=\"container\" data-e-type=\"container\">\n\t\t\t\t\t<div class=\"e-con-inner\">\n\t\t\t\t<div class=\"elementor-element elementor-element-6c5cf97 elementor-grid-3 elementor-grid-tablet-2 elementor-grid-mobile-1 elementor-posts--thumbnail-top elementor-widget elementor-widget-posts\" data-id=\"6c5cf97\" data-element_type=\"widget\" data-e-type=\"widget\" data-settings=\"{&quot;classic_columns&quot;:&quot;3&quot;,&quot;classic_columns_tablet&quot;:&quot;2&quot;,&quot;classic_columns_mobile&quot;:&quot;1&quot;,&quot;classic_row_gap&quot;:{&quot;unit&quot;:&quot;px&quot;,&quot;size&quot;:35,&quot;sizes&quot;:[]},&quot;classic_row_gap_tablet&quot;:{&quot;unit&quot;:&quot;px&quot;,&quot;size&quot;:&quot;&quot;,&quot;sizes&quot;:[]},&quot;classic_row_gap_mobile&quot;:{&quot;unit&quot;:&quot;px&quot;,&quot;size&quot;:&quot;&quot;,&quot;sizes&quot;:[]}}\" data-widget_type=\"posts.classic\">\n\t\t\t\t<div class=\"elementor-widget-container\">\n\t\t\t\t\t\t\t<div class=\"elementor-posts-container elementor-posts elementor-posts--skin-classic elementor-grid\" role=\"list\">\n\t\t\t\t<article class=\"elementor-post elementor-grid-item post-4343 post type-post status-publish format-standard has-post-thumbnail hentry category-aborto category-embarazo tag-aborto tag-aborto-en-casa tag-aborto-farmacologico tag-aborto-precoz tag-aborto-quimico tag-alpha-center-fort-collins-es tag-centro-alfa tag-centro-de-embarazo tag-control-de-natalidad tag-embarazo-no-planificado tag-embarazo-precoz tag-informacion-sobre-el-aborto tag-prueba-de-embarazo-falsa-negativa tag-pruebas-de-embarazo-gratuitas tag-salud-reproductiva tag-salud-sexual\" role=\"listitem\">\n\t\t\t\t<a class=\"elementor-post__thumbnail__link\" href=\"https:\/\/thealphacenter.org\/es\/curacion-y-salud-sexual-post-aborto\/\" tabindex=\"-1\" target=\"&quot;_blank&quot;\" data-wpel-link=\"internal\">\n\t\t\t<div class=\"elementor-post__thumbnail\"><img fetchpriority=\"high\" decoding=\"async\" width=\"300\" height=\"169\" src=\"https:\/\/thealphacenter.org\/wp-content\/uploads\/2025\/07\/sexual-health-post-abortion-300x169.jpg\" class=\"attachment-medium size-medium wp-image-4341\" alt=\"\" srcset=\"https:\/\/thealphacenter.org\/wp-content\/uploads\/2025\/07\/sexual-health-post-abortion-300x169.jpg 300w, https:\/\/thealphacenter.org\/wp-content\/uploads\/2025\/07\/sexual-health-post-abortion-1024x576.jpg 1024w, https:\/\/thealphacenter.org\/wp-content\/uploads\/2025\/07\/sexual-health-post-abortion-768x432.jpg 768w, https:\/\/thealphacenter.org\/wp-content\/uploads\/2025\/07\/sexual-health-post-abortion-1536x864.jpg 1536w, https:\/\/thealphacenter.org\/wp-content\/uploads\/2025\/07\/sexual-health-post-abortion-2048x1152.jpg 2048w, https:\/\/thealphacenter.org\/wp-content\/uploads\/2025\/07\/sexual-health-post-abortion-120x68.jpg 120w\" sizes=\"(max-width: 300px) 100vw, 300px\" \/><\/div>\n\t\t<\/a>\n\t\t\t\t<div class=\"elementor-post__text\">\n\t\t\t\t<h3 class=\"elementor-post__title\">\n\t\t\t<a href=\"https:\/\/thealphacenter.org\/es\/curacion-y-salud-sexual-post-aborto\/\" target=\"&quot;_blank&quot;\" data-wpel-link=\"internal\">\n\t\t\t\tCuraci\u00f3n y Salud Sexual Post-Aborto\t\t\t<\/a>\n\t\t<\/h3>\n\t\t\t\t<div class=\"elementor-post__meta-data\">\n\t\t\t\t\t<span class=\"elementor-post-date\">\n\t\t\tJuly 31, 2025\t\t<\/span>\n\t\t\t\t<span class=\"elementor-post-avatar\">\n\t\t\tNo Comments\t\t<\/span>\n\t\t\t\t<\/div>\n\t\t\t\t<div class=\"elementor-post__excerpt\">\n\t\t\t<p>\u00bfCu\u00e1nto tiempo despu\u00e9s de un aborto puedes tener relaciones sexuales? Averigua qu\u00e9 debes tener en cuenta para tu recuperaci\u00f3n, incluidos los signos de preparaci\u00f3n y las opciones anticonceptivas. <\/p>\n\t\t<\/div>\n\t\t\t\t\t<div class=\"elementor-post__read-more-wrapper\">\n\t\t\n\t\t<a class=\"elementor-post__read-more\" href=\"https:\/\/thealphacenter.org\/es\/curacion-y-salud-sexual-post-aborto\/\" aria-label=\"Read more about Curaci\u00f3n y Salud Sexual Post-Aborto\" tabindex=\"-1\" target=\"_blank\" data-wpel-link=\"internal\">\n\t\t\tSigue leyendo \"\t\t<\/a>\n\n\t\t\t\t\t<\/div>\n\t\t\t\t<\/div>\n\t\t\t\t<\/article>\n\t\t\t\t<article class=\"elementor-post elementor-grid-item post-4179 post type-post status-publish format-standard has-post-thumbnail hentry category-embarazo category-preguntas-frecuentes tag-a-mi-manera tag-actua tag-anticoncepcion-de-urgencia tag-centro-alfa tag-clinica-medica-para-embarazadas tag-control-de-natalidad tag-cribado-preaborto tag-despues-de-un tag-ella-es tag-levonorgestrel-es tag-norte-de-colorado tag-plan-b-es tag-prevencion-del-embarazo tag-pruebas-de-embarazo tag-salud-en-fort-collins tag-salud-sexual\" role=\"listitem\">\n\t\t\t\t<a class=\"elementor-post__thumbnail__link\" href=\"https:\/\/thealphacenter.org\/es\/anticoncepcion-de-emergencia-plan-b\/\" tabindex=\"-1\" target=\"&quot;_blank&quot;\" data-wpel-link=\"internal\">\n\t\t\t<div class=\"elementor-post__thumbnail\"><img decoding=\"async\" width=\"300\" height=\"123\" src=\"https:\/\/thealphacenter.org\/wp-content\/uploads\/2025\/05\/What-is-Plan-B-2-300x123.jpg\" class=\"attachment-medium size-medium wp-image-4176\" alt=\"collage featuring plan b, pregnancy tests, a couple in love in mountain town\" srcset=\"https:\/\/thealphacenter.org\/wp-content\/uploads\/2025\/05\/What-is-Plan-B-2-300x123.jpg 300w, https:\/\/thealphacenter.org\/wp-content\/uploads\/2025\/05\/What-is-Plan-B-2-1024x420.jpg 1024w, https:\/\/thealphacenter.org\/wp-content\/uploads\/2025\/05\/What-is-Plan-B-2-768x315.jpg 768w, https:\/\/thealphacenter.org\/wp-content\/uploads\/2025\/05\/What-is-Plan-B-2-1536x630.jpg 1536w, https:\/\/thealphacenter.org\/wp-content\/uploads\/2025\/05\/What-is-Plan-B-2-2048x840.jpg 2048w, https:\/\/thealphacenter.org\/wp-content\/uploads\/2025\/05\/What-is-Plan-B-2-120x49.jpg 120w\" sizes=\"(max-width: 300px) 100vw, 300px\" \/><\/div>\n\t\t<\/a>\n\t\t\t\t<div class=\"elementor-post__text\">\n\t\t\t\t<h3 class=\"elementor-post__title\">\n\t\t\t<a href=\"https:\/\/thealphacenter.org\/es\/anticoncepcion-de-emergencia-plan-b\/\" target=\"&quot;_blank&quot;\" data-wpel-link=\"internal\">\n\t\t\t\tAnticoncepci\u00f3n de emergencia: Plan B\t\t\t<\/a>\n\t\t<\/h3>\n\t\t\t\t<div class=\"elementor-post__meta-data\">\n\t\t\t\t\t<span class=\"elementor-post-date\">\n\t\t\tMay 29, 2025\t\t<\/span>\n\t\t\t\t<span class=\"elementor-post-avatar\">\n\t\t\tNo Comments\t\t<\/span>\n\t\t\t\t<\/div>\n\t\t\t\t<div class=\"elementor-post__excerpt\">\n\t\t\t<p>\u00bfQu\u00e9 es la Anticoncepci\u00f3n de Emergencia? Anticoncepci\u00f3n de urgencia (AE)es un t\u00e9rmino que designa los medicamentos que evitan el embarazo tras relaciones sexuales sin protecci\u00f3n,<\/p>\n\t\t<\/div>\n\t\t\t\t\t<div class=\"elementor-post__read-more-wrapper\">\n\t\t\n\t\t<a class=\"elementor-post__read-more\" href=\"https:\/\/thealphacenter.org\/es\/anticoncepcion-de-emergencia-plan-b\/\" aria-label=\"Read more about Anticoncepci\u00f3n de emergencia: Plan B\" tabindex=\"-1\" target=\"_blank\" data-wpel-link=\"internal\">\n\t\t\tSigue leyendo \"\t\t<\/a>\n\n\t\t\t\t\t<\/div>\n\t\t\t\t<\/div>\n\t\t\t\t<\/article>\n\t\t\t\t<article class=\"elementor-post elementor-grid-item post-3922 post type-post status-publish format-standard has-post-thumbnail hentry category-pregnancy tag-aborto-farmacologico tag-alpha-center-fort-collins-es tag-asesoramiento-sobre-opciones tag-centro-alfa tag-cribado-preaborto tag-embarazo tag-embarazo-precoz tag-informacion-sobre-el-aborto tag-informacion-sobre-el-embarazo tag-preguntas-frecuentes tag-premenstrual-es tag-prueba-de-embarazo tag-prueba-de-embarazo-falsa-negativa tag-prueba-de-embarazo-falsa-positiva tag-pruebas-de-embarazo tag-salud-reproductiva tag-sintomas-del-embarazo tag-sintomas-tempranos-del-embarazo\" role=\"listitem\">\n\t\t\t\t<a class=\"elementor-post__thumbnail__link\" href=\"https:\/\/thealphacenter.org\/es\/sintomas-y-pruebas-del-embarazo\/\" tabindex=\"-1\" target=\"&quot;_blank&quot;\" data-wpel-link=\"internal\">\n\t\t\t<div class=\"elementor-post__thumbnail\"><img decoding=\"async\" width=\"300\" height=\"169\" src=\"https:\/\/thealphacenter.org\/wp-content\/uploads\/2025\/03\/Untitled-1-300x169.jpg\" class=\"attachment-medium size-medium wp-image-3901\" alt=\"\" srcset=\"https:\/\/thealphacenter.org\/wp-content\/uploads\/2025\/03\/Untitled-1-300x169.jpg 300w, https:\/\/thealphacenter.org\/wp-content\/uploads\/2025\/03\/Untitled-1-768x432.jpg 768w, https:\/\/thealphacenter.org\/wp-content\/uploads\/2025\/03\/Untitled-1-120x68.jpg 120w, https:\/\/thealphacenter.org\/wp-content\/uploads\/2025\/03\/Untitled-1.jpg 800w\" sizes=\"(max-width: 300px) 100vw, 300px\" \/><\/div>\n\t\t<\/a>\n\t\t\t\t<div class=\"elementor-post__text\">\n\t\t\t\t<h3 class=\"elementor-post__title\">\n\t\t\t<a href=\"https:\/\/thealphacenter.org\/es\/sintomas-y-pruebas-del-embarazo\/\" target=\"&quot;_blank&quot;\" data-wpel-link=\"internal\">\n\t\t\t\tS\u00edntomas y pruebas del embarazo\t\t\t<\/a>\n\t\t<\/h3>\n\t\t\t\t<div class=\"elementor-post__meta-data\">\n\t\t\t\t\t<span class=\"elementor-post-date\">\n\t\t\tMarch 10, 2025\t\t<\/span>\n\t\t\t\t<span class=\"elementor-post-avatar\">\n\t\t\tNo Comments\t\t<\/span>\n\t\t\t\t<\/div>\n\t\t\t\t<div class=\"elementor-post__excerpt\">\n\t\t\t<p>S\u00edntomas y pruebas del embarazo Casi todas las mujeres conocen esa sensaci\u00f3n. En uh oh. Cuando se te retrasa la regla, tienes un s\u00edntoma extra\u00f1o<\/p>\n\t\t<\/div>\n\t\t\t\t\t<div class=\"elementor-post__read-more-wrapper\">\n\t\t\n\t\t<a class=\"elementor-post__read-more\" href=\"https:\/\/thealphacenter.org\/es\/sintomas-y-pruebas-del-embarazo\/\" aria-label=\"Read more about S\u00edntomas y pruebas del embarazo\" tabindex=\"-1\" target=\"_blank\" data-wpel-link=\"internal\">\n\t\t\tSigue leyendo \"\t\t<\/a>\n\n\t\t\t\t\t<\/div>\n\t\t\t\t<\/div>\n\t\t\t\t<\/article>\n\t\t\t\t<\/div>\n\t\t\n\t\t\t\t\t\t<\/div>\n\t\t\t\t<\/div>\n\t\t\t\t\t<\/div>\n\t\t\t\t<\/div>\n\t\t<div class=\"elementor-element elementor-element-3626c5f e-flex e-con-boxed e-con e-parent\" data-id=\"3626c5f\" data-element_type=\"container\" data-e-type=\"container\">\n\t\t\t\t\t<div class=\"e-con-inner\">\n\t\t\t\t<div class=\"elementor-element elementor-element-124790d elementor-widget elementor-widget-livechat-contact-button\" data-id=\"124790d\" data-element_type=\"widget\" data-e-type=\"widget\" data-widget_type=\"livechat-contact-button.default\">\n\t\t\t\t<div class=\"elementor-widget-container\">\n\t\t\t\t\t\t\t<button class=\"rWzRuLNl84i5nH_IVqYFH-text-contact-button-container rWzRuLNl84i5nH_IVqYFH-text-element-hidden\">\n\t\t\tChat Now\t\t<\/button>\n\t\t\t\t\t\t<\/div>\n\t\t\t\t<\/div>\n\t\t\t\t\t<\/div>\n\t\t\t\t<\/div>\n\t\t\t\t<\/div>\n\t\t","protected":false},"excerpt":{"rendered":"<p>Preguntas frecuentes sobre el embarazo: Chat Now<\/p>\n","protected":false},"author":3,"featured_media":0,"parent":0,"menu_order":0,"comment_status":"closed","ping_status":"closed","template":"","meta":{"_acf_changed":false,"footnotes":""},"class_list":["post-2894","page","type-page","status-publish","hentry"],"acf":[],"yoast_head":"<!-- This site is optimized with the Yoast SEO Premium plugin v27.0 (Yoast SEO v27.3) - https:\/\/yoast.com\/product\/yoast-seo-premium-wordpress\/ -->\n<title>cuestionario sobre los s\u00edntomas del embarazo - Alpha Center<\/title>\n<meta name=\"description\" content=\"\u00bfTe preguntas si est\u00e1s embarazada? Haz nuestro test de s\u00edntomas de embarazo para ver la probabilidad. Esta prueba no es diagn\u00f3stica.\" \/>\n<meta name=\"robots\" content=\"index, follow, max-snippet:-1, max-image-preview:large, max-video-preview:-1\" \/>\n<link rel=\"canonical\" href=\"https:\/\/thealphacenter.org\/es\/cuestionario-sobre-los-sintomas-del-embarazo\/\" \/>\n<meta property=\"og:locale\" content=\"es_ES\" \/>\n<meta property=\"og:type\" content=\"article\" \/>\n<meta property=\"og:title\" content=\"cuestionario sobre los s\u00edntomas del embarazo\" \/>\n<meta property=\"og:description\" content=\"\u00bfTe preguntas si est\u00e1s embarazada? Haz nuestro test de s\u00edntomas de embarazo para ver la probabilidad. Esta prueba no es diagn\u00f3stica.\" \/>\n<meta property=\"og:url\" content=\"https:\/\/thealphacenter.org\/es\/cuestionario-sobre-los-sintomas-del-embarazo\/\" \/>\n<meta property=\"og:site_name\" content=\"Alpha Center\" \/>\n<meta property=\"article:publisher\" content=\"https:\/\/www.facebook.com\/thealphacenter\" \/>\n<meta property=\"article:modified_time\" content=\"2025-01-07T23:54:06+00:00\" \/>\n<meta name=\"twitter:card\" content=\"summary_large_image\" \/>\n<!-- \/ Yoast SEO Premium plugin. -->","yoast_head_json":{"title":"cuestionario sobre los s\u00edntomas del embarazo - Alpha Center","description":"\u00bfTe preguntas si est\u00e1s embarazada? Haz nuestro test de s\u00edntomas de embarazo para ver la probabilidad. Esta prueba no es diagn\u00f3stica.","robots":{"index":"index","follow":"follow","max-snippet":"max-snippet:-1","max-image-preview":"max-image-preview:large","max-video-preview":"max-video-preview:-1"},"canonical":"https:\/\/thealphacenter.org\/es\/cuestionario-sobre-los-sintomas-del-embarazo\/","og_locale":"es_ES","og_type":"article","og_title":"cuestionario sobre los s\u00edntomas del embarazo","og_description":"\u00bfTe preguntas si est\u00e1s embarazada? Haz nuestro test de s\u00edntomas de embarazo para ver la probabilidad. Esta prueba no es diagn\u00f3stica.","og_url":"https:\/\/thealphacenter.org\/es\/cuestionario-sobre-los-sintomas-del-embarazo\/","og_site_name":"Alpha Center","article_publisher":"https:\/\/www.facebook.com\/thealphacenter","article_modified_time":"2025-01-07T23:54:06+00:00","twitter_card":"summary_large_image","schema":{"@context":"https:\/\/schema.org","@graph":[{"@type":"WebPage","@id":"https:\/\/thealphacenter.org\/es\/cuestionario-sobre-los-sintomas-del-embarazo\/","url":"https:\/\/thealphacenter.org\/es\/cuestionario-sobre-los-sintomas-del-embarazo\/","name":"cuestionario sobre los s\u00edntomas del embarazo - Alpha Center","isPartOf":{"@id":"https:\/\/thealphacenter.org\/es\/#website"},"datePublished":"2023-12-07T12:20:24+00:00","dateModified":"2025-01-07T23:54:06+00:00","description":"\u00bfTe preguntas si est\u00e1s embarazada? Haz nuestro test de s\u00edntomas de embarazo para ver la probabilidad. Esta prueba no es diagn\u00f3stica.","breadcrumb":{"@id":"https:\/\/thealphacenter.org\/es\/cuestionario-sobre-los-sintomas-del-embarazo\/#breadcrumb"},"inLanguage":"es-ES","potentialAction":[{"@type":"ReadAction","target":["https:\/\/thealphacenter.org\/es\/cuestionario-sobre-los-sintomas-del-embarazo\/"]}]},{"@type":"BreadcrumbList","@id":"https:\/\/thealphacenter.org\/es\/cuestionario-sobre-los-sintomas-del-embarazo\/#breadcrumb","itemListElement":[{"@type":"ListItem","position":1,"name":"Home","item":"https:\/\/thealphacenter.org\/es\/"},{"@type":"ListItem","position":2,"name":"cuestionario sobre los s\u00edntomas del embarazo"}]},{"@type":"WebSite","@id":"https:\/\/thealphacenter.org\/es\/#website","url":"https:\/\/thealphacenter.org\/es\/","name":"Alpha Center","description":"","publisher":{"@id":"https:\/\/thealphacenter.org\/es\/#organization"},"potentialAction":[{"@type":"SearchAction","target":{"@type":"EntryPoint","urlTemplate":"https:\/\/thealphacenter.org\/es\/?s={search_term_string}"},"query-input":{"@type":"PropertyValueSpecification","valueRequired":true,"valueName":"search_term_string"}}],"inLanguage":"es-ES"},{"@type":"Organization","@id":"https:\/\/thealphacenter.org\/es\/#organization","name":"Alpha Center","url":"https:\/\/thealphacenter.org\/es\/","logo":{"@type":"ImageObject","inLanguage":"es-ES","@id":"https:\/\/thealphacenter.org\/es\/#\/schema\/logo\/image\/","url":"https:\/\/thealphacenter.org\/wp-content\/uploads\/2025\/03\/horizontal-logo-2022.png","contentUrl":"https:\/\/thealphacenter.org\/wp-content\/uploads\/2025\/03\/horizontal-logo-2022.png","width":700,"height":150,"caption":"Alpha Center"},"image":{"@id":"https:\/\/thealphacenter.org\/es\/#\/schema\/logo\/image\/"},"sameAs":["https:\/\/www.facebook.com\/thealphacenter","https:\/\/www.instagram.com\/thealphacentercolorado"]}]}},"_links":{"self":[{"href":"https:\/\/thealphacenter.org\/es\/wp-json\/wp\/v2\/pages\/2894","targetHints":{"allow":["GET"]}}],"collection":[{"href":"https:\/\/thealphacenter.org\/es\/wp-json\/wp\/v2\/pages"}],"about":[{"href":"https:\/\/thealphacenter.org\/es\/wp-json\/wp\/v2\/types\/page"}],"author":[{"embeddable":true,"href":"https:\/\/thealphacenter.org\/es\/wp-json\/wp\/v2\/users\/3"}],"replies":[{"embeddable":true,"href":"https:\/\/thealphacenter.org\/es\/wp-json\/wp\/v2\/comments?post=2894"}],"version-history":[{"count":2,"href":"https:\/\/thealphacenter.org\/es\/wp-json\/wp\/v2\/pages\/2894\/revisions"}],"predecessor-version":[{"id":3806,"href":"https:\/\/thealphacenter.org\/es\/wp-json\/wp\/v2\/pages\/2894\/revisions\/3806"}],"wp:attachment":[{"href":"https:\/\/thealphacenter.org\/es\/wp-json\/wp\/v2\/media?parent=2894"}],"curies":[{"name":"wp","href":"https:\/\/api.w.org\/{rel}","templated":true}]}}