{"id":2892,"date":"2020-02-17T13:22:10","date_gmt":"2020-02-17T20:22:10","guid":{"rendered":"https:\/\/thealphacenter.org\/opciones\/aborto\/"},"modified":"2025-04-15T14:58:17","modified_gmt":"2025-04-15T20:58:17","slug":"aborto","status":"publish","type":"page","link":"https:\/\/thealphacenter.org\/es\/opciones\/aborto\/","title":{"rendered":"Aborto"},"content":{"rendered":"<h2>\u00bfEst\u00e1s pensando en abortar?<\/h2>\n<p>Muchas mujeres que se enfrentan a un embarazo no planificado creen que su \u00fanica opci\u00f3n es el aborto. Si est\u00e1 considerando esta opci\u00f3n, primero debe conocer los procedimientos, los efectos secundarios y los posibles riesgos f\u00edsicos y emocionales.<\/p>\n<p>Su salud y bienestar son importantes para nosotros. Nuestras enfermeras est\u00e1n aqu\u00ed para responder a sus preguntas y darle la informaci\u00f3n que necesita para tomar una decisi\u00f3n con confianza.<\/p>\n<h2>\u00bfHay distintos tipos de aborto?<\/h2>\n<p>Existen dos tipos principales de aborto: farmacol\u00f3gico y quir\u00fargico. El procedimiento al que puede optar depende de lo avanzado que est\u00e9 su embarazo.<\/p>\n<p>Conocer el n\u00famero de semanas de embarazo es fundamental, por lo que proporcionamos esta informaci\u00f3n con una <a href=\"https:\/\/thealphacenter.org\/es\/servicios-para-embarazadas\/ecografia\/\" rel=\"noopener\" data-wpel-link=\"internal\">ecograf\u00eda<\/a> gratuita. Programe su ecograf\u00eda gratuita y confidencial rellenando nuestro <a href=\"https:\/\/thealphacenter.org\/es\/pongase-en-contacto-con-nosotros\/\" data-wpel-link=\"internal\">formulario de contacto en l\u00ednea<\/a> o llamando al (970) 239-2272.<\/p>\n<h3>Aborto farmacol\u00f3gico (tambi\u00e9n conocido como p\u00edldora abortiva o aborto en casa)<\/h3>\n<p>El m\u00e9todo de la p\u00edldora abortiva utiliza dos f\u00e1rmacos para interrumpir el embarazo: mifepristona y misoprostol. La <a href=\"https:\/\/www.fda.gov\/drugs\/postmarket-drug-safety-information-patients-and-providers\/information-about-mifepristone-medical-termination-pregnancy-through-ten-weeks-gestation\" target=\"_blank\" rel=\"noopener external noreferrer\" data-wpel-link=\"external\">FDA<\/a> ha aprobado el uso del aborto farmacol\u00f3gico s\u00f3lo hasta las 10 semanas de embarazo (70 d\u00edas a partir del primer d\u00eda de la \u00faltima menstruaci\u00f3n). Sin embargo, cuanto m\u00e1s avanzado est\u00e9 el embarazo, menor ser\u00e1 la eficacia de los f\u00e1rmacos.<\/p>\n<p>Todos los embarazos necesitan una hormona llamada progesterona para crecer. La mifepristona bloquea la progesterona, provocando la interrupci\u00f3n del embarazo. Unas 24-28 horas despu\u00e9s de tomar la mifepristona, se toma el misoprostol. Este medicamento provoca contracciones para expulsar el embarazo del cuerpo.<\/p>\n<h3>Aborto quir\u00fargico<\/h3>\n<p>Los distintos procedimientos quir\u00fargicos dependen de la duraci\u00f3n del embarazo. En un embarazo del primer trimestre, el profesional que practica el aborto realiza una aspiraci\u00f3n al vac\u00edo o por succi\u00f3n. A medida que avanza el embarazo, se necesitan instrumentos quir\u00fargicos como una <a href=\"https:\/\/my.clevelandclinic.org\/health\/procedures\/dilation-and-curettage\" target=\"_blank\" rel=\"noopener external noreferrer\" data-wpel-link=\"external\">cureta<\/a> (un instrumento afilado para raspar) y\/o f\u00f3rceps para eliminar el embarazo.<\/p>\n<p>Los abortos quir\u00fargicos requieren que el profesional dilate (abra) el cuello uterino y utilice anestesia general o local.<\/p>\n<h2>\u00bfCu\u00e1les son los efectos secundarios y los riesgos?<\/h2>\n<p>Los <a href=\"https:\/\/thealphacenter.org\/es\/efectos-secundarios-de-la-pildora-abortiva\/\" data-wpel-link=\"internal\">efectos secundarios<\/a> de todo aborto incluyen hemorragias y calambres. Es fundamental saber <a href=\"https:\/\/thealphacenter.org\/es\/preguntas-frecuentes-ru486\/\" data-wpel-link=\"internal\">qu\u00e9 esperar<\/a> para estar preparado en caso de emergencia. Otros efectos secundarios son n\u00e1useas, mareos y fiebre.<\/p>\n<p>Los riesgos de un aborto <a href=\"https:\/\/thealphacenter.org\/es\/riesgos-del-aborto-farmacologico\/\" data-wpel-link=\"internal\">m\u00e9dico<\/a> o quir\u00fargico incluyen un aborto incompleto, que puede provocar una infecci\u00f3n, una hemorragia abundante y prolongada y da\u00f1os en el cuello uterino o el \u00fatero.<\/p>\n<h2>\u00bfQuiere m\u00e1s informaci\u00f3n?<\/h2>\n<p>Nuestras enfermeras pueden proporcionar informaci\u00f3n objetiva sobre los distintos procedimientos, los efectos secundarios que cabe esperar y los posibles riesgos. Inf\u00f3rmate bien antes de tomar una decisi\u00f3n sobre tu embarazo. Solicita una <a href=\"https:\/\/thealphacenter.org\/es\/pongase-en-contacto-con-nosotros\/\" rel=\"noopener\" data-wpel-link=\"internal\">cita<\/a> en Alpha Center hoy mismo.<\/p>\n<p><em><span data-preserver-spaces=\"true\">Alpha Center no practica ni deriva abortos, ni las cl\u00ednicas requieren derivaciones. Por ello, Alpha Center no tiene ning\u00fan inter\u00e9s econ\u00f3mico en su decisi\u00f3n sobre el embarazo.<\/span><\/em><\/p>\n","protected":false},"excerpt":{"rendered":"<p>El aborto es una decisi\u00f3n m\u00e9dica seria y te debes a ti misma estar plenamente informada. Nuestras enfermeras proporcionan informaci\u00f3n objetiva sobre los procedimientos, los efectos secundarios y los posibles riesgos f\u00edsicos y emocionales. Concierte una consulta gratuita para obtener m\u00e1s informaci\u00f3n sobre esta opci\u00f3n.  <\/p>\n","protected":false},"author":1,"featured_media":2864,"parent":2883,"menu_order":1,"comment_status":"closed","ping_status":"closed","template":"","meta":{"_acf_changed":false,"footnotes":""},"class_list":["post-2892","page","type-page","status-publish","has-post-thumbnail","hentry"],"acf":[],"yoast_head":"<!-- This site is optimized with the Yoast SEO Premium plugin v27.0 (Yoast SEO v27.3) - https:\/\/yoast.com\/product\/yoast-seo-premium-wordpress\/ -->\n<title>Aborto - Alpha Center<\/title>\n<meta name=\"description\" content=\"Si est\u00e1s considerando el aborto como una opci\u00f3n, hay algunas cosas que es vital que sepas mientras decides. Programa una exploraci\u00f3n previa al aborto.\" \/>\n<meta name=\"robots\" content=\"index, follow, max-snippet:-1, max-image-preview:large, max-video-preview:-1\" \/>\n<link rel=\"canonical\" href=\"https:\/\/thealphacenter.org\/es\/opciones\/aborto\/\" \/>\n<meta property=\"og:locale\" content=\"es_ES\" \/>\n<meta property=\"og:type\" content=\"article\" \/>\n<meta property=\"og:title\" content=\"Aborto\" \/>\n<meta property=\"og:description\" content=\"Si est\u00e1s considerando el aborto como una opci\u00f3n, hay algunas cosas que es vital que sepas mientras decides. Programa una exploraci\u00f3n previa al aborto.\" \/>\n<meta property=\"og:url\" content=\"https:\/\/thealphacenter.org\/es\/opciones\/aborto\/\" \/>\n<meta property=\"og:site_name\" content=\"Alpha Center\" \/>\n<meta property=\"article:publisher\" content=\"https:\/\/www.facebook.com\/thealphacenter\" \/>\n<meta property=\"article:modified_time\" content=\"2025-04-15T20:58:17+00:00\" \/>\n<meta property=\"og:image\" content=\"https:\/\/thealphacenter.org\/wp-content\/uploads\/2020\/03\/shutterstock_2343736261.png\" \/>\n\t<meta property=\"og:image:width\" content=\"1920\" \/>\n\t<meta property=\"og:image:height\" content=\"724\" \/>\n\t<meta property=\"og:image:type\" content=\"image\/png\" \/>\n<meta name=\"twitter:card\" content=\"summary_large_image\" \/>\n<meta name=\"twitter:label1\" content=\"Est. reading time\" \/>\n\t<meta name=\"twitter:data1\" content=\"3 minutes\" \/>\n<!-- \/ Yoast SEO Premium plugin. -->","yoast_head_json":{"title":"Aborto - Alpha Center","description":"Si est\u00e1s considerando el aborto como una opci\u00f3n, hay algunas cosas que es vital que sepas mientras decides. Programa una exploraci\u00f3n previa al aborto.","robots":{"index":"index","follow":"follow","max-snippet":"max-snippet:-1","max-image-preview":"max-image-preview:large","max-video-preview":"max-video-preview:-1"},"canonical":"https:\/\/thealphacenter.org\/es\/opciones\/aborto\/","og_locale":"es_ES","og_type":"article","og_title":"Aborto","og_description":"Si est\u00e1s considerando el aborto como una opci\u00f3n, hay algunas cosas que es vital que sepas mientras decides. Programa una exploraci\u00f3n previa al aborto.","og_url":"https:\/\/thealphacenter.org\/es\/opciones\/aborto\/","og_site_name":"Alpha Center","article_publisher":"https:\/\/www.facebook.com\/thealphacenter","article_modified_time":"2025-04-15T20:58:17+00:00","og_image":[{"width":1920,"height":724,"url":"https:\/\/thealphacenter.org\/wp-content\/uploads\/2020\/03\/shutterstock_2343736261.png","type":"image\/png"}],"twitter_card":"summary_large_image","twitter_misc":{"Est. reading time":"3 minutes"},"schema":{"@context":"https:\/\/schema.org","@graph":[{"@type":"WebPage","@id":"https:\/\/thealphacenter.org\/es\/opciones\/aborto\/","url":"https:\/\/thealphacenter.org\/es\/opciones\/aborto\/","name":"Aborto - Alpha Center","isPartOf":{"@id":"https:\/\/thealphacenter.org\/es\/#website"},"primaryImageOfPage":{"@id":"https:\/\/thealphacenter.org\/es\/opciones\/aborto\/#primaryimage"},"image":{"@id":"https:\/\/thealphacenter.org\/es\/opciones\/aborto\/#primaryimage"},"thumbnailUrl":"https:\/\/thealphacenter.org\/wp-content\/uploads\/2020\/03\/shutterstock_2343736261.png","datePublished":"2020-02-17T20:22:10+00:00","dateModified":"2025-04-15T20:58:17+00:00","description":"Si est\u00e1s considerando el aborto como una opci\u00f3n, hay algunas cosas que es vital que sepas mientras decides. Programa una exploraci\u00f3n previa al aborto.","breadcrumb":{"@id":"https:\/\/thealphacenter.org\/es\/opciones\/aborto\/#breadcrumb"},"inLanguage":"es-ES","potentialAction":[{"@type":"ReadAction","target":["https:\/\/thealphacenter.org\/es\/opciones\/aborto\/"]}]},{"@type":"ImageObject","inLanguage":"es-ES","@id":"https:\/\/thealphacenter.org\/es\/opciones\/aborto\/#primaryimage","url":"https:\/\/thealphacenter.org\/wp-content\/uploads\/2020\/03\/shutterstock_2343736261.png","contentUrl":"https:\/\/thealphacenter.org\/wp-content\/uploads\/2020\/03\/shutterstock_2343736261.png","width":1920,"height":724,"caption":"young woman considering her options for her unplanned pregnancy - parenting, abortion, or adoption"},{"@type":"BreadcrumbList","@id":"https:\/\/thealphacenter.org\/es\/opciones\/aborto\/#breadcrumb","itemListElement":[{"@type":"ListItem","position":1,"name":"Home","item":"https:\/\/thealphacenter.org\/es\/"},{"@type":"ListItem","position":2,"name":"Opciones","item":"https:\/\/thealphacenter.org\/es\/opciones\/"},{"@type":"ListItem","position":3,"name":"Aborto"}]},{"@type":"WebSite","@id":"https:\/\/thealphacenter.org\/es\/#website","url":"https:\/\/thealphacenter.org\/es\/","name":"Alpha Center","description":"","publisher":{"@id":"https:\/\/thealphacenter.org\/es\/#organization"},"potentialAction":[{"@type":"SearchAction","target":{"@type":"EntryPoint","urlTemplate":"https:\/\/thealphacenter.org\/es\/?s={search_term_string}"},"query-input":{"@type":"PropertyValueSpecification","valueRequired":true,"valueName":"search_term_string"}}],"inLanguage":"es-ES"},{"@type":"Organization","@id":"https:\/\/thealphacenter.org\/es\/#organization","name":"Alpha Center","url":"https:\/\/thealphacenter.org\/es\/","logo":{"@type":"ImageObject","inLanguage":"es-ES","@id":"https:\/\/thealphacenter.org\/es\/#\/schema\/logo\/image\/","url":"https:\/\/thealphacenter.org\/wp-content\/uploads\/2025\/03\/horizontal-logo-2022.png","contentUrl":"https:\/\/thealphacenter.org\/wp-content\/uploads\/2025\/03\/horizontal-logo-2022.png","width":700,"height":150,"caption":"Alpha Center"},"image":{"@id":"https:\/\/thealphacenter.org\/es\/#\/schema\/logo\/image\/"},"sameAs":["https:\/\/www.facebook.com\/thealphacenter","https:\/\/www.instagram.com\/thealphacentercolorado"]}]}},"_links":{"self":[{"href":"https:\/\/thealphacenter.org\/es\/wp-json\/wp\/v2\/pages\/2892","targetHints":{"allow":["GET"]}}],"collection":[{"href":"https:\/\/thealphacenter.org\/es\/wp-json\/wp\/v2\/pages"}],"about":[{"href":"https:\/\/thealphacenter.org\/es\/wp-json\/wp\/v2\/types\/page"}],"author":[{"embeddable":true,"href":"https:\/\/thealphacenter.org\/es\/wp-json\/wp\/v2\/users\/1"}],"replies":[{"embeddable":true,"href":"https:\/\/thealphacenter.org\/es\/wp-json\/wp\/v2\/comments?post=2892"}],"version-history":[{"count":3,"href":"https:\/\/thealphacenter.org\/es\/wp-json\/wp\/v2\/pages\/2892\/revisions"}],"predecessor-version":[{"id":4136,"href":"https:\/\/thealphacenter.org\/es\/wp-json\/wp\/v2\/pages\/2892\/revisions\/4136"}],"up":[{"embeddable":true,"href":"https:\/\/thealphacenter.org\/es\/wp-json\/wp\/v2\/pages\/2883"}],"wp:featuredmedia":[{"embeddable":true,"href":"https:\/\/thealphacenter.org\/es\/wp-json\/wp\/v2\/media\/2864"}],"wp:attachment":[{"href":"https:\/\/thealphacenter.org\/es\/wp-json\/wp\/v2\/media?parent=2892"}],"curies":[{"name":"wp","href":"https:\/\/api.w.org\/{rel}","templated":true}]}}