{"id":2891,"date":"2020-02-17T13:22:25","date_gmt":"2020-02-17T20:22:25","guid":{"rendered":"https:\/\/thealphacenter.org\/opciones\/ser-padres\/"},"modified":"2020-02-17T13:22:25","modified_gmt":"2020-02-17T13:22:25","slug":"ser-padres","status":"publish","type":"page","link":"https:\/\/thealphacenter.org\/es\/opciones\/ser-padres\/","title":{"rendered":"Ser padres"},"content":{"rendered":"<h2>\u00bfHa pensado en ser padre?<\/h2>\n<p>Nadie est\u00e1 realmente preparado para ser padre. Es un viaje \u00fanico para todos, porque los ni\u00f1os no vienen con manuales. Estamos aqu\u00ed para ofrecerte el apoyo, la educaci\u00f3n y el \u00e1nimo que necesitas si optas por la paternidad.<\/p>\n<h2>\u00bfC\u00f3mo s\u00e9 si puedo ser padre?<\/h2>\n<p>Empiece primero por las preguntas dif\u00edciles:<\/p>\n<ul>\n<li>\u00bfMe apoyar\u00e1n mis padres o mi pareja emocional, f\u00edsica y econ\u00f3micamente? Saber qui\u00e9n est\u00e1 de su lado es el primer paso.<\/li>\n<li>\u00bfPuedo mantenerme a m\u00ed y a mi hijo por mi cuenta?<\/li>\n<li>\u00bfD\u00f3nde vivir\u00e9?<\/li>\n<li>\u00bfPuedo terminar mis estudios o seguir trabajando?<\/li>\n<li>\u00bfQu\u00e9 recursos comunitarios hay disponibles?<\/li>\n<\/ul>\n<p>Estas y otras preguntas te ayudar\u00e1n a encontrar soluciones. Nuestro personal puede colaborar estrechamente con usted para ponerle en contacto con los recursos y referencias que necesite en nuestra zona. Tambi\u00e9n le sorprender\u00e1 ver la cantidad de ayudas comunitarias disponibles.<\/p>\n<h3>Formamos parte de su sistema de apoyo<\/h3>\n<p>No tienes que ser padre solo. Ofrecemos diversos servicios de apoyo y asistencia para ayudarle a ser madre con \u00e9xito tanto antes como despu\u00e9s del parto. No es necesario ser paciente para acceder a estos servicios. Llame al 970.221.5121 para obtener m\u00e1s informaci\u00f3n.<\/p>\n<p><span style=\"color: #034b52; font-family: Quicksand, sans-serif; font-size: 32px; text-transform: uppercase;\">\u00bfSab\u00eda que nuestra Comunidad tambi\u00e9n ayuda?<\/span><\/p>\n<p>El Departamento de Servicios Humanos ofrece apoyo. Usted puede ser conectado a la asistencia sanitaria gratuita o de bajo costo, asistencia de alquiler, bancos de alimentos, y mucho m\u00e1s. <em>WomenGive<\/em>, un programa de United Way del condado de Larimer, proporciona ayuda financiera a trav\u00e9s de becas para el cuidado de ni\u00f1os a madres solteras que cursan estudios superiores.<\/p>\n<p><em>Be The <\/em>Gift es una organizaci\u00f3n local sin \u00e1nimo de lucro de Colorado que ayuda a mujeres solteras a mantener o reparar sus viviendas. Muchas otras organizaciones del norte de Colorado est\u00e1n preparadas y deseosas de apoyar a una madre soltera y a sus hijos.<\/p>\n<h3>No est\u00e1s solo<\/h3>\n<p>La paternidad puede parecer algo en lo que la gente siempre se embarca intencionadamente. Sin embargo, los CDC informan de que casi la mitad de los embarazos no son planificados.<\/p>\n<p>Para m\u00e1s informaci\u00f3n sobre las ayudas disponibles para las mujeres que deciden ser madres, solicite una <a href=\"https:\/\/thealphacenter.org\/es\/pongase-en-contacto-con-nosotros\/\" rel=\"noopener\" data-wpel-link=\"internal\">cita<\/a> en Alpha Center. Creemos en ti y queremos ayudarte a encontrar la mejor opci\u00f3n para tu futuro.<\/p>\n","protected":false},"excerpt":{"rendered":"<p>Ser padres es posible con el apoyo adecuado y mucho amor. Hable con nosotros sobre nuestro Programa de tutor\u00eda para futuros padres, Asesoramiento profesional para relaciones y mucho m\u00e1s. Estamos aqu\u00ed para ayudarle a convertirse en un padre de \u00e9xito.<\/p>\n","protected":false},"author":1,"featured_media":0,"parent":2883,"menu_order":3,"comment_status":"closed","ping_status":"closed","template":"","meta":{"_acf_changed":false,"footnotes":""},"class_list":["post-2891","page","type-page","status-publish","hentry"],"acf":[],"yoast_head":"<!-- This site is optimized with the Yoast SEO Premium plugin v27.0 (Yoast SEO v27.4) - https:\/\/yoast.com\/product\/yoast-seo-premium-wordpress\/ -->\n<title>Ser padres - Alpha Center<\/title>\n<meta name=\"robots\" content=\"index, follow, max-snippet:-1, max-image-preview:large, max-video-preview:-1\" \/>\n<link rel=\"canonical\" href=\"https:\/\/thealphacenter.org\/es\/opciones\/ser-padres\/\" \/>\n<meta property=\"og:locale\" content=\"es_ES\" \/>\n<meta property=\"og:type\" content=\"article\" \/>\n<meta property=\"og:title\" content=\"Ser padres\" \/>\n<meta property=\"og:description\" content=\"Ser padres es posible con el apoyo adecuado y mucho amor. Hable con nosotros sobre nuestro Programa de tutor\u00eda para futuros padres, Asesoramiento profesional para relaciones y mucho m\u00e1s. Estamos aqu\u00ed para ayudarle a convertirse en un padre de \u00e9xito.\" \/>\n<meta property=\"og:url\" content=\"https:\/\/thealphacenter.org\/es\/opciones\/ser-padres\/\" \/>\n<meta property=\"og:site_name\" content=\"Alpha Center\" \/>\n<meta property=\"article:publisher\" content=\"https:\/\/www.facebook.com\/thealphacenter\" \/>\n<meta name=\"twitter:card\" content=\"summary_large_image\" \/>\n<meta name=\"twitter:label1\" content=\"Est. reading time\" \/>\n\t<meta name=\"twitter:data1\" content=\"2 minutes\" \/>\n<!-- \/ Yoast SEO Premium plugin. -->","yoast_head_json":{"title":"Ser padres - Alpha Center","robots":{"index":"index","follow":"follow","max-snippet":"max-snippet:-1","max-image-preview":"max-image-preview:large","max-video-preview":"max-video-preview:-1"},"canonical":"https:\/\/thealphacenter.org\/es\/opciones\/ser-padres\/","og_locale":"es_ES","og_type":"article","og_title":"Ser padres","og_description":"Ser padres es posible con el apoyo adecuado y mucho amor. Hable con nosotros sobre nuestro Programa de tutor\u00eda para futuros padres, Asesoramiento profesional para relaciones y mucho m\u00e1s. Estamos aqu\u00ed para ayudarle a convertirse en un padre de \u00e9xito.","og_url":"https:\/\/thealphacenter.org\/es\/opciones\/ser-padres\/","og_site_name":"Alpha Center","article_publisher":"https:\/\/www.facebook.com\/thealphacenter","twitter_card":"summary_large_image","twitter_misc":{"Est. reading time":"2 minutes"},"schema":{"@context":"https:\/\/schema.org","@graph":[{"@type":"WebPage","@id":"https:\/\/thealphacenter.org\/es\/opciones\/ser-padres\/","url":"https:\/\/thealphacenter.org\/es\/opciones\/ser-padres\/","name":"Ser padres - Alpha Center","isPartOf":{"@id":"https:\/\/thealphacenter.org\/es\/#website"},"datePublished":"2020-02-17T20:22:25+00:00","breadcrumb":{"@id":"https:\/\/thealphacenter.org\/es\/opciones\/ser-padres\/#breadcrumb"},"inLanguage":"es-ES","potentialAction":[{"@type":"ReadAction","target":["https:\/\/thealphacenter.org\/es\/opciones\/ser-padres\/"]}]},{"@type":"BreadcrumbList","@id":"https:\/\/thealphacenter.org\/es\/opciones\/ser-padres\/#breadcrumb","itemListElement":[{"@type":"ListItem","position":1,"name":"Home","item":"https:\/\/thealphacenter.org\/es\/"},{"@type":"ListItem","position":2,"name":"Opciones","item":"https:\/\/thealphacenter.org\/es\/opciones\/"},{"@type":"ListItem","position":3,"name":"Ser padres"}]},{"@type":"WebSite","@id":"https:\/\/thealphacenter.org\/es\/#website","url":"https:\/\/thealphacenter.org\/es\/","name":"Alpha Center","description":"","publisher":{"@id":"https:\/\/thealphacenter.org\/es\/#organization"},"potentialAction":[{"@type":"SearchAction","target":{"@type":"EntryPoint","urlTemplate":"https:\/\/thealphacenter.org\/es\/?s={search_term_string}"},"query-input":{"@type":"PropertyValueSpecification","valueRequired":true,"valueName":"search_term_string"}}],"inLanguage":"es-ES"},{"@type":"Organization","@id":"https:\/\/thealphacenter.org\/es\/#organization","name":"Alpha Center","url":"https:\/\/thealphacenter.org\/es\/","logo":{"@type":"ImageObject","inLanguage":"es-ES","@id":"https:\/\/thealphacenter.org\/es\/#\/schema\/logo\/image\/","url":"https:\/\/thealphacenter.org\/wp-content\/uploads\/2025\/03\/horizontal-logo-2022.png","contentUrl":"https:\/\/thealphacenter.org\/wp-content\/uploads\/2025\/03\/horizontal-logo-2022.png","width":700,"height":150,"caption":"Alpha Center"},"image":{"@id":"https:\/\/thealphacenter.org\/es\/#\/schema\/logo\/image\/"},"sameAs":["https:\/\/www.facebook.com\/thealphacenter","https:\/\/www.instagram.com\/thealphacentercolorado"]}]}},"_links":{"self":[{"href":"https:\/\/thealphacenter.org\/es\/wp-json\/wp\/v2\/pages\/2891","targetHints":{"allow":["GET"]}}],"collection":[{"href":"https:\/\/thealphacenter.org\/es\/wp-json\/wp\/v2\/pages"}],"about":[{"href":"https:\/\/thealphacenter.org\/es\/wp-json\/wp\/v2\/types\/page"}],"author":[{"embeddable":true,"href":"https:\/\/thealphacenter.org\/es\/wp-json\/wp\/v2\/users\/1"}],"replies":[{"embeddable":true,"href":"https:\/\/thealphacenter.org\/es\/wp-json\/wp\/v2\/comments?post=2891"}],"version-history":[{"count":0,"href":"https:\/\/thealphacenter.org\/es\/wp-json\/wp\/v2\/pages\/2891\/revisions"}],"up":[{"embeddable":true,"href":"https:\/\/thealphacenter.org\/es\/wp-json\/wp\/v2\/pages\/2883"}],"wp:attachment":[{"href":"https:\/\/thealphacenter.org\/es\/wp-json\/wp\/v2\/media?parent=2891"}],"curies":[{"name":"wp","href":"https:\/\/api.w.org\/{rel}","templated":true}]}}