{"id":2888,"date":"2020-02-17T13:18:25","date_gmt":"2020-02-17T20:18:25","guid":{"rendered":"https:\/\/thealphacenter.org\/para-hombres\/"},"modified":"2025-06-23T11:11:37","modified_gmt":"2025-06-23T17:11:37","slug":"para-hombres","status":"publish","type":"page","link":"https:\/\/thealphacenter.org\/es\/para-hombres\/","title":{"rendered":"Para hombres"},"content":{"rendered":"\t\t<div data-elementor-type=\"wp-page\" data-elementor-id=\"2888\" class=\"elementor elementor-2888 elementor-17\" data-elementor-post-type=\"page\">\n\t\t\t\t<div class=\"elementor-element elementor-element-68e49c70 e-flex e-con-boxed e-con e-parent\" data-id=\"68e49c70\" data-element_type=\"container\" data-e-type=\"container\">\n\t\t\t\t\t<div class=\"e-con-inner\">\n\t\t\t\t<div class=\"elementor-element elementor-element-4b5fa41b elementor-widget elementor-widget-text-editor\" data-id=\"4b5fa41b\" data-element_type=\"widget\" data-e-type=\"widget\" data-widget_type=\"text-editor.default\">\n\t\t\t\t<div class=\"elementor-widget-container\">\n\t\t\t\t\t\t\t\t\t<h2>\u00bfTiene Alpha Center servicios para hombres?<\/h2><p>En Alpha Center atendemos tanto a mujeres como a hombres de Fort Collins y alrededores.<\/p><p>A los hombres les afectan muchos de los mismos problemas que a las mujeres. Tanto si se trata de determinar el resultado de un embarazo no planificado, como de pruebas y tratamiento de ETS o asesoramiento profesional, queremos servirle.<\/p><h2>Pruebas de ITS para hombres<\/h2><p>Muchas ITS son asintom\u00e1ticas, es decir, no presentan s\u00edntomas. Podr\u00edas tener y transmitir una ITS a tu pareja y ni siquiera ser consciente de ello.  Hacerse pruebas con regularidad es esencial para su salud sexual.<\/p><p>Nuestros servicios de pruebas y tratamiento de ITS son gratuitos, y nuestras conversaciones y los resultados de tus pruebas son confidenciales.<\/p><p>Es importante tenerlo en cuenta:<\/p><ul><li>Si usted es un paciente de Banner Health Systems, sus resultados pueden aparecer en su portal del paciente, ya que utilizamos Banner Health Labs para nuestras pruebas.<\/li><li>Necesitamos su documento de identidad para crear su historial y verificar su identidad. Esta informaci\u00f3n no se comparte fuera de nuestra oficina.<\/li><\/ul><p>Examinamos a los hombres para detectar las siguientes ITS:<\/p><ul><li>Clamidia<\/li><li>Gonorrea<\/li><li>S\u00edfilis<\/li><li>VIH\/SIDA<\/li><\/ul><p>Ofrecemos tratamiento para la clamidia. Para otros resultados positivos de las pruebas, proporcionamos la documentaci\u00f3n necesaria y una derivaci\u00f3n para una evaluaci\u00f3n y tratamiento posteriores.<\/p><p>Las pruebas y el tratamiento de las ITS requieren cita previa. Llame al 970-239-2272 para concertar una cita.<\/p><h2>Asesoramiento para hombres<\/h2><p>Alpha Center proporciona consejeros licenciados para sesiones de asesoramiento gratuitas. Puede recibir hasta seis sesiones gratuitas para tratar temas importantes de su vida o para asesoramiento de parejas. Llame al 970-239-2272 para concertar una cita.<\/p><h2>Ayuda para la crianza de los hijos<\/h2><p>Si usted y su pareja deciden ser padres, ofrecemos diversos recursos para ambos. Para los hombres, ofrecemos recursos que les ayudar\u00e1n a afrontar los retos de la paternidad.<\/p><p>Puede recibir instrucciones para lo siguiente:<\/p><ul><li>Tutor\u00eda para futuros padres<\/li><li>Asesoramiento profesional sobre relaciones<\/li><li>Paternidad eficaz<\/li><li>Recursos comunitarios<\/li><\/ul><p>Llame al 970.221.5121 ext. 302 para obtener m\u00e1s informaci\u00f3n sobre recursos para padres.<\/p>\t\t\t\t\t\t\t\t<\/div>\n\t\t\t\t<\/div>\n\t\t\t\t\t<\/div>\n\t\t\t\t<\/div>\n\t\t\t\t<\/div>\n\t\t","protected":false},"excerpt":{"rendered":"<p>\u00bfTiene Alpha Center servicios para hombres? En Alpha Center atendemos tanto a mujeres como a hombres de Fort Collins y alrededores. A los hombres les afectan muchos de los mismos problemas que a las mujeres. Tanto si se trata de determinar el resultado de un embarazo no planificado, como de pruebas y tratamiento de ETS<\/p>\n","protected":false},"author":1,"featured_media":2862,"parent":0,"menu_order":0,"comment_status":"closed","ping_status":"closed","template":"","meta":{"_acf_changed":false,"footnotes":""},"class_list":["post-2888","page","type-page","status-publish","has-post-thumbnail","hentry"],"acf":[],"yoast_head":"<!-- This site is optimized with the Yoast SEO Premium plugin v27.0 (Yoast SEO v27.4) - https:\/\/yoast.com\/product\/yoast-seo-premium-wordpress\/ -->\n<title>Para hombres - Alpha Center<\/title>\n<meta name=\"robots\" content=\"index, follow, max-snippet:-1, max-image-preview:large, max-video-preview:-1\" \/>\n<link rel=\"canonical\" href=\"https:\/\/thealphacenter.org\/es\/para-hombres\/\" \/>\n<meta property=\"og:locale\" content=\"es_ES\" \/>\n<meta property=\"og:type\" content=\"article\" \/>\n<meta property=\"og:title\" content=\"Para hombres\" \/>\n<meta property=\"og:description\" content=\"\u00bfTiene Alpha Center servicios para hombres? En Alpha Center atendemos tanto a mujeres como a hombres de Fort Collins y alrededores. A los hombres les afectan muchos de los mismos problemas que a las mujeres. Tanto si se trata de determinar el resultado de un embarazo no planificado, como de pruebas y tratamiento de ETS\" \/>\n<meta property=\"og:url\" content=\"https:\/\/thealphacenter.org\/es\/para-hombres\/\" \/>\n<meta property=\"og:site_name\" content=\"Alpha Center\" \/>\n<meta property=\"article:publisher\" content=\"https:\/\/www.facebook.com\/thealphacenter\" \/>\n<meta property=\"article:modified_time\" content=\"2025-06-23T17:11:37+00:00\" \/>\n<meta property=\"og:image\" content=\"https:\/\/thealphacenter.org\/wp-content\/uploads\/2020\/04\/shutterstock_2310890719.jpg\" \/>\n\t<meta property=\"og:image:width\" content=\"1920\" \/>\n\t<meta property=\"og:image:height\" content=\"724\" \/>\n\t<meta property=\"og:image:type\" content=\"image\/jpeg\" \/>\n<meta name=\"twitter:card\" content=\"summary_large_image\" \/>\n<meta name=\"twitter:label1\" content=\"Est. reading time\" \/>\n\t<meta name=\"twitter:data1\" content=\"2 minutes\" \/>\n<!-- \/ Yoast SEO Premium plugin. -->","yoast_head_json":{"title":"Para hombres - Alpha Center","robots":{"index":"index","follow":"follow","max-snippet":"max-snippet:-1","max-image-preview":"max-image-preview:large","max-video-preview":"max-video-preview:-1"},"canonical":"https:\/\/thealphacenter.org\/es\/para-hombres\/","og_locale":"es_ES","og_type":"article","og_title":"Para hombres","og_description":"\u00bfTiene Alpha Center servicios para hombres? En Alpha Center atendemos tanto a mujeres como a hombres de Fort Collins y alrededores. A los hombres les afectan muchos de los mismos problemas que a las mujeres. Tanto si se trata de determinar el resultado de un embarazo no planificado, como de pruebas y tratamiento de ETS","og_url":"https:\/\/thealphacenter.org\/es\/para-hombres\/","og_site_name":"Alpha Center","article_publisher":"https:\/\/www.facebook.com\/thealphacenter","article_modified_time":"2025-06-23T17:11:37+00:00","og_image":[{"width":1920,"height":724,"url":"https:\/\/thealphacenter.org\/wp-content\/uploads\/2020\/04\/shutterstock_2310890719.jpg","type":"image\/jpeg"}],"twitter_card":"summary_large_image","twitter_misc":{"Est. reading time":"2 minutes"},"schema":{"@context":"https:\/\/schema.org","@graph":[{"@type":"WebPage","@id":"https:\/\/thealphacenter.org\/es\/para-hombres\/","url":"https:\/\/thealphacenter.org\/es\/para-hombres\/","name":"Para hombres - Alpha Center","isPartOf":{"@id":"https:\/\/thealphacenter.org\/es\/#website"},"primaryImageOfPage":{"@id":"https:\/\/thealphacenter.org\/es\/para-hombres\/#primaryimage"},"image":{"@id":"https:\/\/thealphacenter.org\/es\/para-hombres\/#primaryimage"},"thumbnailUrl":"https:\/\/thealphacenter.org\/wp-content\/uploads\/2020\/04\/shutterstock_2310890719.jpg","datePublished":"2020-02-17T20:18:25+00:00","dateModified":"2025-06-23T17:11:37+00:00","breadcrumb":{"@id":"https:\/\/thealphacenter.org\/es\/para-hombres\/#breadcrumb"},"inLanguage":"es-ES","potentialAction":[{"@type":"ReadAction","target":["https:\/\/thealphacenter.org\/es\/para-hombres\/"]}]},{"@type":"ImageObject","inLanguage":"es-ES","@id":"https:\/\/thealphacenter.org\/es\/para-hombres\/#primaryimage","url":"https:\/\/thealphacenter.org\/wp-content\/uploads\/2020\/04\/shutterstock_2310890719.jpg","contentUrl":"https:\/\/thealphacenter.org\/wp-content\/uploads\/2020\/04\/shutterstock_2310890719.jpg","width":1920,"height":724},{"@type":"BreadcrumbList","@id":"https:\/\/thealphacenter.org\/es\/para-hombres\/#breadcrumb","itemListElement":[{"@type":"ListItem","position":1,"name":"Home","item":"https:\/\/thealphacenter.org\/es\/"},{"@type":"ListItem","position":2,"name":"Para hombres"}]},{"@type":"WebSite","@id":"https:\/\/thealphacenter.org\/es\/#website","url":"https:\/\/thealphacenter.org\/es\/","name":"Alpha Center","description":"","publisher":{"@id":"https:\/\/thealphacenter.org\/es\/#organization"},"potentialAction":[{"@type":"SearchAction","target":{"@type":"EntryPoint","urlTemplate":"https:\/\/thealphacenter.org\/es\/?s={search_term_string}"},"query-input":{"@type":"PropertyValueSpecification","valueRequired":true,"valueName":"search_term_string"}}],"inLanguage":"es-ES"},{"@type":"Organization","@id":"https:\/\/thealphacenter.org\/es\/#organization","name":"Alpha Center","url":"https:\/\/thealphacenter.org\/es\/","logo":{"@type":"ImageObject","inLanguage":"es-ES","@id":"https:\/\/thealphacenter.org\/es\/#\/schema\/logo\/image\/","url":"https:\/\/thealphacenter.org\/wp-content\/uploads\/2025\/03\/horizontal-logo-2022.png","contentUrl":"https:\/\/thealphacenter.org\/wp-content\/uploads\/2025\/03\/horizontal-logo-2022.png","width":700,"height":150,"caption":"Alpha Center"},"image":{"@id":"https:\/\/thealphacenter.org\/es\/#\/schema\/logo\/image\/"},"sameAs":["https:\/\/www.facebook.com\/thealphacenter","https:\/\/www.instagram.com\/thealphacentercolorado"]}]}},"_links":{"self":[{"href":"https:\/\/thealphacenter.org\/es\/wp-json\/wp\/v2\/pages\/2888","targetHints":{"allow":["GET"]}}],"collection":[{"href":"https:\/\/thealphacenter.org\/es\/wp-json\/wp\/v2\/pages"}],"about":[{"href":"https:\/\/thealphacenter.org\/es\/wp-json\/wp\/v2\/types\/page"}],"author":[{"embeddable":true,"href":"https:\/\/thealphacenter.org\/es\/wp-json\/wp\/v2\/users\/1"}],"replies":[{"embeddable":true,"href":"https:\/\/thealphacenter.org\/es\/wp-json\/wp\/v2\/comments?post=2888"}],"version-history":[{"count":2,"href":"https:\/\/thealphacenter.org\/es\/wp-json\/wp\/v2\/pages\/2888\/revisions"}],"predecessor-version":[{"id":4202,"href":"https:\/\/thealphacenter.org\/es\/wp-json\/wp\/v2\/pages\/2888\/revisions\/4202"}],"wp:featuredmedia":[{"embeddable":true,"href":"https:\/\/thealphacenter.org\/es\/wp-json\/wp\/v2\/media\/2862"}],"wp:attachment":[{"href":"https:\/\/thealphacenter.org\/es\/wp-json\/wp\/v2\/media?parent=2888"}],"curies":[{"name":"wp","href":"https:\/\/api.w.org\/{rel}","templated":true}]}}