{"id":2884,"date":"2020-02-17T13:18:08","date_gmt":"2020-02-17T20:18:08","guid":{"rendered":"https:\/\/thealphacenter.org\/preguntas-frecuentes\/"},"modified":"2025-07-22T11:51:26","modified_gmt":"2025-07-22T17:51:26","slug":"preguntas-frecuentes","status":"publish","type":"page","link":"https:\/\/thealphacenter.org\/es\/preguntas-frecuentes\/","title":{"rendered":"PREGUNTAS FRECUENTES"},"content":{"rendered":"\t\t<div data-elementor-type=\"wp-page\" data-elementor-id=\"2884\" class=\"elementor elementor-2884 elementor-15\" data-elementor-post-type=\"page\">\n\t\t\t\t<div class=\"elementor-element elementor-element-60dd844b e-flex e-con-boxed e-con e-parent\" data-id=\"60dd844b\" data-element_type=\"container\" data-e-type=\"container\">\n\t\t\t\t\t<div class=\"e-con-inner\">\n\t\t\t\t<div class=\"elementor-element elementor-element-20999c96 elementor-widget elementor-widget-text-editor\" data-id=\"20999c96\" data-element_type=\"widget\" data-e-type=\"widget\" data-widget_type=\"text-editor.default\">\n\t\t\t\t<div class=\"elementor-widget-container\">\n\t\t\t\t\t\t\t\t\t<h2>\u00bfC\u00f3mo s\u00e9 si estoy embarazada?<\/h2><p>Hay <a href=\"https:\/\/thealphacenter.org\/es\/sintomas-y-pruebas-del-embarazo\/\" data-wpel-link=\"internal\">varios s\u00edntomas tempranos de embarazo<\/a>, como los siguientes:<\/p><ul><li>Un per\u00edodo tard\u00edo<\/li><li>Senos sensibles e hinchados<\/li><li>Aumento de la micci\u00f3n<\/li><li>Fatiga<\/li><li>N\u00e1useas, con o sin v\u00f3mitos<\/li><\/ul><p>Algunas mujeres experimentan todos estos s\u00edntomas inmediatamente. Otras mujeres no experimentan ninguna hasta semanas o meses despu\u00e9s. Tu experiencia es tan \u00fanica como t\u00fa.  <\/p><p>Empieza por realizar nuestro <a href=\"https:\/\/thealphacenter.org\/es\/cuestionario-sobre-los-sintomas-del-embarazo\/\" target=\"_blank\" rel=\"noopener\" data-wpel-link=\"internal\">Cuestionario de s\u00edntomas del embarazo<\/a>. Si crees que est\u00e1s embarazada, hazte una prueba de embarazo. Ofrecemos <a href=\"https:\/\/thealphacenter.org\/es\/servicios-para-embarazadas\/pruebas-de-embarazo\/\" data-wpel-link=\"internal\">pruebas gratuitas<\/a>. En la mayor\u00eda de los casos, nuestras enfermeras pueden confirmar el resultado de la prueba con una ecograf\u00eda.  <\/p><h2>\u00bfCu\u00e1ndo debo hacerme una ecograf\u00eda?<\/h2><p>Una <a href=\"https:\/\/thealphacenter.org\/es\/servicios-para-embarazadas\/ecografia\/\" data-wpel-link=\"internal\">ecograf\u00eda <\/a>es esencial para confirmar tu embarazo. Despu\u00e9s de reunirse con una de nuestras enfermeras y hacerse una prueba de embarazo de calidad de laboratorio, evaluaremos si re\u00fane los requisitos para una ecograf\u00eda. Una ecograf\u00eda determina si tu embarazo est\u00e1 creciendo con un latido detectable, su localizaci\u00f3n y cu\u00e1nto tiempo llevas de gestaci\u00f3n.  <\/p><h2>\u00bfCu\u00e1les son los signos de una infecci\u00f3n de transmisi\u00f3n sexual (ITS)?<\/h2><p>Muchas <a href=\"https:\/\/thealphacenter.org\/es\/pruebas-de-ets\/\" data-wpel-link=\"internal\">ITS<\/a> son asintom\u00e1ticas, lo que significa que no presentan signos ni s\u00edntomas. Como resultado, la gente pospone hacerse las pruebas. Los siguientes son algunos signos que puedes notar si tienes una ITS:<\/p><ul><li>Dolor al orinar<\/li><li>Secreci\u00f3n vaginal o del pene<\/li><li>Picor o irritaci\u00f3n<\/li><li>Dolor durante las relaciones sexuales<\/li><\/ul><p>Es esencial someterse a pruebas con regularidad. Alpha Center ofrece pruebas y tratamiento gratuitos hasta dos veces al a\u00f1o. Solicita una cita chateando con nuestros programadores en l\u00ednea, rellenando un <a href=\"https:\/\/thealphacenter.org\/es\/pongase-en-contacto-con-nosotros\/\" data-wpel-link=\"internal\">formulario de solicitud<\/a> o llamando al 970.239.2272.<\/p><h2>\u00bfQu\u00e9 es un cribado preaborto?<\/h2><p>Una prueba de embarazo positiva es s\u00f3lo un indicio de un posible embarazo. Necesita m\u00e1s informaci\u00f3n. Nuestras citas de <a href=\"https:\/\/thealphacenter.org\/es\/servicios-para-embarazadas\/deteccion-preaborto\/\" data-wpel-link=\"internal\">detecci\u00f3n previa al<\/a> aborto ofrecen pruebas de embarazo gratuitas, una ecograf\u00eda si procede, y pruebas de ITS para garantizar tu salud y bienestar sea cual sea tu elecci\u00f3n de embarazo.<\/p><h2>Acerca del Centro Alfa:<\/h2><h3>\u00bfCu\u00e1l es la norma de atenci\u00f3n de Alpha Center?<\/h3><p>Alpha Center ofrece servicios m\u00e9dicos bajo la direcci\u00f3n y supervisi\u00f3n de un m\u00e9dico ginec\u00f3logo-obstetra local con m\u00e1s de 30 a\u00f1os de experiencia.Todos los profesionales m\u00e9dicos de la cl\u00ednica son enfermeras tituladas y realizan ecograf\u00edas de dataci\u00f3n gestacional con formaci\u00f3n adicional.  <\/p><h3>\u00bfProporciona Alpha Center abortos?<\/h3><p>Alpha Center no proporciona ni remite a abortos, ni se necesitan remisiones para obtener un aborto. Por ello, <strong>Alpha Center no tiene ning\u00fan inter\u00e9s econ\u00f3mico en tu decisi\u00f3n sobre el embarazo<\/strong>. Proporcionamos informaci\u00f3n precisa sobre todos los procedimientos de aborto, los efectos secundarios esperados y los riesgos potenciales, porque creemos que todas las mujeres merecen un consentimiento informado.<\/p><h3>\u00bfAcepta Alpha Center seguros?<\/h3><p>Todo lo que ofrece Alpha Center es totalmente gratuito, por lo que no se necesita seguro ni se factura a tu seguro. Necesitaremos ver su DNI en su primera cita para verificar su identidad.<\/p><h3>\u00bfTengo que ser cristiano para ser paciente?<\/h3><p>En absoluto. En 2024, el 62% de nuestras pacientes con ITS y el 22% de nuestras pacientes embarazadas declararon no tener creencias espirituales. <\/p><p>La fe cristiana de Alpha Center significa que valoramos a cada persona que vemos, independientemente de su fe o circunstancias, porque creemos <strong>que t\u00fa importas<\/strong>. Creemos que tu espiritualidad desempe\u00f1a un papel en tu salud general, por lo que, aunque te preguntaremos sobre el papel que desempe\u00f1an tus creencias en tu vida, no tienes por qu\u00e9 compartirlo si no es algo con lo que te sientas c\u00f3modo. <\/p><h3 class=\"gmail_default\">P: \u00bfAtiende Alpha Center a pacientes transexuales?<\/h3><div class=\"gmail_default\">Absolutamente. Alpha Center ofrece sus servicios a quien los necesite. Es importante tener en cuenta que tu anatom\u00eda actual determinar\u00e1 el tipo de prueba que se realice (muestra de orina o autoexploraci\u00f3n vaginal), por lo que nuestra enfermera te preguntar\u00e1 para determinar cu\u00e1l es necesaria en tu caso.    <\/div><div> <\/div><h3>\u00bfComparte Alpha Center mi informaci\u00f3n con terceros?<\/h3><p>No. Como cl\u00ednica sanitaria, cumplimos las leyes estatales en materia de informaci\u00f3n y confidencialidad y no compartimos tus datos personales con terceros. Los resultados de las pruebas pueden enviarse a la consulta de tu m\u00e9dico si lo solicitas y con una Autorizaci\u00f3n para divulgar informaci\u00f3n firmada. <\/p><p>Lee nuestra <a href=\"https:\/\/thealphacenter.org\/es\/inicio\/divulgacion-de-las-practicas-de-privacidad-de-alpha-center\/\" data-wpel-link=\"internal\">pol\u00edtica de privacidad<\/a> aqu\u00ed.<\/p><h3>\u00bfRecibe el Centro Alfa financiaci\u00f3n gubernamental?<\/h3><p>No. El Centro Alfa se financia a trav\u00e9s de donantes privados, as\u00ed como de empresas e iglesias locales.<\/p>\t\t\t\t\t\t\t\t<\/div>\n\t\t\t\t<\/div>\n\t\t\t\t\t<\/div>\n\t\t\t\t<\/div>\n\t\t\t\t<\/div>\n\t\t","protected":false},"excerpt":{"rendered":"<p>\u00bfC\u00f3mo s\u00e9 si estoy embarazada? Hay varios s\u00edntomas tempranos de embarazo, como los siguientes: Un per\u00edodo tard\u00edo Senos sensibles e hinchados Aumento de la micci\u00f3n Fatiga N\u00e1useas, con o sin v\u00f3mitos Algunas mujeres experimentan todos estos s\u00edntomas inmediatamente. Otras mujeres no experimentan ninguna hasta semanas o meses despu\u00e9s. Tu experiencia es tan \u00fanica como t\u00fa.<\/p>\n","protected":false},"author":1,"featured_media":0,"parent":0,"menu_order":0,"comment_status":"closed","ping_status":"closed","template":"","meta":{"_acf_changed":false,"footnotes":""},"class_list":["post-2884","page","type-page","status-publish","hentry"],"acf":[],"yoast_head":"<!-- This site is optimized with the Yoast SEO Premium plugin v27.0 (Yoast SEO v27.4) - https:\/\/yoast.com\/product\/yoast-seo-premium-wordpress\/ -->\n<title>PREGUNTAS FRECUENTES - Alpha Center<\/title>\n<meta name=\"robots\" content=\"index, follow, max-snippet:-1, max-image-preview:large, max-video-preview:-1\" \/>\n<link rel=\"canonical\" href=\"https:\/\/thealphacenter.org\/es\/preguntas-frecuentes\/\" \/>\n<meta property=\"og:locale\" content=\"es_ES\" \/>\n<meta property=\"og:type\" content=\"article\" \/>\n<meta property=\"og:title\" content=\"PREGUNTAS FRECUENTES\" \/>\n<meta property=\"og:description\" content=\"\u00bfC\u00f3mo s\u00e9 si estoy embarazada? Hay varios s\u00edntomas tempranos de embarazo, como los siguientes: Un per\u00edodo tard\u00edo Senos sensibles e hinchados Aumento de la micci\u00f3n Fatiga N\u00e1useas, con o sin v\u00f3mitos Algunas mujeres experimentan todos estos s\u00edntomas inmediatamente. Otras mujeres no experimentan ninguna hasta semanas o meses despu\u00e9s. Tu experiencia es tan \u00fanica como t\u00fa.\" \/>\n<meta property=\"og:url\" content=\"https:\/\/thealphacenter.org\/es\/preguntas-frecuentes\/\" \/>\n<meta property=\"og:site_name\" content=\"Alpha Center\" \/>\n<meta property=\"article:publisher\" content=\"https:\/\/www.facebook.com\/thealphacenter\" \/>\n<meta property=\"article:modified_time\" content=\"2025-07-22T17:51:26+00:00\" \/>\n<meta name=\"twitter:card\" content=\"summary_large_image\" \/>\n<meta name=\"twitter:label1\" content=\"Est. reading time\" \/>\n\t<meta name=\"twitter:data1\" content=\"2 minutes\" \/>\n<!-- \/ Yoast SEO Premium plugin. -->","yoast_head_json":{"title":"PREGUNTAS FRECUENTES - Alpha Center","robots":{"index":"index","follow":"follow","max-snippet":"max-snippet:-1","max-image-preview":"max-image-preview:large","max-video-preview":"max-video-preview:-1"},"canonical":"https:\/\/thealphacenter.org\/es\/preguntas-frecuentes\/","og_locale":"es_ES","og_type":"article","og_title":"PREGUNTAS FRECUENTES","og_description":"\u00bfC\u00f3mo s\u00e9 si estoy embarazada? Hay varios s\u00edntomas tempranos de embarazo, como los siguientes: Un per\u00edodo tard\u00edo Senos sensibles e hinchados Aumento de la micci\u00f3n Fatiga N\u00e1useas, con o sin v\u00f3mitos Algunas mujeres experimentan todos estos s\u00edntomas inmediatamente. Otras mujeres no experimentan ninguna hasta semanas o meses despu\u00e9s. Tu experiencia es tan \u00fanica como t\u00fa.","og_url":"https:\/\/thealphacenter.org\/es\/preguntas-frecuentes\/","og_site_name":"Alpha Center","article_publisher":"https:\/\/www.facebook.com\/thealphacenter","article_modified_time":"2025-07-22T17:51:26+00:00","twitter_card":"summary_large_image","twitter_misc":{"Est. reading time":"2 minutes"},"schema":{"@context":"https:\/\/schema.org","@graph":[{"@type":"WebPage","@id":"https:\/\/thealphacenter.org\/es\/preguntas-frecuentes\/","url":"https:\/\/thealphacenter.org\/es\/preguntas-frecuentes\/","name":"PREGUNTAS FRECUENTES - Alpha Center","isPartOf":{"@id":"https:\/\/thealphacenter.org\/es\/#website"},"datePublished":"2020-02-17T20:18:08+00:00","dateModified":"2025-07-22T17:51:26+00:00","breadcrumb":{"@id":"https:\/\/thealphacenter.org\/es\/preguntas-frecuentes\/#breadcrumb"},"inLanguage":"es-ES","potentialAction":[{"@type":"ReadAction","target":["https:\/\/thealphacenter.org\/es\/preguntas-frecuentes\/"]}]},{"@type":"BreadcrumbList","@id":"https:\/\/thealphacenter.org\/es\/preguntas-frecuentes\/#breadcrumb","itemListElement":[{"@type":"ListItem","position":1,"name":"Home","item":"https:\/\/thealphacenter.org\/es\/"},{"@type":"ListItem","position":2,"name":"PREGUNTAS FRECUENTES"}]},{"@type":"WebSite","@id":"https:\/\/thealphacenter.org\/es\/#website","url":"https:\/\/thealphacenter.org\/es\/","name":"Alpha Center","description":"","publisher":{"@id":"https:\/\/thealphacenter.org\/es\/#organization"},"potentialAction":[{"@type":"SearchAction","target":{"@type":"EntryPoint","urlTemplate":"https:\/\/thealphacenter.org\/es\/?s={search_term_string}"},"query-input":{"@type":"PropertyValueSpecification","valueRequired":true,"valueName":"search_term_string"}}],"inLanguage":"es-ES"},{"@type":"Organization","@id":"https:\/\/thealphacenter.org\/es\/#organization","name":"Alpha Center","url":"https:\/\/thealphacenter.org\/es\/","logo":{"@type":"ImageObject","inLanguage":"es-ES","@id":"https:\/\/thealphacenter.org\/es\/#\/schema\/logo\/image\/","url":"https:\/\/thealphacenter.org\/wp-content\/uploads\/2025\/03\/horizontal-logo-2022.png","contentUrl":"https:\/\/thealphacenter.org\/wp-content\/uploads\/2025\/03\/horizontal-logo-2022.png","width":700,"height":150,"caption":"Alpha Center"},"image":{"@id":"https:\/\/thealphacenter.org\/es\/#\/schema\/logo\/image\/"},"sameAs":["https:\/\/www.facebook.com\/thealphacenter","https:\/\/www.instagram.com\/thealphacentercolorado"]}]}},"_links":{"self":[{"href":"https:\/\/thealphacenter.org\/es\/wp-json\/wp\/v2\/pages\/2884","targetHints":{"allow":["GET"]}}],"collection":[{"href":"https:\/\/thealphacenter.org\/es\/wp-json\/wp\/v2\/pages"}],"about":[{"href":"https:\/\/thealphacenter.org\/es\/wp-json\/wp\/v2\/types\/page"}],"author":[{"embeddable":true,"href":"https:\/\/thealphacenter.org\/es\/wp-json\/wp\/v2\/users\/1"}],"replies":[{"embeddable":true,"href":"https:\/\/thealphacenter.org\/es\/wp-json\/wp\/v2\/comments?post=2884"}],"version-history":[{"count":7,"href":"https:\/\/thealphacenter.org\/es\/wp-json\/wp\/v2\/pages\/2884\/revisions"}],"predecessor-version":[{"id":4291,"href":"https:\/\/thealphacenter.org\/es\/wp-json\/wp\/v2\/pages\/2884\/revisions\/4291"}],"wp:attachment":[{"href":"https:\/\/thealphacenter.org\/es\/wp-json\/wp\/v2\/media?parent=2884"}],"curies":[{"name":"wp","href":"https:\/\/api.w.org\/{rel}","templated":true}]}}