{"id":2883,"date":"2020-02-17T13:17:59","date_gmt":"2020-02-17T20:17:59","guid":{"rendered":"https:\/\/thealphacenter.org\/opciones\/"},"modified":"2025-01-07T16:42:14","modified_gmt":"2025-01-07T23:42:14","slug":"opciones","status":"publish","type":"page","link":"https:\/\/thealphacenter.org\/es\/opciones\/","title":{"rendered":"Opciones"},"content":{"rendered":"\t\t<div data-elementor-type=\"wp-page\" data-elementor-id=\"2883\" class=\"elementor elementor-2883 elementor-14\" data-elementor-post-type=\"page\">\n\t\t\t\t<div class=\"elementor-element elementor-element-f03f650 e-flex e-con-boxed e-con e-parent\" data-id=\"f03f650\" data-element_type=\"container\" data-e-type=\"container\">\n\t\t\t\t\t<div class=\"e-con-inner\">\n\t\t\t\t<div class=\"elementor-element elementor-element-1b7a014 elementor-widget elementor-widget-text-editor\" data-id=\"1b7a014\" data-element_type=\"widget\" data-e-type=\"widget\" data-widget_type=\"text-editor.default\">\n\t\t\t\t<div class=\"elementor-widget-container\">\n\t\t\t\t\t\t\t\t\t<p>Cada embarazo conlleva la elecci\u00f3n entre tres opciones: aborto, adopci\u00f3n o paternidad. Explora la informaci\u00f3n sobre cada opci\u00f3n a continuaci\u00f3n, o solicita una cita para obtener m\u00e1s informaci\u00f3n en nuestra cl\u00ednica de Fort Collins. <\/p>\n\t\t\t\t\t\t\t\t<\/div>\n\t\t\t\t<\/div>\n\t\t\t\t\t<\/div>\n\t\t\t\t<\/div>\n\t\t\t\t<\/div>\n\t\t","protected":false},"excerpt":{"rendered":"<p>Cada embarazo conlleva la elecci\u00f3n entre tres opciones: aborto, adopci\u00f3n o paternidad. Explora la informaci\u00f3n sobre cada opci\u00f3n a continuaci\u00f3n, o solicita una cita para obtener m\u00e1s informaci\u00f3n en nuestra cl\u00ednica de Fort Collins.<\/p>\n","protected":false},"author":1,"featured_media":0,"parent":0,"menu_order":0,"comment_status":"closed","ping_status":"closed","template":"views\/template-parent.blade.php","meta":{"_acf_changed":false,"footnotes":""},"class_list":["post-2883","page","type-page","status-publish","hentry"],"acf":[],"yoast_head":"<!-- This site is optimized with the Yoast SEO Premium plugin v27.0 (Yoast SEO v27.3) - https:\/\/yoast.com\/product\/yoast-seo-premium-wordpress\/ -->\n<title>Opciones - Alpha Center<\/title>\n<meta name=\"robots\" content=\"index, follow, max-snippet:-1, max-image-preview:large, max-video-preview:-1\" \/>\n<link rel=\"canonical\" href=\"https:\/\/thealphacenter.org\/es\/opciones\/\" \/>\n<meta property=\"og:locale\" content=\"es_ES\" \/>\n<meta property=\"og:type\" content=\"article\" \/>\n<meta property=\"og:title\" content=\"Opciones\" \/>\n<meta property=\"og:description\" content=\"Cada embarazo conlleva la elecci\u00f3n entre tres opciones: aborto, adopci\u00f3n o paternidad. Explora la informaci\u00f3n sobre cada opci\u00f3n a continuaci\u00f3n, o solicita una cita para obtener m\u00e1s informaci\u00f3n en nuestra cl\u00ednica de Fort Collins.\" \/>\n<meta property=\"og:url\" content=\"https:\/\/thealphacenter.org\/es\/opciones\/\" \/>\n<meta property=\"og:site_name\" content=\"Alpha Center\" \/>\n<meta property=\"article:publisher\" content=\"https:\/\/www.facebook.com\/thealphacenter\" \/>\n<meta property=\"article:modified_time\" content=\"2025-01-07T23:42:14+00:00\" \/>\n<meta name=\"twitter:card\" content=\"summary_large_image\" \/>\n<!-- \/ Yoast SEO Premium plugin. -->","yoast_head_json":{"title":"Opciones - Alpha Center","robots":{"index":"index","follow":"follow","max-snippet":"max-snippet:-1","max-image-preview":"max-image-preview:large","max-video-preview":"max-video-preview:-1"},"canonical":"https:\/\/thealphacenter.org\/es\/opciones\/","og_locale":"es_ES","og_type":"article","og_title":"Opciones","og_description":"Cada embarazo conlleva la elecci\u00f3n entre tres opciones: aborto, adopci\u00f3n o paternidad. Explora la informaci\u00f3n sobre cada opci\u00f3n a continuaci\u00f3n, o solicita una cita para obtener m\u00e1s informaci\u00f3n en nuestra cl\u00ednica de Fort Collins.","og_url":"https:\/\/thealphacenter.org\/es\/opciones\/","og_site_name":"Alpha Center","article_publisher":"https:\/\/www.facebook.com\/thealphacenter","article_modified_time":"2025-01-07T23:42:14+00:00","twitter_card":"summary_large_image","schema":{"@context":"https:\/\/schema.org","@graph":[{"@type":"WebPage","@id":"https:\/\/thealphacenter.org\/es\/opciones\/","url":"https:\/\/thealphacenter.org\/es\/opciones\/","name":"Opciones - Alpha Center","isPartOf":{"@id":"https:\/\/thealphacenter.org\/es\/#website"},"datePublished":"2020-02-17T20:17:59+00:00","dateModified":"2025-01-07T23:42:14+00:00","breadcrumb":{"@id":"https:\/\/thealphacenter.org\/es\/opciones\/#breadcrumb"},"inLanguage":"es-ES","potentialAction":[{"@type":"ReadAction","target":["https:\/\/thealphacenter.org\/es\/opciones\/"]}]},{"@type":"BreadcrumbList","@id":"https:\/\/thealphacenter.org\/es\/opciones\/#breadcrumb","itemListElement":[{"@type":"ListItem","position":1,"name":"Home","item":"https:\/\/thealphacenter.org\/es\/"},{"@type":"ListItem","position":2,"name":"Opciones"}]},{"@type":"WebSite","@id":"https:\/\/thealphacenter.org\/es\/#website","url":"https:\/\/thealphacenter.org\/es\/","name":"Alpha Center","description":"","publisher":{"@id":"https:\/\/thealphacenter.org\/es\/#organization"},"potentialAction":[{"@type":"SearchAction","target":{"@type":"EntryPoint","urlTemplate":"https:\/\/thealphacenter.org\/es\/?s={search_term_string}"},"query-input":{"@type":"PropertyValueSpecification","valueRequired":true,"valueName":"search_term_string"}}],"inLanguage":"es-ES"},{"@type":"Organization","@id":"https:\/\/thealphacenter.org\/es\/#organization","name":"Alpha Center","url":"https:\/\/thealphacenter.org\/es\/","logo":{"@type":"ImageObject","inLanguage":"es-ES","@id":"https:\/\/thealphacenter.org\/es\/#\/schema\/logo\/image\/","url":"https:\/\/thealphacenter.org\/wp-content\/uploads\/2025\/03\/horizontal-logo-2022.png","contentUrl":"https:\/\/thealphacenter.org\/wp-content\/uploads\/2025\/03\/horizontal-logo-2022.png","width":700,"height":150,"caption":"Alpha Center"},"image":{"@id":"https:\/\/thealphacenter.org\/es\/#\/schema\/logo\/image\/"},"sameAs":["https:\/\/www.facebook.com\/thealphacenter","https:\/\/www.instagram.com\/thealphacentercolorado"]}]}},"_links":{"self":[{"href":"https:\/\/thealphacenter.org\/es\/wp-json\/wp\/v2\/pages\/2883","targetHints":{"allow":["GET"]}}],"collection":[{"href":"https:\/\/thealphacenter.org\/es\/wp-json\/wp\/v2\/pages"}],"about":[{"href":"https:\/\/thealphacenter.org\/es\/wp-json\/wp\/v2\/types\/page"}],"author":[{"embeddable":true,"href":"https:\/\/thealphacenter.org\/es\/wp-json\/wp\/v2\/users\/1"}],"replies":[{"embeddable":true,"href":"https:\/\/thealphacenter.org\/es\/wp-json\/wp\/v2\/comments?post=2883"}],"version-history":[{"count":2,"href":"https:\/\/thealphacenter.org\/es\/wp-json\/wp\/v2\/pages\/2883\/revisions"}],"predecessor-version":[{"id":3798,"href":"https:\/\/thealphacenter.org\/es\/wp-json\/wp\/v2\/pages\/2883\/revisions\/3798"}],"wp:attachment":[{"href":"https:\/\/thealphacenter.org\/es\/wp-json\/wp\/v2\/media?parent=2883"}],"curies":[{"name":"wp","href":"https:\/\/api.w.org\/{rel}","templated":true}]}}